{"id":4402,"date":"2016-01-26T15:19:45","date_gmt":"2016-01-26T20:19:45","guid":{"rendered":"http:\/\/wp-master.eliappdrupal1.elisys-servers.ca\/fr\/?page_id=4402"},"modified":"2016-05-29T21:51:08","modified_gmt":"2016-05-30T01:51:08","slug":"nous-joindre","status":"publish","type":"page","link":"https:\/\/www.clsinfo.ca\/fr\/nous-joindre\/","title":{"rendered":"Nous joindre"},"content":{"rendered":"","protected":false},"excerpt":{"rendered":"<p>Contactez-nous pour une \u00e9valuation gratuite de nos sp\u00e9cialistes<\/p>\n","protected":false},"author":1,"featured_media":0,"parent":0,"menu_order":0,"comment_status":"closed","ping_status":"closed","template":"template-page-contact.php","meta":{"_acf_changed":false,"_custom_body_class":"is-contact","_custom_post_class":"","footnotes":""},"acf":[],"yoast_head":"<!-- This site is optimized with the Yoast SEO plugin v22.9 - https:\/\/yoast.com\/wordpress\/plugins\/seo\/ -->\n<title>Nous joindre - Contactez-nous pour une \u00e9valuation de nos sp\u00e9cialistes - CLS Info<\/title>\n<meta name=\"description\" content=\"Prenez contact avec notre \u00e9quipe afin d&#039;\u00e9valuer les possibilit\u00e9s qui s&#039;offrent \u00e0 vous. Avec notre aide, d\u00e9couvrez la meilleure solution pour vos besoins.\" \/>\n<meta name=\"robots\" content=\"index, follow, max-snippet:-1, max-image-preview:large, max-video-preview:-1\" \/>\n<meta property=\"og:locale\" content=\"fr_CA\" \/>\n<meta property=\"og:type\" content=\"article\" \/>\n<meta property=\"og:title\" content=\"Nous joindre - Contactez-nous pour une \u00e9valuation de nos sp\u00e9cialistes - CLS Info\" \/>\n<meta property=\"og:description\" content=\"Prenez contact avec notre \u00e9quipe afin d&#039;\u00e9valuer les possibilit\u00e9s qui s&#039;offrent \u00e0 vous. Avec notre aide, d\u00e9couvrez la meilleure solution pour vos besoins.\" \/>\n<meta property=\"og:url\" content=\"https:\/\/www.clsinfo.ca\/fr\/nous-joindre\/\" \/>\n<meta property=\"og:site_name\" content=\"CLS Info\" \/>\n<meta property=\"article:modified_time\" content=\"2016-05-30T01:51:08+00:00\" \/>\n<meta name=\"twitter:card\" content=\"summary_large_image\" \/>\n<script type=\"application\/ld+json\" class=\"yoast-schema-graph\">{\"@context\":\"https:\/\/schema.org\",\"@graph\":[{\"@type\":\"WebPage\",\"@id\":\"https:\/\/www.clsinfo.ca\/fr\/nous-joindre\/\",\"url\":\"https:\/\/www.clsinfo.ca\/fr\/nous-joindre\/\",\"name\":\"Nous joindre - Contactez-nous pour une \u00e9valuation de nos sp\u00e9cialistes - CLS Info\",\"isPartOf\":{\"@id\":\"https:\/\/www.clsinfo.ca\/fr\/#website\"},\"datePublished\":\"2016-01-26T20:19:45+00:00\",\"dateModified\":\"2016-05-30T01:51:08+00:00\",\"description\":\"Prenez contact avec notre \u00e9quipe afin d'\u00e9valuer les possibilit\u00e9s qui s'offrent \u00e0 vous. Avec notre aide, d\u00e9couvrez la meilleure solution pour vos besoins.\",\"breadcrumb\":{\"@id\":\"https:\/\/www.clsinfo.ca\/fr\/nous-joindre\/#breadcrumb\"},\"inLanguage\":\"fr-FR\",\"potentialAction\":[{\"@type\":\"ReadAction\",\"target\":[\"https:\/\/www.clsinfo.ca\/fr\/nous-joindre\/\"]}]},{\"@type\":\"BreadcrumbList\",\"@id\":\"https:\/\/www.clsinfo.ca\/fr\/nous-joindre\/#breadcrumb\",\"itemListElement\":[{\"@type\":\"ListItem\",\"position\":1,\"name\":\"Accueil\",\"item\":\"https:\/\/www.clsinfo.ca\/fr\/\"},{\"@type\":\"ListItem\",\"position\":2,\"name\":\"Nous joindre\"}]},{\"@type\":\"WebSite\",\"@id\":\"https:\/\/www.clsinfo.ca\/fr\/#website\",\"url\":\"https:\/\/www.clsinfo.ca\/fr\/\",\"name\":\"CLS Info\",\"description\":\"\",\"potentialAction\":[{\"@type\":\"SearchAction\",\"target\":{\"@type\":\"EntryPoint\",\"urlTemplate\":\"https:\/\/www.clsinfo.ca\/fr\/?s={search_term_string}\"},\"query-input\":\"required name=search_term_string\"}],\"inLanguage\":\"fr-FR\"}]}<\/script>\n<!-- \/ Yoast SEO plugin. -->","yoast_head_json":{"title":"Nous joindre - Contactez-nous pour une \u00e9valuation de nos sp\u00e9cialistes - CLS Info","description":"Prenez contact avec notre \u00e9quipe afin d'\u00e9valuer les possibilit\u00e9s qui s'offrent \u00e0 vous. Avec notre aide, d\u00e9couvrez la meilleure solution pour vos besoins.","robots":{"index":"index","follow":"follow","max-snippet":"max-snippet:-1","max-image-preview":"max-image-preview:large","max-video-preview":"max-video-preview:-1"},"og_locale":"fr_CA","og_type":"article","og_title":"Nous joindre - Contactez-nous pour une \u00e9valuation de nos sp\u00e9cialistes - CLS Info","og_description":"Prenez contact avec notre \u00e9quipe afin d'\u00e9valuer les possibilit\u00e9s qui s'offrent \u00e0 vous. Avec notre aide, d\u00e9couvrez la meilleure solution pour vos besoins.","og_url":"https:\/\/www.clsinfo.ca\/fr\/nous-joindre\/","og_site_name":"CLS Info","article_modified_time":"2016-05-30T01:51:08+00:00","twitter_card":"summary_large_image","schema":{"@context":"https:\/\/schema.org","@graph":[{"@type":"WebPage","@id":"https:\/\/www.clsinfo.ca\/fr\/nous-joindre\/","url":"https:\/\/www.clsinfo.ca\/fr\/nous-joindre\/","name":"Nous joindre - Contactez-nous pour une \u00e9valuation de nos sp\u00e9cialistes - CLS Info","isPartOf":{"@id":"https:\/\/www.clsinfo.ca\/fr\/#website"},"datePublished":"2016-01-26T20:19:45+00:00","dateModified":"2016-05-30T01:51:08+00:00","description":"Prenez contact avec notre \u00e9quipe afin d'\u00e9valuer les possibilit\u00e9s qui s'offrent \u00e0 vous. Avec notre aide, d\u00e9couvrez la meilleure solution pour vos besoins.","breadcrumb":{"@id":"https:\/\/www.clsinfo.ca\/fr\/nous-joindre\/#breadcrumb"},"inLanguage":"fr-FR","potentialAction":[{"@type":"ReadAction","target":["https:\/\/www.clsinfo.ca\/fr\/nous-joindre\/"]}]},{"@type":"BreadcrumbList","@id":"https:\/\/www.clsinfo.ca\/fr\/nous-joindre\/#breadcrumb","itemListElement":[{"@type":"ListItem","position":1,"name":"Accueil","item":"https:\/\/www.clsinfo.ca\/fr\/"},{"@type":"ListItem","position":2,"name":"Nous joindre"}]},{"@type":"WebSite","@id":"https:\/\/www.clsinfo.ca\/fr\/#website","url":"https:\/\/www.clsinfo.ca\/fr\/","name":"CLS Info","description":"","potentialAction":[{"@type":"SearchAction","target":{"@type":"EntryPoint","urlTemplate":"https:\/\/www.clsinfo.ca\/fr\/?s={search_term_string}"},"query-input":"required name=search_term_string"}],"inLanguage":"fr-FR"}]}},"_links":{"self":[{"href":"https:\/\/www.clsinfo.ca\/fr\/wp-json\/wp\/v2\/pages\/4402"}],"collection":[{"href":"https:\/\/www.clsinfo.ca\/fr\/wp-json\/wp\/v2\/pages"}],"about":[{"href":"https:\/\/www.clsinfo.ca\/fr\/wp-json\/wp\/v2\/types\/page"}],"author":[{"embeddable":true,"href":"https:\/\/www.clsinfo.ca\/fr\/wp-json\/wp\/v2\/users\/1"}],"replies":[{"embeddable":true,"href":"https:\/\/www.clsinfo.ca\/fr\/wp-json\/wp\/v2\/comments?post=4402"}],"version-history":[{"count":1,"href":"https:\/\/www.clsinfo.ca\/fr\/wp-json\/wp\/v2\/pages\/4402\/revisions"}],"predecessor-version":[{"id":4455,"href":"https:\/\/www.clsinfo.ca\/fr\/wp-json\/wp\/v2\/pages\/4402\/revisions\/4455"}],"wp:attachment":[{"href":"https:\/\/www.clsinfo.ca\/fr\/wp-json\/wp\/v2\/media?parent=4402"}],"curies":[{"name":"wp","href":"https:\/\/api.w.org\/{rel}","templated":true}]}}