{"id":4497,"date":"2016-05-11T11:55:41","date_gmt":"2016-05-11T15:55:41","guid":{"rendered":"http:\/\/wp-cls_info.eliappdrupal1.elisys-servers.ca\/fr\/?page_id=4497"},"modified":"2016-05-29T21:54:11","modified_gmt":"2016-05-30T01:54:11","slug":"logiciels-restaurants-bars-cafeterias-commerces-hotels","status":"publish","type":"page","link":"https:\/\/www.clsinfo.ca\/fr\/logiciels-restaurants-bars-cafeterias-commerces-hotels\/","title":{"rendered":"Secteurs"},"content":{"rendered":"<p>CLS Info est fier d&rsquo;offrir ses services \u00e0 des entreprises vari\u00e9es, quel que soit leur domaine d&rsquo;activit\u00e9. Parmi ces entreprises figurent des restaurants, des h\u00f4tels, des bars, des \u00e9tablissements institutionnels, des commerces de d\u00e9tail, des lieux d&rsquo;amusement, et des complexes sportifs et culturels. Nous comprenons que chaque environnement de travail comporte ses propres d\u00e9fis et que, pour proposer la meilleure solution, il est important d&rsquo;\u00e9valuer les besoins pr\u00e9cis de chaque client.<\/p>\n","protected":false},"excerpt":{"rendered":"<p>Logiciels pour restaurants, bars, caf\u00e9t\u00e9rias, commerces, h\u00f4tels, etc.<\/p>\n","protected":false},"author":1,"featured_media":0,"parent":0,"menu_order":0,"comment_status":"closed","ping_status":"closed","template":"template-listing-activity.php","meta":{"_acf_changed":false,"_custom_body_class":"is-secteurs","_custom_post_class":"","footnotes":""},"acf":[],"yoast_head":"<!-- This site is optimized with the Yoast SEO plugin v22.9 - https:\/\/yoast.com\/wordpress\/plugins\/seo\/ -->\n<title>Logiciels pour restaurants, bars, caf\u00e9t\u00e9rias, commerces, h\u00f4tels, etc. - CLS Info<\/title>\n<meta name=\"description\" content=\"Nos produits font le bonheur d&#039;innombrables entreprises oeuvrant dans des secteurs divers tels que les restaurants, commerces vari\u00e9s, bars, h\u00f4tels, r\u00e9sidences, etc.\" \/>\n<meta name=\"robots\" content=\"index, follow, max-snippet:-1, max-image-preview:large, max-video-preview:-1\" \/>\n<meta property=\"og:locale\" content=\"fr_CA\" \/>\n<meta property=\"og:type\" content=\"article\" \/>\n<meta property=\"og:title\" content=\"Logiciels pour restaurants, bars, caf\u00e9t\u00e9rias, commerces, h\u00f4tels, etc. - CLS Info\" \/>\n<meta property=\"og:description\" content=\"Nos produits font le bonheur d&#039;innombrables entreprises oeuvrant dans des secteurs divers tels que les restaurants, commerces vari\u00e9s, bars, h\u00f4tels, r\u00e9sidences, etc.\" \/>\n<meta property=\"og:url\" content=\"https:\/\/www.clsinfo.ca\/fr\/logiciels-restaurants-bars-cafeterias-commerces-hotels\/\" \/>\n<meta property=\"og:site_name\" content=\"CLS Info\" \/>\n<meta property=\"article:modified_time\" content=\"2016-05-30T01:54:11+00:00\" \/>\n<meta name=\"twitter:card\" content=\"summary_large_image\" \/>\n<script type=\"application\/ld+json\" class=\"yoast-schema-graph\">{\"@context\":\"https:\/\/schema.org\",\"@graph\":[{\"@type\":\"WebPage\",\"@id\":\"https:\/\/www.clsinfo.ca\/fr\/logiciels-restaurants-bars-cafeterias-commerces-hotels\/\",\"url\":\"https:\/\/www.clsinfo.ca\/fr\/logiciels-restaurants-bars-cafeterias-commerces-hotels\/\",\"name\":\"Logiciels pour restaurants, bars, caf\u00e9t\u00e9rias, commerces, h\u00f4tels, etc. - CLS Info\",\"isPartOf\":{\"@id\":\"https:\/\/www.clsinfo.ca\/fr\/#website\"},\"datePublished\":\"2016-05-11T15:55:41+00:00\",\"dateModified\":\"2016-05-30T01:54:11+00:00\",\"description\":\"Nos produits font le bonheur d'innombrables entreprises oeuvrant dans des secteurs divers tels que les restaurants, commerces vari\u00e9s, bars, h\u00f4tels, r\u00e9sidences, etc.\",\"breadcrumb\":{\"@id\":\"https:\/\/www.clsinfo.ca\/fr\/logiciels-restaurants-bars-cafeterias-commerces-hotels\/#breadcrumb\"},\"inLanguage\":\"fr-FR\",\"potentialAction\":[{\"@type\":\"ReadAction\",\"target\":[\"https:\/\/www.clsinfo.ca\/fr\/logiciels-restaurants-bars-cafeterias-commerces-hotels\/\"]}]},{\"@type\":\"BreadcrumbList\",\"@id\":\"https:\/\/www.clsinfo.ca\/fr\/logiciels-restaurants-bars-cafeterias-commerces-hotels\/#breadcrumb\",\"itemListElement\":[{\"@type\":\"ListItem\",\"position\":1,\"name\":\"Accueil\",\"item\":\"https:\/\/www.clsinfo.ca\/fr\/\"},{\"@type\":\"ListItem\",\"position\":2,\"name\":\"Secteurs\"}]},{\"@type\":\"WebSite\",\"@id\":\"https:\/\/www.clsinfo.ca\/fr\/#website\",\"url\":\"https:\/\/www.clsinfo.ca\/fr\/\",\"name\":\"CLS Info\",\"description\":\"\",\"potentialAction\":[{\"@type\":\"SearchAction\",\"target\":{\"@type\":\"EntryPoint\",\"urlTemplate\":\"https:\/\/www.clsinfo.ca\/fr\/?s={search_term_string}\"},\"query-input\":\"required name=search_term_string\"}],\"inLanguage\":\"fr-FR\"}]}<\/script>\n<!-- \/ Yoast SEO plugin. -->","yoast_head_json":{"title":"Logiciels pour restaurants, bars, caf\u00e9t\u00e9rias, commerces, h\u00f4tels, etc. - CLS Info","description":"Nos produits font le bonheur d'innombrables entreprises oeuvrant dans des secteurs divers tels que les restaurants, commerces vari\u00e9s, bars, h\u00f4tels, r\u00e9sidences, etc.","robots":{"index":"index","follow":"follow","max-snippet":"max-snippet:-1","max-image-preview":"max-image-preview:large","max-video-preview":"max-video-preview:-1"},"og_locale":"fr_CA","og_type":"article","og_title":"Logiciels pour restaurants, bars, caf\u00e9t\u00e9rias, commerces, h\u00f4tels, etc. - CLS Info","og_description":"Nos produits font le bonheur d'innombrables entreprises oeuvrant dans des secteurs divers tels que les restaurants, commerces vari\u00e9s, bars, h\u00f4tels, r\u00e9sidences, etc.","og_url":"https:\/\/www.clsinfo.ca\/fr\/logiciels-restaurants-bars-cafeterias-commerces-hotels\/","og_site_name":"CLS Info","article_modified_time":"2016-05-30T01:54:11+00:00","twitter_card":"summary_large_image","schema":{"@context":"https:\/\/schema.org","@graph":[{"@type":"WebPage","@id":"https:\/\/www.clsinfo.ca\/fr\/logiciels-restaurants-bars-cafeterias-commerces-hotels\/","url":"https:\/\/www.clsinfo.ca\/fr\/logiciels-restaurants-bars-cafeterias-commerces-hotels\/","name":"Logiciels pour restaurants, bars, caf\u00e9t\u00e9rias, commerces, h\u00f4tels, etc. - CLS Info","isPartOf":{"@id":"https:\/\/www.clsinfo.ca\/fr\/#website"},"datePublished":"2016-05-11T15:55:41+00:00","dateModified":"2016-05-30T01:54:11+00:00","description":"Nos produits font le bonheur d'innombrables entreprises oeuvrant dans des secteurs divers tels que les restaurants, commerces vari\u00e9s, bars, h\u00f4tels, r\u00e9sidences, etc.","breadcrumb":{"@id":"https:\/\/www.clsinfo.ca\/fr\/logiciels-restaurants-bars-cafeterias-commerces-hotels\/#breadcrumb"},"inLanguage":"fr-FR","potentialAction":[{"@type":"ReadAction","target":["https:\/\/www.clsinfo.ca\/fr\/logiciels-restaurants-bars-cafeterias-commerces-hotels\/"]}]},{"@type":"BreadcrumbList","@id":"https:\/\/www.clsinfo.ca\/fr\/logiciels-restaurants-bars-cafeterias-commerces-hotels\/#breadcrumb","itemListElement":[{"@type":"ListItem","position":1,"name":"Accueil","item":"https:\/\/www.clsinfo.ca\/fr\/"},{"@type":"ListItem","position":2,"name":"Secteurs"}]},{"@type":"WebSite","@id":"https:\/\/www.clsinfo.ca\/fr\/#website","url":"https:\/\/www.clsinfo.ca\/fr\/","name":"CLS Info","description":"","potentialAction":[{"@type":"SearchAction","target":{"@type":"EntryPoint","urlTemplate":"https:\/\/www.clsinfo.ca\/fr\/?s={search_term_string}"},"query-input":"required name=search_term_string"}],"inLanguage":"fr-FR"}]}},"_links":{"self":[{"href":"https:\/\/www.clsinfo.ca\/fr\/wp-json\/wp\/v2\/pages\/4497"}],"collection":[{"href":"https:\/\/www.clsinfo.ca\/fr\/wp-json\/wp\/v2\/pages"}],"about":[{"href":"https:\/\/www.clsinfo.ca\/fr\/wp-json\/wp\/v2\/types\/page"}],"author":[{"embeddable":true,"href":"https:\/\/www.clsinfo.ca\/fr\/wp-json\/wp\/v2\/users\/1"}],"replies":[{"embeddable":true,"href":"https:\/\/www.clsinfo.ca\/fr\/wp-json\/wp\/v2\/comments?post=4497"}],"version-history":[{"count":0,"href":"https:\/\/www.clsinfo.ca\/fr\/wp-json\/wp\/v2\/pages\/4497\/revisions"}],"wp:attachment":[{"href":"https:\/\/www.clsinfo.ca\/fr\/wp-json\/wp\/v2\/media?parent=4497"}],"curies":[{"name":"wp","href":"https:\/\/api.w.org\/{rel}","templated":true}]}}