{"id":4499,"date":"2016-05-11T11:56:13","date_gmt":"2016-05-11T15:56:13","guid":{"rendered":"http:\/\/wp-cls_info.eliappdrupal1.elisys-servers.ca\/fr\/?page_id=4499"},"modified":"2016-05-29T21:52:08","modified_gmt":"2016-05-30T01:52:08","slug":"nos-clients-solutions-gestion-integree","status":"publish","type":"page","link":"https:\/\/www.clsinfo.ca\/fr\/nos-clients-solutions-gestion-integree\/","title":{"rendered":"Nos clients"},"content":{"rendered":"<p>Gr\u00e2ce \u00e0 notre expertise, nous proposons des solutions fiables et tout \u00e0 fait adapt\u00e9es aux besoins de nos clients, quel que soit leur environnement de travail. Peu importe votre secteur et l&rsquo;envergure de votre projet, nous sommes en mesure de mettre notre vaste exp\u00e9rience \u00e0 profit et de vous conseiller les solutions qui vous conviennent le plus. La satisfaction de nos clients est au coeur de nos activit\u00e9s. Notre \u00e9quipe est soucieuse de vous accompagner \u00e0 chaque \u00e9tape du processus, de vous fournir tous les renseignements n\u00e9cessaires et de vous guider vers les meilleurs choix. De plus, notre service apr\u00e8s-vente se distingue par notre disponibilit\u00e9 et l&rsquo;efficacit\u00e9 de nos suivis.<\/p>\n","protected":false},"excerpt":{"rendered":"<p>Ils b\u00e9n\u00e9ficient de nos solutions de gestion int\u00e9gr\u00e9e<\/p>\n","protected":false},"author":1,"featured_media":0,"parent":0,"menu_order":0,"comment_status":"closed","ping_status":"closed","template":"template-listing-clients.php","meta":{"_acf_changed":false,"_custom_body_class":"is-clients","_custom_post_class":"","footnotes":""},"acf":[],"yoast_head":"<!-- This site is optimized with the Yoast SEO plugin v22.9 - https:\/\/yoast.com\/wordpress\/plugins\/seo\/ -->\n<title>Nos clients - Ils b\u00e9n\u00e9ficient de nos solutions de gestion int\u00e9gr\u00e9e - CLS Info<\/title>\n<meta name=\"description\" content=\"Peu importe le secteur de sp\u00e9cialisation de votre entreprise, nous offrons des solutions personnalis\u00e9es permettant d&#039;augmenter votre productivit\u00e9. Apprenez-en plus.\" \/>\n<meta name=\"robots\" content=\"index, follow, max-snippet:-1, max-image-preview:large, max-video-preview:-1\" \/>\n<meta property=\"og:locale\" content=\"fr_CA\" \/>\n<meta property=\"og:type\" content=\"article\" \/>\n<meta property=\"og:title\" content=\"Nos clients - Ils b\u00e9n\u00e9ficient de nos solutions de gestion int\u00e9gr\u00e9e - CLS Info\" \/>\n<meta property=\"og:description\" content=\"Peu importe le secteur de sp\u00e9cialisation de votre entreprise, nous offrons des solutions personnalis\u00e9es permettant d&#039;augmenter votre productivit\u00e9. Apprenez-en plus.\" \/>\n<meta property=\"og:url\" content=\"https:\/\/www.clsinfo.ca\/fr\/nos-clients-solutions-gestion-integree\/\" \/>\n<meta property=\"og:site_name\" content=\"CLS Info\" \/>\n<meta property=\"article:modified_time\" content=\"2016-05-30T01:52:08+00:00\" \/>\n<meta name=\"twitter:card\" content=\"summary_large_image\" \/>\n<meta name=\"twitter:label1\" content=\"Dur\u00e9e de lecture estim\u00e9e\" \/>\n\t<meta name=\"twitter:data1\" content=\"1 minute\" \/>\n<script type=\"application\/ld+json\" class=\"yoast-schema-graph\">{\"@context\":\"https:\/\/schema.org\",\"@graph\":[{\"@type\":\"WebPage\",\"@id\":\"https:\/\/www.clsinfo.ca\/fr\/nos-clients-solutions-gestion-integree\/\",\"url\":\"https:\/\/www.clsinfo.ca\/fr\/nos-clients-solutions-gestion-integree\/\",\"name\":\"Nos clients - Ils b\u00e9n\u00e9ficient de nos solutions de gestion int\u00e9gr\u00e9e - CLS Info\",\"isPartOf\":{\"@id\":\"https:\/\/www.clsinfo.ca\/fr\/#website\"},\"datePublished\":\"2016-05-11T15:56:13+00:00\",\"dateModified\":\"2016-05-30T01:52:08+00:00\",\"description\":\"Peu importe le secteur de sp\u00e9cialisation de votre entreprise, nous offrons des solutions personnalis\u00e9es permettant d'augmenter votre productivit\u00e9. Apprenez-en plus.\",\"breadcrumb\":{\"@id\":\"https:\/\/www.clsinfo.ca\/fr\/nos-clients-solutions-gestion-integree\/#breadcrumb\"},\"inLanguage\":\"fr-FR\",\"potentialAction\":[{\"@type\":\"ReadAction\",\"target\":[\"https:\/\/www.clsinfo.ca\/fr\/nos-clients-solutions-gestion-integree\/\"]}]},{\"@type\":\"BreadcrumbList\",\"@id\":\"https:\/\/www.clsinfo.ca\/fr\/nos-clients-solutions-gestion-integree\/#breadcrumb\",\"itemListElement\":[{\"@type\":\"ListItem\",\"position\":1,\"name\":\"Accueil\",\"item\":\"https:\/\/www.clsinfo.ca\/fr\/\"},{\"@type\":\"ListItem\",\"position\":2,\"name\":\"Nos clients\"}]},{\"@type\":\"WebSite\",\"@id\":\"https:\/\/www.clsinfo.ca\/fr\/#website\",\"url\":\"https:\/\/www.clsinfo.ca\/fr\/\",\"name\":\"CLS Info\",\"description\":\"\",\"potentialAction\":[{\"@type\":\"SearchAction\",\"target\":{\"@type\":\"EntryPoint\",\"urlTemplate\":\"https:\/\/www.clsinfo.ca\/fr\/?s={search_term_string}\"},\"query-input\":\"required name=search_term_string\"}],\"inLanguage\":\"fr-FR\"}]}<\/script>\n<!-- \/ Yoast SEO plugin. -->","yoast_head_json":{"title":"Nos clients - Ils b\u00e9n\u00e9ficient de nos solutions de gestion int\u00e9gr\u00e9e - CLS Info","description":"Peu importe le secteur de sp\u00e9cialisation de votre entreprise, nous offrons des solutions personnalis\u00e9es permettant d'augmenter votre productivit\u00e9. Apprenez-en plus.","robots":{"index":"index","follow":"follow","max-snippet":"max-snippet:-1","max-image-preview":"max-image-preview:large","max-video-preview":"max-video-preview:-1"},"og_locale":"fr_CA","og_type":"article","og_title":"Nos clients - Ils b\u00e9n\u00e9ficient de nos solutions de gestion int\u00e9gr\u00e9e - CLS Info","og_description":"Peu importe le secteur de sp\u00e9cialisation de votre entreprise, nous offrons des solutions personnalis\u00e9es permettant d'augmenter votre productivit\u00e9. Apprenez-en plus.","og_url":"https:\/\/www.clsinfo.ca\/fr\/nos-clients-solutions-gestion-integree\/","og_site_name":"CLS Info","article_modified_time":"2016-05-30T01:52:08+00:00","twitter_card":"summary_large_image","twitter_misc":{"Dur\u00e9e de lecture estim\u00e9e":"1 minute"},"schema":{"@context":"https:\/\/schema.org","@graph":[{"@type":"WebPage","@id":"https:\/\/www.clsinfo.ca\/fr\/nos-clients-solutions-gestion-integree\/","url":"https:\/\/www.clsinfo.ca\/fr\/nos-clients-solutions-gestion-integree\/","name":"Nos clients - Ils b\u00e9n\u00e9ficient de nos solutions de gestion int\u00e9gr\u00e9e - CLS Info","isPartOf":{"@id":"https:\/\/www.clsinfo.ca\/fr\/#website"},"datePublished":"2016-05-11T15:56:13+00:00","dateModified":"2016-05-30T01:52:08+00:00","description":"Peu importe le secteur de sp\u00e9cialisation de votre entreprise, nous offrons des solutions personnalis\u00e9es permettant d'augmenter votre productivit\u00e9. Apprenez-en plus.","breadcrumb":{"@id":"https:\/\/www.clsinfo.ca\/fr\/nos-clients-solutions-gestion-integree\/#breadcrumb"},"inLanguage":"fr-FR","potentialAction":[{"@type":"ReadAction","target":["https:\/\/www.clsinfo.ca\/fr\/nos-clients-solutions-gestion-integree\/"]}]},{"@type":"BreadcrumbList","@id":"https:\/\/www.clsinfo.ca\/fr\/nos-clients-solutions-gestion-integree\/#breadcrumb","itemListElement":[{"@type":"ListItem","position":1,"name":"Accueil","item":"https:\/\/www.clsinfo.ca\/fr\/"},{"@type":"ListItem","position":2,"name":"Nos clients"}]},{"@type":"WebSite","@id":"https:\/\/www.clsinfo.ca\/fr\/#website","url":"https:\/\/www.clsinfo.ca\/fr\/","name":"CLS Info","description":"","potentialAction":[{"@type":"SearchAction","target":{"@type":"EntryPoint","urlTemplate":"https:\/\/www.clsinfo.ca\/fr\/?s={search_term_string}"},"query-input":"required name=search_term_string"}],"inLanguage":"fr-FR"}]}},"_links":{"self":[{"href":"https:\/\/www.clsinfo.ca\/fr\/wp-json\/wp\/v2\/pages\/4499"}],"collection":[{"href":"https:\/\/www.clsinfo.ca\/fr\/wp-json\/wp\/v2\/pages"}],"about":[{"href":"https:\/\/www.clsinfo.ca\/fr\/wp-json\/wp\/v2\/types\/page"}],"author":[{"embeddable":true,"href":"https:\/\/www.clsinfo.ca\/fr\/wp-json\/wp\/v2\/users\/1"}],"replies":[{"embeddable":true,"href":"https:\/\/www.clsinfo.ca\/fr\/wp-json\/wp\/v2\/comments?post=4499"}],"version-history":[{"count":0,"href":"https:\/\/www.clsinfo.ca\/fr\/wp-json\/wp\/v2\/pages\/4499\/revisions"}],"wp:attachment":[{"href":"https:\/\/www.clsinfo.ca\/fr\/wp-json\/wp\/v2\/media?parent=4499"}],"curies":[{"name":"wp","href":"https:\/\/api.w.org\/{rel}","templated":true}]}}