{"id":4555,"date":"2016-05-13T10:42:05","date_gmt":"2016-05-13T14:42:05","guid":{"rendered":"http:\/\/wp-cls_info.eliappdrupal1.elisys-servers.ca\/fr\/?page_id=4555"},"modified":"2016-06-01T16:29:00","modified_gmt":"2016-06-01T20:29:00","slug":"logiciels-restauration-rapide-fast-food-comptoir-livraison","status":"publish","type":"page","link":"https:\/\/www.clsinfo.ca\/fr\/logiciels-restauration-rapide-fast-food-comptoir-livraison\/","title":{"rendered":"Restauration rapide"},"content":{"rendered":"<p>Les restaurants rapides doivent offrir un service de vente au comptoir de qualit\u00e9 et, s&rsquo;il y a lieu, un service de livraison efficace. La restauration rapide exige donc de la rapidit\u00e9 dans la prise de commande et l&rsquo;ex\u00e9cution des repas ou des casse-cro\u00fbte. Pour r\u00e9pondre \u00e0 vos besoins, nous vous guidons vers des solutions compos\u00e9es d&rsquo;\u00e9crans tactiles pour les prises de commande, d&rsquo;\u00e9crans vid\u00e9o pour la cuisine, d&rsquo;un module pour la gestion des livraisons et de bornes interactives de commande en libre-service.<\/p>\n","protected":false},"excerpt":{"rendered":"<p>Logiciels pour restauration rapide (fast food), comptoir et livraison<\/p>\n","protected":false},"author":1,"featured_media":4556,"parent":0,"menu_order":0,"comment_status":"closed","ping_status":"closed","template":"template-page-activity.php","meta":{"_acf_changed":false,"_custom_body_class":"is-activities-details","_custom_post_class":"","footnotes":""},"acf":[],"yoast_head":"<!-- This site is optimized with the Yoast SEO plugin v22.9 - https:\/\/yoast.com\/wordpress\/plugins\/seo\/ -->\n<title>Logiciels pour restauration rapide (fast food), comptoir et livraison - CLS Info<\/title>\n<meta name=\"description\" content=\"Nos produits permettent une plus grande rapidit\u00e9 au service au comptoir ou \u00e0 la livraison dans le secteur de la restauration rapide. Assurez-vous la satisfaction!\" \/>\n<meta name=\"robots\" content=\"index, follow, max-snippet:-1, max-image-preview:large, max-video-preview:-1\" \/>\n<meta property=\"og:locale\" content=\"fr_CA\" \/>\n<meta property=\"og:type\" content=\"article\" \/>\n<meta property=\"og:title\" content=\"Logiciels pour restauration rapide (fast food), comptoir et livraison - CLS Info\" \/>\n<meta property=\"og:description\" content=\"Nos produits permettent une plus grande rapidit\u00e9 au service au comptoir ou \u00e0 la livraison dans le secteur de la restauration rapide. Assurez-vous la satisfaction!\" \/>\n<meta property=\"og:url\" content=\"https:\/\/www.clsinfo.ca\/fr\/logiciels-restauration-rapide-fast-food-comptoir-livraison\/\" \/>\n<meta property=\"og:site_name\" content=\"CLS Info\" \/>\n<meta property=\"article:modified_time\" content=\"2016-06-01T20:29:00+00:00\" \/>\n<meta property=\"og:image\" content=\"https:\/\/www.clsinfo.ca\/wp-content\/uploads\/2016\/05\/restauration-rapide.jpg\" \/>\n\t<meta property=\"og:image:width\" content=\"750\" \/>\n\t<meta property=\"og:image:height\" content=\"421\" \/>\n\t<meta property=\"og:image:type\" content=\"image\/jpeg\" \/>\n<meta name=\"twitter:card\" content=\"summary_large_image\" \/>\n<script type=\"application\/ld+json\" class=\"yoast-schema-graph\">{\"@context\":\"https:\/\/schema.org\",\"@graph\":[{\"@type\":\"WebPage\",\"@id\":\"https:\/\/www.clsinfo.ca\/fr\/logiciels-restauration-rapide-fast-food-comptoir-livraison\/\",\"url\":\"https:\/\/www.clsinfo.ca\/fr\/logiciels-restauration-rapide-fast-food-comptoir-livraison\/\",\"name\":\"Logiciels pour restauration rapide (fast food), comptoir et livraison - CLS Info\",\"isPartOf\":{\"@id\":\"https:\/\/www.clsinfo.ca\/fr\/#website\"},\"primaryImageOfPage\":{\"@id\":\"https:\/\/www.clsinfo.ca\/fr\/logiciels-restauration-rapide-fast-food-comptoir-livraison\/#primaryimage\"},\"image\":{\"@id\":\"https:\/\/www.clsinfo.ca\/fr\/logiciels-restauration-rapide-fast-food-comptoir-livraison\/#primaryimage\"},\"thumbnailUrl\":\"https:\/\/www.clsinfo.ca\/wp-content\/uploads\/2016\/05\/restauration-rapide.jpg\",\"datePublished\":\"2016-05-13T14:42:05+00:00\",\"dateModified\":\"2016-06-01T20:29:00+00:00\",\"description\":\"Nos produits permettent une plus grande rapidit\u00e9 au service au comptoir ou \u00e0 la livraison dans le secteur de la restauration rapide. Assurez-vous la satisfaction!\",\"breadcrumb\":{\"@id\":\"https:\/\/www.clsinfo.ca\/fr\/logiciels-restauration-rapide-fast-food-comptoir-livraison\/#breadcrumb\"},\"inLanguage\":\"fr-FR\",\"potentialAction\":[{\"@type\":\"ReadAction\",\"target\":[\"https:\/\/www.clsinfo.ca\/fr\/logiciels-restauration-rapide-fast-food-comptoir-livraison\/\"]}]},{\"@type\":\"ImageObject\",\"inLanguage\":\"fr-FR\",\"@id\":\"https:\/\/www.clsinfo.ca\/fr\/logiciels-restauration-rapide-fast-food-comptoir-livraison\/#primaryimage\",\"url\":\"https:\/\/www.clsinfo.ca\/wp-content\/uploads\/2016\/05\/restauration-rapide.jpg\",\"contentUrl\":\"https:\/\/www.clsinfo.ca\/wp-content\/uploads\/2016\/05\/restauration-rapide.jpg\",\"width\":750,\"height\":421},{\"@type\":\"BreadcrumbList\",\"@id\":\"https:\/\/www.clsinfo.ca\/fr\/logiciels-restauration-rapide-fast-food-comptoir-livraison\/#breadcrumb\",\"itemListElement\":[{\"@type\":\"ListItem\",\"position\":1,\"name\":\"Accueil\",\"item\":\"https:\/\/www.clsinfo.ca\/fr\/\"},{\"@type\":\"ListItem\",\"position\":2,\"name\":\"Restauration rapide\"}]},{\"@type\":\"WebSite\",\"@id\":\"https:\/\/www.clsinfo.ca\/fr\/#website\",\"url\":\"https:\/\/www.clsinfo.ca\/fr\/\",\"name\":\"CLS Info\",\"description\":\"\",\"potentialAction\":[{\"@type\":\"SearchAction\",\"target\":{\"@type\":\"EntryPoint\",\"urlTemplate\":\"https:\/\/www.clsinfo.ca\/fr\/?s={search_term_string}\"},\"query-input\":\"required name=search_term_string\"}],\"inLanguage\":\"fr-FR\"}]}<\/script>\n<!-- \/ Yoast SEO plugin. -->","yoast_head_json":{"title":"Logiciels pour restauration rapide (fast food), comptoir et livraison - CLS Info","description":"Nos produits permettent une plus grande rapidit\u00e9 au service au comptoir ou \u00e0 la livraison dans le secteur de la restauration rapide. Assurez-vous la satisfaction!","robots":{"index":"index","follow":"follow","max-snippet":"max-snippet:-1","max-image-preview":"max-image-preview:large","max-video-preview":"max-video-preview:-1"},"og_locale":"fr_CA","og_type":"article","og_title":"Logiciels pour restauration rapide (fast food), comptoir et livraison - CLS Info","og_description":"Nos produits permettent une plus grande rapidit\u00e9 au service au comptoir ou \u00e0 la livraison dans le secteur de la restauration rapide. Assurez-vous la satisfaction!","og_url":"https:\/\/www.clsinfo.ca\/fr\/logiciels-restauration-rapide-fast-food-comptoir-livraison\/","og_site_name":"CLS Info","article_modified_time":"2016-06-01T20:29:00+00:00","og_image":[{"width":750,"height":421,"url":"https:\/\/www.clsinfo.ca\/wp-content\/uploads\/2016\/05\/restauration-rapide.jpg","type":"image\/jpeg"}],"twitter_card":"summary_large_image","schema":{"@context":"https:\/\/schema.org","@graph":[{"@type":"WebPage","@id":"https:\/\/www.clsinfo.ca\/fr\/logiciels-restauration-rapide-fast-food-comptoir-livraison\/","url":"https:\/\/www.clsinfo.ca\/fr\/logiciels-restauration-rapide-fast-food-comptoir-livraison\/","name":"Logiciels pour restauration rapide (fast food), comptoir et livraison - CLS Info","isPartOf":{"@id":"https:\/\/www.clsinfo.ca\/fr\/#website"},"primaryImageOfPage":{"@id":"https:\/\/www.clsinfo.ca\/fr\/logiciels-restauration-rapide-fast-food-comptoir-livraison\/#primaryimage"},"image":{"@id":"https:\/\/www.clsinfo.ca\/fr\/logiciels-restauration-rapide-fast-food-comptoir-livraison\/#primaryimage"},"thumbnailUrl":"https:\/\/www.clsinfo.ca\/wp-content\/uploads\/2016\/05\/restauration-rapide.jpg","datePublished":"2016-05-13T14:42:05+00:00","dateModified":"2016-06-01T20:29:00+00:00","description":"Nos produits permettent une plus grande rapidit\u00e9 au service au comptoir ou \u00e0 la livraison dans le secteur de la restauration rapide. Assurez-vous la satisfaction!","breadcrumb":{"@id":"https:\/\/www.clsinfo.ca\/fr\/logiciels-restauration-rapide-fast-food-comptoir-livraison\/#breadcrumb"},"inLanguage":"fr-FR","potentialAction":[{"@type":"ReadAction","target":["https:\/\/www.clsinfo.ca\/fr\/logiciels-restauration-rapide-fast-food-comptoir-livraison\/"]}]},{"@type":"ImageObject","inLanguage":"fr-FR","@id":"https:\/\/www.clsinfo.ca\/fr\/logiciels-restauration-rapide-fast-food-comptoir-livraison\/#primaryimage","url":"https:\/\/www.clsinfo.ca\/wp-content\/uploads\/2016\/05\/restauration-rapide.jpg","contentUrl":"https:\/\/www.clsinfo.ca\/wp-content\/uploads\/2016\/05\/restauration-rapide.jpg","width":750,"height":421},{"@type":"BreadcrumbList","@id":"https:\/\/www.clsinfo.ca\/fr\/logiciels-restauration-rapide-fast-food-comptoir-livraison\/#breadcrumb","itemListElement":[{"@type":"ListItem","position":1,"name":"Accueil","item":"https:\/\/www.clsinfo.ca\/fr\/"},{"@type":"ListItem","position":2,"name":"Restauration rapide"}]},{"@type":"WebSite","@id":"https:\/\/www.clsinfo.ca\/fr\/#website","url":"https:\/\/www.clsinfo.ca\/fr\/","name":"CLS Info","description":"","potentialAction":[{"@type":"SearchAction","target":{"@type":"EntryPoint","urlTemplate":"https:\/\/www.clsinfo.ca\/fr\/?s={search_term_string}"},"query-input":"required name=search_term_string"}],"inLanguage":"fr-FR"}]}},"_links":{"self":[{"href":"https:\/\/www.clsinfo.ca\/fr\/wp-json\/wp\/v2\/pages\/4555"}],"collection":[{"href":"https:\/\/www.clsinfo.ca\/fr\/wp-json\/wp\/v2\/pages"}],"about":[{"href":"https:\/\/www.clsinfo.ca\/fr\/wp-json\/wp\/v2\/types\/page"}],"author":[{"embeddable":true,"href":"https:\/\/www.clsinfo.ca\/fr\/wp-json\/wp\/v2\/users\/1"}],"replies":[{"embeddable":true,"href":"https:\/\/www.clsinfo.ca\/fr\/wp-json\/wp\/v2\/comments?post=4555"}],"version-history":[{"count":0,"href":"https:\/\/www.clsinfo.ca\/fr\/wp-json\/wp\/v2\/pages\/4555\/revisions"}],"wp:featuredmedia":[{"embeddable":true,"href":"https:\/\/www.clsinfo.ca\/fr\/wp-json\/wp\/v2\/media\/4556"}],"wp:attachment":[{"href":"https:\/\/www.clsinfo.ca\/fr\/wp-json\/wp\/v2\/media?parent=4555"}],"curies":[{"name":"wp","href":"https:\/\/api.w.org\/{rel}","templated":true}]}}