{"id":4563,"date":"2016-05-13T11:39:18","date_gmt":"2016-05-13T15:39:18","guid":{"rendered":"http:\/\/wp-cls_info.eliappdrupal1.elisys-servers.ca\/fr\/?page_id=4563"},"modified":"2016-06-02T11:02:26","modified_gmt":"2016-06-02T15:02:26","slug":"positouch-logiciel-point-de-vente-point-of-sale-pos","status":"publish","type":"page","link":"https:\/\/www.clsinfo.ca\/fr\/positouch-logiciel-point-de-vente-point-of-sale-pos\/","title":{"rendered":"POSiTouch"},"content":{"rendered":"<p>POSitouch est un syst\u00e8me de point de vente complet et avanc\u00e9 qui, depuis plus de 25 ans, se distingue dans le domaine de la restauration par sa convivialit\u00e9, sa fiabilit\u00e9 et ses multiples options. Les diff\u00e9rentes caract\u00e9ristiques de ce syst\u00e8me sont con\u00e7ues pour am\u00e9liorer le service aux clients, moderniser l&rsquo;administration du restaurant et accro\u00eetre la productivit\u00e9 g\u00e9n\u00e9rale de l&rsquo;\u00e9tablissement. En plus de contenir plus de 10 modules, le logiciel POSitouch est compatible avec des applications tierces sp\u00e9cifiques aux milieux de travail de nos clients. Cette flexibilit\u00e9 des fonctionnalit\u00e9s permet d&rsquo;\u00e9largir les choix de solution, et de s&rsquo;adapter aux besoins et aux concepts propres \u00e0 chaque environnement. Plus de 150 000 restaurants en Am\u00e9rique utilisent POSitouch et en appr\u00e9cient la polyvalence et les options de personnalisation. Nous vous pr\u00e9sentons ici les principaux modules \u00e9labor\u00e9s pour optimiser chaque aspect de votre service et de votre gestion\u00a0:<\/p>\n","protected":false},"excerpt":{"rendered":"<p>Logiciel de point de vente \/ point-of-sale (POS)<\/p>\n","protected":false},"author":1,"featured_media":0,"parent":0,"menu_order":0,"comment_status":"closed","ping_status":"closed","template":"template-page-solution.php","meta":{"_acf_changed":false,"_custom_body_class":"is-solutions-details","_custom_post_class":"","footnotes":""},"acf":[],"yoast_head":"<!-- This site is optimized with the Yoast SEO plugin v22.9 - https:\/\/yoast.com\/wordpress\/plugins\/seo\/ -->\n<title>POSiTouch - Logiciel de point de vente\/ point-of-sale (POS) - CLS Info<\/title>\n<meta name=\"description\" content=\"Nous\u00a0sommes l&#039;un des distributeurs principaux du logiciel de point de vente POSiTouch. D\u00e9couvrez comment POSiTouch peut contribuer au succ\u00e8s de votre entreprise.\" \/>\n<meta name=\"robots\" content=\"index, follow, max-snippet:-1, max-image-preview:large, max-video-preview:-1\" \/>\n<meta property=\"og:locale\" content=\"fr_CA\" \/>\n<meta property=\"og:type\" content=\"article\" \/>\n<meta property=\"og:title\" content=\"POSiTouch - Logiciel de point de vente\/ point-of-sale (POS) - CLS Info\" \/>\n<meta property=\"og:description\" content=\"Nous\u00a0sommes l&#039;un des distributeurs principaux du logiciel de point de vente POSiTouch. D\u00e9couvrez comment POSiTouch peut contribuer au succ\u00e8s de votre entreprise.\" \/>\n<meta property=\"og:url\" content=\"https:\/\/www.clsinfo.ca\/fr\/positouch-logiciel-point-de-vente-point-of-sale-pos\/\" \/>\n<meta property=\"og:site_name\" content=\"CLS Info\" \/>\n<meta property=\"article:modified_time\" content=\"2016-06-02T15:02:26+00:00\" \/>\n<meta name=\"twitter:card\" content=\"summary_large_image\" \/>\n<meta name=\"twitter:label1\" content=\"Dur\u00e9e de lecture estim\u00e9e\" \/>\n\t<meta name=\"twitter:data1\" content=\"1 minute\" \/>\n<script type=\"application\/ld+json\" class=\"yoast-schema-graph\">{\"@context\":\"https:\/\/schema.org\",\"@graph\":[{\"@type\":\"WebPage\",\"@id\":\"https:\/\/www.clsinfo.ca\/fr\/positouch-logiciel-point-de-vente-point-of-sale-pos\/\",\"url\":\"https:\/\/www.clsinfo.ca\/fr\/positouch-logiciel-point-de-vente-point-of-sale-pos\/\",\"name\":\"POSiTouch - Logiciel de point de vente\/ point-of-sale (POS) - CLS Info\",\"isPartOf\":{\"@id\":\"https:\/\/www.clsinfo.ca\/fr\/#website\"},\"datePublished\":\"2016-05-13T15:39:18+00:00\",\"dateModified\":\"2016-06-02T15:02:26+00:00\",\"description\":\"Nous\u00a0sommes l'un des distributeurs principaux du logiciel de point de vente POSiTouch. D\u00e9couvrez comment POSiTouch peut contribuer au succ\u00e8s de votre entreprise.\",\"breadcrumb\":{\"@id\":\"https:\/\/www.clsinfo.ca\/fr\/positouch-logiciel-point-de-vente-point-of-sale-pos\/#breadcrumb\"},\"inLanguage\":\"fr-FR\",\"potentialAction\":[{\"@type\":\"ReadAction\",\"target\":[\"https:\/\/www.clsinfo.ca\/fr\/positouch-logiciel-point-de-vente-point-of-sale-pos\/\"]}]},{\"@type\":\"BreadcrumbList\",\"@id\":\"https:\/\/www.clsinfo.ca\/fr\/positouch-logiciel-point-de-vente-point-of-sale-pos\/#breadcrumb\",\"itemListElement\":[{\"@type\":\"ListItem\",\"position\":1,\"name\":\"Accueil\",\"item\":\"https:\/\/www.clsinfo.ca\/fr\/\"},{\"@type\":\"ListItem\",\"position\":2,\"name\":\"POSiTouch\"}]},{\"@type\":\"WebSite\",\"@id\":\"https:\/\/www.clsinfo.ca\/fr\/#website\",\"url\":\"https:\/\/www.clsinfo.ca\/fr\/\",\"name\":\"CLS Info\",\"description\":\"\",\"potentialAction\":[{\"@type\":\"SearchAction\",\"target\":{\"@type\":\"EntryPoint\",\"urlTemplate\":\"https:\/\/www.clsinfo.ca\/fr\/?s={search_term_string}\"},\"query-input\":\"required name=search_term_string\"}],\"inLanguage\":\"fr-FR\"}]}<\/script>\n<!-- \/ Yoast SEO plugin. -->","yoast_head_json":{"title":"POSiTouch - Logiciel de point de vente\/ point-of-sale (POS) - CLS Info","description":"Nous\u00a0sommes l'un des distributeurs principaux du logiciel de point de vente POSiTouch. D\u00e9couvrez comment POSiTouch peut contribuer au succ\u00e8s de votre entreprise.","robots":{"index":"index","follow":"follow","max-snippet":"max-snippet:-1","max-image-preview":"max-image-preview:large","max-video-preview":"max-video-preview:-1"},"og_locale":"fr_CA","og_type":"article","og_title":"POSiTouch - Logiciel de point de vente\/ point-of-sale (POS) - CLS Info","og_description":"Nous\u00a0sommes l'un des distributeurs principaux du logiciel de point de vente POSiTouch. D\u00e9couvrez comment POSiTouch peut contribuer au succ\u00e8s de votre entreprise.","og_url":"https:\/\/www.clsinfo.ca\/fr\/positouch-logiciel-point-de-vente-point-of-sale-pos\/","og_site_name":"CLS Info","article_modified_time":"2016-06-02T15:02:26+00:00","twitter_card":"summary_large_image","twitter_misc":{"Dur\u00e9e de lecture estim\u00e9e":"1 minute"},"schema":{"@context":"https:\/\/schema.org","@graph":[{"@type":"WebPage","@id":"https:\/\/www.clsinfo.ca\/fr\/positouch-logiciel-point-de-vente-point-of-sale-pos\/","url":"https:\/\/www.clsinfo.ca\/fr\/positouch-logiciel-point-de-vente-point-of-sale-pos\/","name":"POSiTouch - Logiciel de point de vente\/ point-of-sale (POS) - CLS Info","isPartOf":{"@id":"https:\/\/www.clsinfo.ca\/fr\/#website"},"datePublished":"2016-05-13T15:39:18+00:00","dateModified":"2016-06-02T15:02:26+00:00","description":"Nous\u00a0sommes l'un des distributeurs principaux du logiciel de point de vente POSiTouch. D\u00e9couvrez comment POSiTouch peut contribuer au succ\u00e8s de votre entreprise.","breadcrumb":{"@id":"https:\/\/www.clsinfo.ca\/fr\/positouch-logiciel-point-de-vente-point-of-sale-pos\/#breadcrumb"},"inLanguage":"fr-FR","potentialAction":[{"@type":"ReadAction","target":["https:\/\/www.clsinfo.ca\/fr\/positouch-logiciel-point-de-vente-point-of-sale-pos\/"]}]},{"@type":"BreadcrumbList","@id":"https:\/\/www.clsinfo.ca\/fr\/positouch-logiciel-point-de-vente-point-of-sale-pos\/#breadcrumb","itemListElement":[{"@type":"ListItem","position":1,"name":"Accueil","item":"https:\/\/www.clsinfo.ca\/fr\/"},{"@type":"ListItem","position":2,"name":"POSiTouch"}]},{"@type":"WebSite","@id":"https:\/\/www.clsinfo.ca\/fr\/#website","url":"https:\/\/www.clsinfo.ca\/fr\/","name":"CLS Info","description":"","potentialAction":[{"@type":"SearchAction","target":{"@type":"EntryPoint","urlTemplate":"https:\/\/www.clsinfo.ca\/fr\/?s={search_term_string}"},"query-input":"required name=search_term_string"}],"inLanguage":"fr-FR"}]}},"_links":{"self":[{"href":"https:\/\/www.clsinfo.ca\/fr\/wp-json\/wp\/v2\/pages\/4563"}],"collection":[{"href":"https:\/\/www.clsinfo.ca\/fr\/wp-json\/wp\/v2\/pages"}],"about":[{"href":"https:\/\/www.clsinfo.ca\/fr\/wp-json\/wp\/v2\/types\/page"}],"author":[{"embeddable":true,"href":"https:\/\/www.clsinfo.ca\/fr\/wp-json\/wp\/v2\/users\/1"}],"replies":[{"embeddable":true,"href":"https:\/\/www.clsinfo.ca\/fr\/wp-json\/wp\/v2\/comments?post=4563"}],"version-history":[{"count":1,"href":"https:\/\/www.clsinfo.ca\/fr\/wp-json\/wp\/v2\/pages\/4563\/revisions"}],"predecessor-version":[{"id":5105,"href":"https:\/\/www.clsinfo.ca\/fr\/wp-json\/wp\/v2\/pages\/4563\/revisions\/5105"}],"wp:attachment":[{"href":"https:\/\/www.clsinfo.ca\/fr\/wp-json\/wp\/v2\/media?parent=4563"}],"curies":[{"name":"wp","href":"https:\/\/api.w.org\/{rel}","templated":true}]}}