{"id":4572,"date":"2016-05-13T12:47:51","date_gmt":"2016-05-13T16:47:51","guid":{"rendered":"http:\/\/wp-cls_info.eliappdrupal1.elisys-servers.ca\/fr\/?page_id=4572"},"modified":"2021-09-30T13:03:20","modified_gmt":"2021-09-30T17:03:20","slug":"volante-logiciel-pos-caisse-enregistreuse-gestion-stock-inventaire-3","status":"publish","type":"page","link":"https:\/\/www.clsinfo.ca\/fr\/volante-logiciel-pos-caisse-enregistreuse-gestion-stock-inventaire-3\/","title":{"rendered":"Volant\u00e9"},"content":{"rendered":"<p>Le syst\u00e8me POS Volant\u00e9 est une r\u00e9f\u00e9rence sur le march\u00e9 en raison de la vari\u00e9t\u00e9 de ses modules, qui sont utiles \u00e0 diverses op\u00e9rations telles que les changements apport\u00e9s aux menus, la mise \u00e0 jour des niveaux d&rsquo;inventaire et la personnalisation des rapports d&rsquo;entreprise, le tout contribuant \u00e0 un rendement organisationnel et op\u00e9rationnel maximal.<\/p>\n","protected":false},"excerpt":{"rendered":"<p>Logiciel POS pour caisse enregistreuse avec gestion de stock<\/p>\n","protected":false},"author":1,"featured_media":0,"parent":0,"menu_order":0,"comment_status":"closed","ping_status":"closed","template":"template-page-solution.php","meta":{"_acf_changed":false,"_custom_body_class":"is-solutions-details","_custom_post_class":"","footnotes":""},"acf":[],"yoast_head":"<!-- This site is optimized with the Yoast SEO plugin v22.9 - https:\/\/yoast.com\/wordpress\/plugins\/seo\/ -->\n<title>Volant\u00e9 - Logiciel POS pour caisse enregistreuse, stock et inventaire - CLS Info<\/title>\n<meta name=\"description\" content=\"Le logiciel POS Volant\u00e9 comporte diff\u00e9rents modules pour la gestion de votre entreprise. Volant\u00e9 peut vous aider \u00e0 optimiser votre rendement. D\u00e9couvrez comment!\" \/>\n<meta name=\"robots\" content=\"index, follow, max-snippet:-1, max-image-preview:large, max-video-preview:-1\" \/>\n<meta property=\"og:locale\" content=\"fr_CA\" \/>\n<meta property=\"og:type\" content=\"article\" \/>\n<meta property=\"og:title\" content=\"Volant\u00e9 - Logiciel POS pour caisse enregistreuse, stock et inventaire - CLS Info\" \/>\n<meta property=\"og:description\" content=\"Le logiciel POS Volant\u00e9 comporte diff\u00e9rents modules pour la gestion de votre entreprise. Volant\u00e9 peut vous aider \u00e0 optimiser votre rendement. D\u00e9couvrez comment!\" \/>\n<meta property=\"og:url\" content=\"https:\/\/www.clsinfo.ca\/fr\/volante-logiciel-pos-caisse-enregistreuse-gestion-stock-inventaire-3\/\" \/>\n<meta property=\"og:site_name\" content=\"CLS Info\" \/>\n<meta property=\"article:modified_time\" content=\"2021-09-30T17:03:20+00:00\" \/>\n<meta name=\"twitter:card\" content=\"summary_large_image\" \/>\n<meta name=\"twitter:label1\" content=\"Dur\u00e9e de lecture estim\u00e9e\" \/>\n\t<meta name=\"twitter:data1\" content=\"1 minute\" \/>\n<script type=\"application\/ld+json\" class=\"yoast-schema-graph\">{\"@context\":\"https:\/\/schema.org\",\"@graph\":[{\"@type\":\"WebPage\",\"@id\":\"https:\/\/www.clsinfo.ca\/fr\/volante-logiciel-pos-caisse-enregistreuse-gestion-stock-inventaire-3\/\",\"url\":\"https:\/\/www.clsinfo.ca\/fr\/volante-logiciel-pos-caisse-enregistreuse-gestion-stock-inventaire-3\/\",\"name\":\"Volant\u00e9 - Logiciel POS pour caisse enregistreuse, stock et inventaire - CLS Info\",\"isPartOf\":{\"@id\":\"https:\/\/www.clsinfo.ca\/fr\/#website\"},\"datePublished\":\"2016-05-13T16:47:51+00:00\",\"dateModified\":\"2021-09-30T17:03:20+00:00\",\"description\":\"Le logiciel POS Volant\u00e9 comporte diff\u00e9rents modules pour la gestion de votre entreprise. Volant\u00e9 peut vous aider \u00e0 optimiser votre rendement. D\u00e9couvrez comment!\",\"breadcrumb\":{\"@id\":\"https:\/\/www.clsinfo.ca\/fr\/volante-logiciel-pos-caisse-enregistreuse-gestion-stock-inventaire-3\/#breadcrumb\"},\"inLanguage\":\"fr-FR\",\"potentialAction\":[{\"@type\":\"ReadAction\",\"target\":[\"https:\/\/www.clsinfo.ca\/fr\/volante-logiciel-pos-caisse-enregistreuse-gestion-stock-inventaire-3\/\"]}]},{\"@type\":\"BreadcrumbList\",\"@id\":\"https:\/\/www.clsinfo.ca\/fr\/volante-logiciel-pos-caisse-enregistreuse-gestion-stock-inventaire-3\/#breadcrumb\",\"itemListElement\":[{\"@type\":\"ListItem\",\"position\":1,\"name\":\"Accueil\",\"item\":\"https:\/\/www.clsinfo.ca\/fr\/\"},{\"@type\":\"ListItem\",\"position\":2,\"name\":\"Volant\u00e9\"}]},{\"@type\":\"WebSite\",\"@id\":\"https:\/\/www.clsinfo.ca\/fr\/#website\",\"url\":\"https:\/\/www.clsinfo.ca\/fr\/\",\"name\":\"CLS Info\",\"description\":\"\",\"potentialAction\":[{\"@type\":\"SearchAction\",\"target\":{\"@type\":\"EntryPoint\",\"urlTemplate\":\"https:\/\/www.clsinfo.ca\/fr\/?s={search_term_string}\"},\"query-input\":\"required name=search_term_string\"}],\"inLanguage\":\"fr-FR\"}]}<\/script>\n<!-- \/ Yoast SEO plugin. -->","yoast_head_json":{"title":"Volant\u00e9 - Logiciel POS pour caisse enregistreuse, stock et inventaire - CLS Info","description":"Le logiciel POS Volant\u00e9 comporte diff\u00e9rents modules pour la gestion de votre entreprise. Volant\u00e9 peut vous aider \u00e0 optimiser votre rendement. D\u00e9couvrez comment!","robots":{"index":"index","follow":"follow","max-snippet":"max-snippet:-1","max-image-preview":"max-image-preview:large","max-video-preview":"max-video-preview:-1"},"og_locale":"fr_CA","og_type":"article","og_title":"Volant\u00e9 - Logiciel POS pour caisse enregistreuse, stock et inventaire - CLS Info","og_description":"Le logiciel POS Volant\u00e9 comporte diff\u00e9rents modules pour la gestion de votre entreprise. Volant\u00e9 peut vous aider \u00e0 optimiser votre rendement. D\u00e9couvrez comment!","og_url":"https:\/\/www.clsinfo.ca\/fr\/volante-logiciel-pos-caisse-enregistreuse-gestion-stock-inventaire-3\/","og_site_name":"CLS Info","article_modified_time":"2021-09-30T17:03:20+00:00","twitter_card":"summary_large_image","twitter_misc":{"Dur\u00e9e de lecture estim\u00e9e":"1 minute"},"schema":{"@context":"https:\/\/schema.org","@graph":[{"@type":"WebPage","@id":"https:\/\/www.clsinfo.ca\/fr\/volante-logiciel-pos-caisse-enregistreuse-gestion-stock-inventaire-3\/","url":"https:\/\/www.clsinfo.ca\/fr\/volante-logiciel-pos-caisse-enregistreuse-gestion-stock-inventaire-3\/","name":"Volant\u00e9 - Logiciel POS pour caisse enregistreuse, stock et inventaire - CLS Info","isPartOf":{"@id":"https:\/\/www.clsinfo.ca\/fr\/#website"},"datePublished":"2016-05-13T16:47:51+00:00","dateModified":"2021-09-30T17:03:20+00:00","description":"Le logiciel POS Volant\u00e9 comporte diff\u00e9rents modules pour la gestion de votre entreprise. Volant\u00e9 peut vous aider \u00e0 optimiser votre rendement. D\u00e9couvrez comment!","breadcrumb":{"@id":"https:\/\/www.clsinfo.ca\/fr\/volante-logiciel-pos-caisse-enregistreuse-gestion-stock-inventaire-3\/#breadcrumb"},"inLanguage":"fr-FR","potentialAction":[{"@type":"ReadAction","target":["https:\/\/www.clsinfo.ca\/fr\/volante-logiciel-pos-caisse-enregistreuse-gestion-stock-inventaire-3\/"]}]},{"@type":"BreadcrumbList","@id":"https:\/\/www.clsinfo.ca\/fr\/volante-logiciel-pos-caisse-enregistreuse-gestion-stock-inventaire-3\/#breadcrumb","itemListElement":[{"@type":"ListItem","position":1,"name":"Accueil","item":"https:\/\/www.clsinfo.ca\/fr\/"},{"@type":"ListItem","position":2,"name":"Volant\u00e9"}]},{"@type":"WebSite","@id":"https:\/\/www.clsinfo.ca\/fr\/#website","url":"https:\/\/www.clsinfo.ca\/fr\/","name":"CLS Info","description":"","potentialAction":[{"@type":"SearchAction","target":{"@type":"EntryPoint","urlTemplate":"https:\/\/www.clsinfo.ca\/fr\/?s={search_term_string}"},"query-input":"required name=search_term_string"}],"inLanguage":"fr-FR"}]}},"_links":{"self":[{"href":"https:\/\/www.clsinfo.ca\/fr\/wp-json\/wp\/v2\/pages\/4572"}],"collection":[{"href":"https:\/\/www.clsinfo.ca\/fr\/wp-json\/wp\/v2\/pages"}],"about":[{"href":"https:\/\/www.clsinfo.ca\/fr\/wp-json\/wp\/v2\/types\/page"}],"author":[{"embeddable":true,"href":"https:\/\/www.clsinfo.ca\/fr\/wp-json\/wp\/v2\/users\/1"}],"replies":[{"embeddable":true,"href":"https:\/\/www.clsinfo.ca\/fr\/wp-json\/wp\/v2\/comments?post=4572"}],"version-history":[{"count":1,"href":"https:\/\/www.clsinfo.ca\/fr\/wp-json\/wp\/v2\/pages\/4572\/revisions"}],"predecessor-version":[{"id":5055,"href":"https:\/\/www.clsinfo.ca\/fr\/wp-json\/wp\/v2\/pages\/4572\/revisions\/5055"}],"wp:attachment":[{"href":"https:\/\/www.clsinfo.ca\/fr\/wp-json\/wp\/v2\/media?parent=4572"}],"curies":[{"name":"wp","href":"https:\/\/api.w.org\/{rel}","templated":true}]}}