{"id":4573,"date":"2016-05-13T12:48:23","date_gmt":"2016-05-13T16:48:23","guid":{"rendered":"http:\/\/wp-cls_info.eliappdrupal1.elisys-servers.ca\/fr\/?page_id=4573"},"modified":"2018-08-09T15:39:07","modified_gmt":"2018-08-09T19:39:07","slug":"systemes-point-de-vente-pos-pour-mobiles-tablettes-android-ipad","status":"publish","type":"page","link":"https:\/\/www.clsinfo.ca\/fr\/systemes-point-de-vente-pos-pour-mobiles-tablettes-android-ipad\/","title":{"rendered":"Mobiles et tablettes"},"content":{"rendered":"<h4>Solution mobile de POSitouch<\/h4>\n<p>Offrez un service cordial, rapide et efficace gr\u00e2ce aux solutions mobiles de POSitouch. Les solutions mobiles disponibles avec POSitouch comprennent les avantages suivants :<\/p>\n","protected":false},"excerpt":{"rendered":"<p>Syst\u00e8mes de point de vente POS pour mobiles et tablettes Android \/ iPad<\/p>\n","protected":false},"author":1,"featured_media":0,"parent":0,"menu_order":0,"comment_status":"closed","ping_status":"closed","template":"template-page-solution.php","meta":{"_acf_changed":false,"_custom_body_class":"is-solutions-details","_custom_post_class":"","footnotes":""},"acf":[],"yoast_head":"<!-- This site is optimized with the Yoast SEO plugin v22.9 - https:\/\/yoast.com\/wordpress\/plugins\/seo\/ -->\n<title>Syst\u00e8mes de point de vente POS pour mobiles et tablettes Android\/iPad - CLS Info<\/title>\n<meta name=\"description\" content=\"Les syst\u00e8mes POS pour mobiles et tablettes rendent vos op\u00e9rations plus simples et efficaces. Faites confiance \u00e0 l&#039;expertise de CLS Info pour votre entreprise.\" \/>\n<meta name=\"robots\" content=\"index, follow, max-snippet:-1, max-image-preview:large, max-video-preview:-1\" \/>\n<meta property=\"og:locale\" content=\"fr_CA\" \/>\n<meta property=\"og:type\" content=\"article\" \/>\n<meta property=\"og:title\" content=\"Syst\u00e8mes de point de vente POS pour mobiles et tablettes Android\/iPad - CLS Info\" \/>\n<meta property=\"og:description\" content=\"Les syst\u00e8mes POS pour mobiles et tablettes rendent vos op\u00e9rations plus simples et efficaces. Faites confiance \u00e0 l&#039;expertise de CLS Info pour votre entreprise.\" \/>\n<meta property=\"og:url\" content=\"https:\/\/www.clsinfo.ca\/fr\/systemes-point-de-vente-pos-pour-mobiles-tablettes-android-ipad\/\" \/>\n<meta property=\"og:site_name\" content=\"CLS Info\" \/>\n<meta property=\"article:modified_time\" content=\"2018-08-09T19:39:07+00:00\" \/>\n<meta name=\"twitter:card\" content=\"summary_large_image\" \/>\n<script type=\"application\/ld+json\" class=\"yoast-schema-graph\">{\"@context\":\"https:\/\/schema.org\",\"@graph\":[{\"@type\":\"WebPage\",\"@id\":\"https:\/\/www.clsinfo.ca\/fr\/systemes-point-de-vente-pos-pour-mobiles-tablettes-android-ipad\/\",\"url\":\"https:\/\/www.clsinfo.ca\/fr\/systemes-point-de-vente-pos-pour-mobiles-tablettes-android-ipad\/\",\"name\":\"Syst\u00e8mes de point de vente POS pour mobiles et tablettes Android\/iPad - CLS Info\",\"isPartOf\":{\"@id\":\"https:\/\/www.clsinfo.ca\/fr\/#website\"},\"datePublished\":\"2016-05-13T16:48:23+00:00\",\"dateModified\":\"2018-08-09T19:39:07+00:00\",\"description\":\"Les syst\u00e8mes POS pour mobiles et tablettes rendent vos op\u00e9rations plus simples et efficaces. Faites confiance \u00e0 l'expertise de CLS Info pour votre entreprise.\",\"breadcrumb\":{\"@id\":\"https:\/\/www.clsinfo.ca\/fr\/systemes-point-de-vente-pos-pour-mobiles-tablettes-android-ipad\/#breadcrumb\"},\"inLanguage\":\"fr-FR\",\"potentialAction\":[{\"@type\":\"ReadAction\",\"target\":[\"https:\/\/www.clsinfo.ca\/fr\/systemes-point-de-vente-pos-pour-mobiles-tablettes-android-ipad\/\"]}]},{\"@type\":\"BreadcrumbList\",\"@id\":\"https:\/\/www.clsinfo.ca\/fr\/systemes-point-de-vente-pos-pour-mobiles-tablettes-android-ipad\/#breadcrumb\",\"itemListElement\":[{\"@type\":\"ListItem\",\"position\":1,\"name\":\"Accueil\",\"item\":\"https:\/\/www.clsinfo.ca\/fr\/\"},{\"@type\":\"ListItem\",\"position\":2,\"name\":\"Mobiles et tablettes\"}]},{\"@type\":\"WebSite\",\"@id\":\"https:\/\/www.clsinfo.ca\/fr\/#website\",\"url\":\"https:\/\/www.clsinfo.ca\/fr\/\",\"name\":\"CLS Info\",\"description\":\"\",\"potentialAction\":[{\"@type\":\"SearchAction\",\"target\":{\"@type\":\"EntryPoint\",\"urlTemplate\":\"https:\/\/www.clsinfo.ca\/fr\/?s={search_term_string}\"},\"query-input\":\"required name=search_term_string\"}],\"inLanguage\":\"fr-FR\"}]}<\/script>\n<!-- \/ Yoast SEO plugin. -->","yoast_head_json":{"title":"Syst\u00e8mes de point de vente POS pour mobiles et tablettes Android\/iPad - CLS Info","description":"Les syst\u00e8mes POS pour mobiles et tablettes rendent vos op\u00e9rations plus simples et efficaces. Faites confiance \u00e0 l'expertise de CLS Info pour votre entreprise.","robots":{"index":"index","follow":"follow","max-snippet":"max-snippet:-1","max-image-preview":"max-image-preview:large","max-video-preview":"max-video-preview:-1"},"og_locale":"fr_CA","og_type":"article","og_title":"Syst\u00e8mes de point de vente POS pour mobiles et tablettes Android\/iPad - CLS Info","og_description":"Les syst\u00e8mes POS pour mobiles et tablettes rendent vos op\u00e9rations plus simples et efficaces. Faites confiance \u00e0 l'expertise de CLS Info pour votre entreprise.","og_url":"https:\/\/www.clsinfo.ca\/fr\/systemes-point-de-vente-pos-pour-mobiles-tablettes-android-ipad\/","og_site_name":"CLS Info","article_modified_time":"2018-08-09T19:39:07+00:00","twitter_card":"summary_large_image","schema":{"@context":"https:\/\/schema.org","@graph":[{"@type":"WebPage","@id":"https:\/\/www.clsinfo.ca\/fr\/systemes-point-de-vente-pos-pour-mobiles-tablettes-android-ipad\/","url":"https:\/\/www.clsinfo.ca\/fr\/systemes-point-de-vente-pos-pour-mobiles-tablettes-android-ipad\/","name":"Syst\u00e8mes de point de vente POS pour mobiles et tablettes Android\/iPad - CLS Info","isPartOf":{"@id":"https:\/\/www.clsinfo.ca\/fr\/#website"},"datePublished":"2016-05-13T16:48:23+00:00","dateModified":"2018-08-09T19:39:07+00:00","description":"Les syst\u00e8mes POS pour mobiles et tablettes rendent vos op\u00e9rations plus simples et efficaces. Faites confiance \u00e0 l'expertise de CLS Info pour votre entreprise.","breadcrumb":{"@id":"https:\/\/www.clsinfo.ca\/fr\/systemes-point-de-vente-pos-pour-mobiles-tablettes-android-ipad\/#breadcrumb"},"inLanguage":"fr-FR","potentialAction":[{"@type":"ReadAction","target":["https:\/\/www.clsinfo.ca\/fr\/systemes-point-de-vente-pos-pour-mobiles-tablettes-android-ipad\/"]}]},{"@type":"BreadcrumbList","@id":"https:\/\/www.clsinfo.ca\/fr\/systemes-point-de-vente-pos-pour-mobiles-tablettes-android-ipad\/#breadcrumb","itemListElement":[{"@type":"ListItem","position":1,"name":"Accueil","item":"https:\/\/www.clsinfo.ca\/fr\/"},{"@type":"ListItem","position":2,"name":"Mobiles et tablettes"}]},{"@type":"WebSite","@id":"https:\/\/www.clsinfo.ca\/fr\/#website","url":"https:\/\/www.clsinfo.ca\/fr\/","name":"CLS Info","description":"","potentialAction":[{"@type":"SearchAction","target":{"@type":"EntryPoint","urlTemplate":"https:\/\/www.clsinfo.ca\/fr\/?s={search_term_string}"},"query-input":"required name=search_term_string"}],"inLanguage":"fr-FR"}]}},"_links":{"self":[{"href":"https:\/\/www.clsinfo.ca\/fr\/wp-json\/wp\/v2\/pages\/4573"}],"collection":[{"href":"https:\/\/www.clsinfo.ca\/fr\/wp-json\/wp\/v2\/pages"}],"about":[{"href":"https:\/\/www.clsinfo.ca\/fr\/wp-json\/wp\/v2\/types\/page"}],"author":[{"embeddable":true,"href":"https:\/\/www.clsinfo.ca\/fr\/wp-json\/wp\/v2\/users\/1"}],"replies":[{"embeddable":true,"href":"https:\/\/www.clsinfo.ca\/fr\/wp-json\/wp\/v2\/comments?post=4573"}],"version-history":[{"count":1,"href":"https:\/\/www.clsinfo.ca\/fr\/wp-json\/wp\/v2\/pages\/4573\/revisions"}],"predecessor-version":[{"id":4719,"href":"https:\/\/www.clsinfo.ca\/fr\/wp-json\/wp\/v2\/pages\/4573\/revisions\/4719"}],"wp:attachment":[{"href":"https:\/\/www.clsinfo.ca\/fr\/wp-json\/wp\/v2\/media?parent=4573"}],"curies":[{"name":"wp","href":"https:\/\/api.w.org\/{rel}","templated":true}]}}