{"id":4575,"date":"2016-05-13T12:50:00","date_gmt":"2016-05-13T16:50:00","guid":{"rendered":"http:\/\/wp-cls_info.eliappdrupal1.elisys-servers.ca\/fr\/?page_id=4575"},"modified":"2018-08-09T15:41:43","modified_gmt":"2018-08-09T19:41:43","slug":"controle-de-boisson-debit-alcool-biere-bars","status":"publish","type":"page","link":"https:\/\/www.clsinfo.ca\/fr\/controle-de-boisson-debit-alcool-biere-bars\/","title":{"rendered":"Contr\u00f4le de boisson"},"content":{"rendered":"","protected":false},"excerpt":{"rendered":"<p>Solutions pour contr\u00f4le de d\u00e9bit d&rsquo;alcool et de bi\u00e8re pour bars<\/p>\n","protected":false},"author":1,"featured_media":0,"parent":0,"menu_order":0,"comment_status":"closed","ping_status":"closed","template":"template-page-solution.php","meta":{"_acf_changed":false,"_custom_body_class":"is-solutions-details","_custom_post_class":"","footnotes":""},"acf":[],"yoast_head":"<!-- This site is optimized with the Yoast SEO plugin v22.9 - https:\/\/yoast.com\/wordpress\/plugins\/seo\/ -->\n<title>Solutions pour contr\u00f4le de boisson, d\u00e9bit d&#039;alcool et bi\u00e8re pour bars - CLS Info<\/title>\n<meta name=\"description\" content=\"Nos\u00a0solutions pour le contr\u00f4le de boisson vous permettent d&#039;\u00e9viter les exc\u00e8s et de r\u00e9aliser de grandes \u00e9conomies. D\u00e9couvrez leurs nombreux avantages aujourd&#039;hui.\" \/>\n<meta name=\"robots\" content=\"index, follow, max-snippet:-1, max-image-preview:large, max-video-preview:-1\" \/>\n<meta property=\"og:locale\" content=\"fr_CA\" \/>\n<meta property=\"og:type\" content=\"article\" \/>\n<meta property=\"og:title\" content=\"Solutions pour contr\u00f4le de boisson, d\u00e9bit d&#039;alcool et bi\u00e8re pour bars - CLS Info\" \/>\n<meta property=\"og:description\" content=\"Nos\u00a0solutions pour le contr\u00f4le de boisson vous permettent d&#039;\u00e9viter les exc\u00e8s et de r\u00e9aliser de grandes \u00e9conomies. D\u00e9couvrez leurs nombreux avantages aujourd&#039;hui.\" \/>\n<meta property=\"og:url\" content=\"https:\/\/www.clsinfo.ca\/fr\/controle-de-boisson-debit-alcool-biere-bars\/\" \/>\n<meta property=\"og:site_name\" content=\"CLS Info\" \/>\n<meta property=\"article:modified_time\" content=\"2018-08-09T19:41:43+00:00\" \/>\n<meta name=\"twitter:card\" content=\"summary_large_image\" \/>\n<script type=\"application\/ld+json\" class=\"yoast-schema-graph\">{\"@context\":\"https:\/\/schema.org\",\"@graph\":[{\"@type\":\"WebPage\",\"@id\":\"https:\/\/www.clsinfo.ca\/fr\/controle-de-boisson-debit-alcool-biere-bars\/\",\"url\":\"https:\/\/www.clsinfo.ca\/fr\/controle-de-boisson-debit-alcool-biere-bars\/\",\"name\":\"Solutions pour contr\u00f4le de boisson, d\u00e9bit d'alcool et bi\u00e8re pour bars - CLS Info\",\"isPartOf\":{\"@id\":\"https:\/\/www.clsinfo.ca\/fr\/#website\"},\"datePublished\":\"2016-05-13T16:50:00+00:00\",\"dateModified\":\"2018-08-09T19:41:43+00:00\",\"description\":\"Nos\u00a0solutions pour le contr\u00f4le de boisson vous permettent d'\u00e9viter les exc\u00e8s et de r\u00e9aliser de grandes \u00e9conomies. D\u00e9couvrez leurs nombreux avantages aujourd'hui.\",\"breadcrumb\":{\"@id\":\"https:\/\/www.clsinfo.ca\/fr\/controle-de-boisson-debit-alcool-biere-bars\/#breadcrumb\"},\"inLanguage\":\"fr-FR\",\"potentialAction\":[{\"@type\":\"ReadAction\",\"target\":[\"https:\/\/www.clsinfo.ca\/fr\/controle-de-boisson-debit-alcool-biere-bars\/\"]}]},{\"@type\":\"BreadcrumbList\",\"@id\":\"https:\/\/www.clsinfo.ca\/fr\/controle-de-boisson-debit-alcool-biere-bars\/#breadcrumb\",\"itemListElement\":[{\"@type\":\"ListItem\",\"position\":1,\"name\":\"Accueil\",\"item\":\"https:\/\/www.clsinfo.ca\/fr\/\"},{\"@type\":\"ListItem\",\"position\":2,\"name\":\"Contr\u00f4le de boisson\"}]},{\"@type\":\"WebSite\",\"@id\":\"https:\/\/www.clsinfo.ca\/fr\/#website\",\"url\":\"https:\/\/www.clsinfo.ca\/fr\/\",\"name\":\"CLS Info\",\"description\":\"\",\"potentialAction\":[{\"@type\":\"SearchAction\",\"target\":{\"@type\":\"EntryPoint\",\"urlTemplate\":\"https:\/\/www.clsinfo.ca\/fr\/?s={search_term_string}\"},\"query-input\":\"required name=search_term_string\"}],\"inLanguage\":\"fr-FR\"}]}<\/script>\n<!-- \/ Yoast SEO plugin. -->","yoast_head_json":{"title":"Solutions pour contr\u00f4le de boisson, d\u00e9bit d'alcool et bi\u00e8re pour bars - CLS Info","description":"Nos\u00a0solutions pour le contr\u00f4le de boisson vous permettent d'\u00e9viter les exc\u00e8s et de r\u00e9aliser de grandes \u00e9conomies. D\u00e9couvrez leurs nombreux avantages aujourd'hui.","robots":{"index":"index","follow":"follow","max-snippet":"max-snippet:-1","max-image-preview":"max-image-preview:large","max-video-preview":"max-video-preview:-1"},"og_locale":"fr_CA","og_type":"article","og_title":"Solutions pour contr\u00f4le de boisson, d\u00e9bit d'alcool et bi\u00e8re pour bars - CLS Info","og_description":"Nos\u00a0solutions pour le contr\u00f4le de boisson vous permettent d'\u00e9viter les exc\u00e8s et de r\u00e9aliser de grandes \u00e9conomies. D\u00e9couvrez leurs nombreux avantages aujourd'hui.","og_url":"https:\/\/www.clsinfo.ca\/fr\/controle-de-boisson-debit-alcool-biere-bars\/","og_site_name":"CLS Info","article_modified_time":"2018-08-09T19:41:43+00:00","twitter_card":"summary_large_image","schema":{"@context":"https:\/\/schema.org","@graph":[{"@type":"WebPage","@id":"https:\/\/www.clsinfo.ca\/fr\/controle-de-boisson-debit-alcool-biere-bars\/","url":"https:\/\/www.clsinfo.ca\/fr\/controle-de-boisson-debit-alcool-biere-bars\/","name":"Solutions pour contr\u00f4le de boisson, d\u00e9bit d'alcool et bi\u00e8re pour bars - CLS Info","isPartOf":{"@id":"https:\/\/www.clsinfo.ca\/fr\/#website"},"datePublished":"2016-05-13T16:50:00+00:00","dateModified":"2018-08-09T19:41:43+00:00","description":"Nos\u00a0solutions pour le contr\u00f4le de boisson vous permettent d'\u00e9viter les exc\u00e8s et de r\u00e9aliser de grandes \u00e9conomies. D\u00e9couvrez leurs nombreux avantages aujourd'hui.","breadcrumb":{"@id":"https:\/\/www.clsinfo.ca\/fr\/controle-de-boisson-debit-alcool-biere-bars\/#breadcrumb"},"inLanguage":"fr-FR","potentialAction":[{"@type":"ReadAction","target":["https:\/\/www.clsinfo.ca\/fr\/controle-de-boisson-debit-alcool-biere-bars\/"]}]},{"@type":"BreadcrumbList","@id":"https:\/\/www.clsinfo.ca\/fr\/controle-de-boisson-debit-alcool-biere-bars\/#breadcrumb","itemListElement":[{"@type":"ListItem","position":1,"name":"Accueil","item":"https:\/\/www.clsinfo.ca\/fr\/"},{"@type":"ListItem","position":2,"name":"Contr\u00f4le de boisson"}]},{"@type":"WebSite","@id":"https:\/\/www.clsinfo.ca\/fr\/#website","url":"https:\/\/www.clsinfo.ca\/fr\/","name":"CLS Info","description":"","potentialAction":[{"@type":"SearchAction","target":{"@type":"EntryPoint","urlTemplate":"https:\/\/www.clsinfo.ca\/fr\/?s={search_term_string}"},"query-input":"required name=search_term_string"}],"inLanguage":"fr-FR"}]}},"_links":{"self":[{"href":"https:\/\/www.clsinfo.ca\/fr\/wp-json\/wp\/v2\/pages\/4575"}],"collection":[{"href":"https:\/\/www.clsinfo.ca\/fr\/wp-json\/wp\/v2\/pages"}],"about":[{"href":"https:\/\/www.clsinfo.ca\/fr\/wp-json\/wp\/v2\/types\/page"}],"author":[{"embeddable":true,"href":"https:\/\/www.clsinfo.ca\/fr\/wp-json\/wp\/v2\/users\/1"}],"replies":[{"embeddable":true,"href":"https:\/\/www.clsinfo.ca\/fr\/wp-json\/wp\/v2\/comments?post=4575"}],"version-history":[{"count":1,"href":"https:\/\/www.clsinfo.ca\/fr\/wp-json\/wp\/v2\/pages\/4575\/revisions"}],"predecessor-version":[{"id":4926,"href":"https:\/\/www.clsinfo.ca\/fr\/wp-json\/wp\/v2\/pages\/4575\/revisions\/4926"}],"wp:attachment":[{"href":"https:\/\/www.clsinfo.ca\/fr\/wp-json\/wp\/v2\/media?parent=4575"}],"curies":[{"name":"wp","href":"https:\/\/api.w.org\/{rel}","templated":true}]}}