{"id":4577,"date":"2016-05-13T12:58:32","date_gmt":"2016-05-13T16:58:32","guid":{"rendered":"http:\/\/wp-cls_info.eliappdrupal1.elisys-servers.ca\/fr\/?page_id=4577"},"modified":"2016-06-01T16:18:52","modified_gmt":"2016-06-01T20:18:52","slug":"logiciels-cafeterias-ecoles-colleges-universites","status":"publish","type":"page","link":"https:\/\/www.clsinfo.ca\/fr\/logiciels-cafeterias-ecoles-colleges-universites\/","title":{"rendered":"\u00c9tablissements d&rsquo;enseignement"},"content":{"rendered":"<p>Nous proposons des modules de gestion adapt\u00e9s aux services culinaires offerts dans les \u00e9tablissements d&rsquo;enseignement tels que les coll\u00e8ges et les universit\u00e9s. Gagnez en efficacit\u00e9 et acc\u00e9l\u00e9rez le service en proposant aux clients de payer rapidement au moyen de l&rsquo;interface \u00ab\u00a0TAP n PAY\u00a0\u00bb, de payer avec leur carte \u00e9tudiante et d&rsquo;opter pour le plan de repas pr\u00e9pay\u00e9s. En g\u00e9rant les profils \u00e9tudiants, le personnel peut identifier les plats les plus populaires et mieux pr\u00e9voir les quantit\u00e9s de nourriture. Fid\u00e9lisez la client\u00e8le \u00e9tudiante gr\u00e2ce \u00e0 des modules de gestion de carte de points et de carte-cadeau.<\/p>\n","protected":false},"excerpt":{"rendered":"<p>Logiciels pour caf\u00e9t\u00e9rias d&rsquo;\u00e9coles, coll\u00e8ges ou universit\u00e9s<\/p>\n","protected":false},"author":1,"featured_media":4842,"parent":0,"menu_order":0,"comment_status":"closed","ping_status":"closed","template":"template-page-activity.php","meta":{"_acf_changed":false,"_custom_body_class":"is-activities-details","_custom_post_class":"","footnotes":""},"acf":[],"yoast_head":"<!-- This site is optimized with the Yoast SEO plugin v22.9 - https:\/\/yoast.com\/wordpress\/plugins\/seo\/ -->\n<title>Logiciels pour caf\u00e9t\u00e9rias d&#039;\u00e9coles, coll\u00e8ges ou universit\u00e9s - CLS Info<\/title>\n<meta name=\"description\" content=\"Nos logiciels pour \u00e9tablissements d&#039;enseignement en tous genres faciliteront les op\u00e9rations et les transactions de la caf\u00e9t\u00e9ria. Am\u00e9liorez votre service!\" \/>\n<meta name=\"robots\" content=\"index, follow, max-snippet:-1, max-image-preview:large, max-video-preview:-1\" \/>\n<meta property=\"og:locale\" content=\"fr_CA\" \/>\n<meta property=\"og:type\" content=\"article\" \/>\n<meta property=\"og:title\" content=\"Logiciels pour caf\u00e9t\u00e9rias d&#039;\u00e9coles, coll\u00e8ges ou universit\u00e9s - CLS Info\" \/>\n<meta property=\"og:description\" content=\"Nos logiciels pour \u00e9tablissements d&#039;enseignement en tous genres faciliteront les op\u00e9rations et les transactions de la caf\u00e9t\u00e9ria. Am\u00e9liorez votre service!\" \/>\n<meta property=\"og:url\" content=\"https:\/\/www.clsinfo.ca\/fr\/logiciels-cafeterias-ecoles-colleges-universites\/\" \/>\n<meta property=\"og:site_name\" content=\"CLS Info\" \/>\n<meta property=\"article:modified_time\" content=\"2016-06-01T20:18:52+00:00\" \/>\n<meta property=\"og:image\" content=\"https:\/\/www.clsinfo.ca\/wp-content\/uploads\/2016\/05\/main-img-secteur-etablissement-enseignement.jpg\" \/>\n\t<meta property=\"og:image:width\" content=\"750\" \/>\n\t<meta property=\"og:image:height\" content=\"421\" \/>\n\t<meta property=\"og:image:type\" content=\"image\/jpeg\" \/>\n<meta name=\"twitter:card\" content=\"summary_large_image\" \/>\n<meta name=\"twitter:label1\" content=\"Dur\u00e9e de lecture estim\u00e9e\" \/>\n\t<meta name=\"twitter:data1\" content=\"1 minute\" \/>\n<script type=\"application\/ld+json\" class=\"yoast-schema-graph\">{\"@context\":\"https:\/\/schema.org\",\"@graph\":[{\"@type\":\"WebPage\",\"@id\":\"https:\/\/www.clsinfo.ca\/fr\/logiciels-cafeterias-ecoles-colleges-universites\/\",\"url\":\"https:\/\/www.clsinfo.ca\/fr\/logiciels-cafeterias-ecoles-colleges-universites\/\",\"name\":\"Logiciels pour caf\u00e9t\u00e9rias d'\u00e9coles, coll\u00e8ges ou universit\u00e9s - CLS Info\",\"isPartOf\":{\"@id\":\"https:\/\/www.clsinfo.ca\/fr\/#website\"},\"primaryImageOfPage\":{\"@id\":\"https:\/\/www.clsinfo.ca\/fr\/logiciels-cafeterias-ecoles-colleges-universites\/#primaryimage\"},\"image\":{\"@id\":\"https:\/\/www.clsinfo.ca\/fr\/logiciels-cafeterias-ecoles-colleges-universites\/#primaryimage\"},\"thumbnailUrl\":\"https:\/\/www.clsinfo.ca\/wp-content\/uploads\/2016\/05\/main-img-secteur-etablissement-enseignement.jpg\",\"datePublished\":\"2016-05-13T16:58:32+00:00\",\"dateModified\":\"2016-06-01T20:18:52+00:00\",\"description\":\"Nos logiciels pour \u00e9tablissements d'enseignement en tous genres faciliteront les op\u00e9rations et les transactions de la caf\u00e9t\u00e9ria. Am\u00e9liorez votre service!\",\"breadcrumb\":{\"@id\":\"https:\/\/www.clsinfo.ca\/fr\/logiciels-cafeterias-ecoles-colleges-universites\/#breadcrumb\"},\"inLanguage\":\"fr-FR\",\"potentialAction\":[{\"@type\":\"ReadAction\",\"target\":[\"https:\/\/www.clsinfo.ca\/fr\/logiciels-cafeterias-ecoles-colleges-universites\/\"]}]},{\"@type\":\"ImageObject\",\"inLanguage\":\"fr-FR\",\"@id\":\"https:\/\/www.clsinfo.ca\/fr\/logiciels-cafeterias-ecoles-colleges-universites\/#primaryimage\",\"url\":\"https:\/\/www.clsinfo.ca\/wp-content\/uploads\/2016\/05\/main-img-secteur-etablissement-enseignement.jpg\",\"contentUrl\":\"https:\/\/www.clsinfo.ca\/wp-content\/uploads\/2016\/05\/main-img-secteur-etablissement-enseignement.jpg\",\"width\":750,\"height\":421,\"caption\":\"Syst\u00e8mes pour caf\u00e9t\u00e9rias d'universit\u00e9 et d'\u00e9cole\"},{\"@type\":\"BreadcrumbList\",\"@id\":\"https:\/\/www.clsinfo.ca\/fr\/logiciels-cafeterias-ecoles-colleges-universites\/#breadcrumb\",\"itemListElement\":[{\"@type\":\"ListItem\",\"position\":1,\"name\":\"Accueil\",\"item\":\"https:\/\/www.clsinfo.ca\/fr\/\"},{\"@type\":\"ListItem\",\"position\":2,\"name\":\"\u00c9tablissements d&rsquo;enseignement\"}]},{\"@type\":\"WebSite\",\"@id\":\"https:\/\/www.clsinfo.ca\/fr\/#website\",\"url\":\"https:\/\/www.clsinfo.ca\/fr\/\",\"name\":\"CLS Info\",\"description\":\"\",\"potentialAction\":[{\"@type\":\"SearchAction\",\"target\":{\"@type\":\"EntryPoint\",\"urlTemplate\":\"https:\/\/www.clsinfo.ca\/fr\/?s={search_term_string}\"},\"query-input\":\"required name=search_term_string\"}],\"inLanguage\":\"fr-FR\"}]}<\/script>\n<!-- \/ Yoast SEO plugin. -->","yoast_head_json":{"title":"Logiciels pour caf\u00e9t\u00e9rias d'\u00e9coles, coll\u00e8ges ou universit\u00e9s - CLS Info","description":"Nos logiciels pour \u00e9tablissements d'enseignement en tous genres faciliteront les op\u00e9rations et les transactions de la caf\u00e9t\u00e9ria. Am\u00e9liorez votre service!","robots":{"index":"index","follow":"follow","max-snippet":"max-snippet:-1","max-image-preview":"max-image-preview:large","max-video-preview":"max-video-preview:-1"},"og_locale":"fr_CA","og_type":"article","og_title":"Logiciels pour caf\u00e9t\u00e9rias d'\u00e9coles, coll\u00e8ges ou universit\u00e9s - CLS Info","og_description":"Nos logiciels pour \u00e9tablissements d'enseignement en tous genres faciliteront les op\u00e9rations et les transactions de la caf\u00e9t\u00e9ria. Am\u00e9liorez votre service!","og_url":"https:\/\/www.clsinfo.ca\/fr\/logiciels-cafeterias-ecoles-colleges-universites\/","og_site_name":"CLS Info","article_modified_time":"2016-06-01T20:18:52+00:00","og_image":[{"width":750,"height":421,"url":"https:\/\/www.clsinfo.ca\/wp-content\/uploads\/2016\/05\/main-img-secteur-etablissement-enseignement.jpg","type":"image\/jpeg"}],"twitter_card":"summary_large_image","twitter_misc":{"Dur\u00e9e de lecture estim\u00e9e":"1 minute"},"schema":{"@context":"https:\/\/schema.org","@graph":[{"@type":"WebPage","@id":"https:\/\/www.clsinfo.ca\/fr\/logiciels-cafeterias-ecoles-colleges-universites\/","url":"https:\/\/www.clsinfo.ca\/fr\/logiciels-cafeterias-ecoles-colleges-universites\/","name":"Logiciels pour caf\u00e9t\u00e9rias d'\u00e9coles, coll\u00e8ges ou universit\u00e9s - CLS Info","isPartOf":{"@id":"https:\/\/www.clsinfo.ca\/fr\/#website"},"primaryImageOfPage":{"@id":"https:\/\/www.clsinfo.ca\/fr\/logiciels-cafeterias-ecoles-colleges-universites\/#primaryimage"},"image":{"@id":"https:\/\/www.clsinfo.ca\/fr\/logiciels-cafeterias-ecoles-colleges-universites\/#primaryimage"},"thumbnailUrl":"https:\/\/www.clsinfo.ca\/wp-content\/uploads\/2016\/05\/main-img-secteur-etablissement-enseignement.jpg","datePublished":"2016-05-13T16:58:32+00:00","dateModified":"2016-06-01T20:18:52+00:00","description":"Nos logiciels pour \u00e9tablissements d'enseignement en tous genres faciliteront les op\u00e9rations et les transactions de la caf\u00e9t\u00e9ria. Am\u00e9liorez votre service!","breadcrumb":{"@id":"https:\/\/www.clsinfo.ca\/fr\/logiciels-cafeterias-ecoles-colleges-universites\/#breadcrumb"},"inLanguage":"fr-FR","potentialAction":[{"@type":"ReadAction","target":["https:\/\/www.clsinfo.ca\/fr\/logiciels-cafeterias-ecoles-colleges-universites\/"]}]},{"@type":"ImageObject","inLanguage":"fr-FR","@id":"https:\/\/www.clsinfo.ca\/fr\/logiciels-cafeterias-ecoles-colleges-universites\/#primaryimage","url":"https:\/\/www.clsinfo.ca\/wp-content\/uploads\/2016\/05\/main-img-secteur-etablissement-enseignement.jpg","contentUrl":"https:\/\/www.clsinfo.ca\/wp-content\/uploads\/2016\/05\/main-img-secteur-etablissement-enseignement.jpg","width":750,"height":421,"caption":"Syst\u00e8mes pour caf\u00e9t\u00e9rias d'universit\u00e9 et d'\u00e9cole"},{"@type":"BreadcrumbList","@id":"https:\/\/www.clsinfo.ca\/fr\/logiciels-cafeterias-ecoles-colleges-universites\/#breadcrumb","itemListElement":[{"@type":"ListItem","position":1,"name":"Accueil","item":"https:\/\/www.clsinfo.ca\/fr\/"},{"@type":"ListItem","position":2,"name":"\u00c9tablissements d&rsquo;enseignement"}]},{"@type":"WebSite","@id":"https:\/\/www.clsinfo.ca\/fr\/#website","url":"https:\/\/www.clsinfo.ca\/fr\/","name":"CLS Info","description":"","potentialAction":[{"@type":"SearchAction","target":{"@type":"EntryPoint","urlTemplate":"https:\/\/www.clsinfo.ca\/fr\/?s={search_term_string}"},"query-input":"required name=search_term_string"}],"inLanguage":"fr-FR"}]}},"_links":{"self":[{"href":"https:\/\/www.clsinfo.ca\/fr\/wp-json\/wp\/v2\/pages\/4577"}],"collection":[{"href":"https:\/\/www.clsinfo.ca\/fr\/wp-json\/wp\/v2\/pages"}],"about":[{"href":"https:\/\/www.clsinfo.ca\/fr\/wp-json\/wp\/v2\/types\/page"}],"author":[{"embeddable":true,"href":"https:\/\/www.clsinfo.ca\/fr\/wp-json\/wp\/v2\/users\/1"}],"replies":[{"embeddable":true,"href":"https:\/\/www.clsinfo.ca\/fr\/wp-json\/wp\/v2\/comments?post=4577"}],"version-history":[{"count":0,"href":"https:\/\/www.clsinfo.ca\/fr\/wp-json\/wp\/v2\/pages\/4577\/revisions"}],"wp:featuredmedia":[{"embeddable":true,"href":"https:\/\/www.clsinfo.ca\/fr\/wp-json\/wp\/v2\/media\/4842"}],"wp:attachment":[{"href":"https:\/\/www.clsinfo.ca\/fr\/wp-json\/wp\/v2\/media?parent=4577"}],"curies":[{"name":"wp","href":"https:\/\/api.w.org\/{rel}","templated":true}]}}