{"id":4579,"date":"2016-05-13T13:00:19","date_gmt":"2016-05-13T17:00:19","guid":{"rendered":"http:\/\/wp-cls_info.eliappdrupal1.elisys-servers.ca\/fr\/?page_id=4579"},"modified":"2016-06-02T09:52:00","modified_gmt":"2016-06-02T13:52:00","slug":"logiciels-stations-de-ski-parcs-gestion-multisite","status":"publish","type":"page","link":"https:\/\/www.clsinfo.ca\/fr\/logiciels-stations-de-ski-parcs-gestion-multisite\/","title":{"rendered":"Stations de ski et parcs d&rsquo;amusement"},"content":{"rendered":"<p>Dans les stations de ski et les parcs d&rsquo;amusement tels que les parcs aquatiques, charmez les visiteurs en leur offrant un service impeccable, et ce, d\u00e8s leur arriv\u00e9e \u00e0 la billetterie. Nous comprenons que vous ne pouvez vous permettre de suspendre vos activit\u00e9s et que votre syst\u00e8me ne peut en aucun cas subir une panne qui nuirait \u00e0 vos op\u00e9rations. Par cons\u00e9quent, nous proposons Volant\u00e9, une solution d\u00e9velopp\u00e9e selon un mod\u00e8le avanc\u00e9 de \u00ab\u00a0peer-to-peer\u00a0\u00bb. Ce mod\u00e8le permet \u00e0 chaque appareil de fonctionner de mani\u00e8re autonome au cas o\u00f9 une panne du syst\u00e8me surviendrait. De plus, notre solution vous permet de g\u00e9rer efficacement les profils clients et de b\u00e9n\u00e9ficier de la fonction multisite. <\/p>\n","protected":false},"excerpt":{"rendered":"<p>Logiciels pour stations de ski et parcs avec la gestion multisite<\/p>\n","protected":false},"author":1,"featured_media":4656,"parent":0,"menu_order":0,"comment_status":"closed","ping_status":"closed","template":"template-page-activity.php","meta":{"_acf_changed":false,"_custom_body_class":"is-activities-details","_custom_post_class":"","footnotes":""},"acf":[],"yoast_head":"<!-- This site is optimized with the Yoast SEO plugin v22.9 - https:\/\/yoast.com\/wordpress\/plugins\/seo\/ -->\n<title>Logiciels pour stations de ski et parcs incluant la gestion multisite - CLS Info<\/title>\n<meta name=\"description\" content=\"Facilitez la gestion multisite et les op\u00e9rations de la billetterie de vos stations de ski ou parcs d&#039;amusement. Apprenez-en plus sur nos solutions technologiques!\" \/>\n<meta name=\"robots\" content=\"index, follow, max-snippet:-1, max-image-preview:large, max-video-preview:-1\" \/>\n<meta property=\"og:locale\" content=\"fr_CA\" \/>\n<meta property=\"og:type\" content=\"article\" \/>\n<meta property=\"og:title\" content=\"Logiciels pour stations de ski et parcs incluant la gestion multisite - CLS Info\" \/>\n<meta property=\"og:description\" content=\"Facilitez la gestion multisite et les op\u00e9rations de la billetterie de vos stations de ski ou parcs d&#039;amusement. Apprenez-en plus sur nos solutions technologiques!\" \/>\n<meta property=\"og:url\" content=\"https:\/\/www.clsinfo.ca\/fr\/logiciels-stations-de-ski-parcs-gestion-multisite\/\" \/>\n<meta property=\"og:site_name\" content=\"CLS Info\" \/>\n<meta property=\"article:modified_time\" content=\"2016-06-02T13:52:00+00:00\" \/>\n<meta property=\"og:image\" content=\"https:\/\/www.clsinfo.ca\/wp-content\/uploads\/2016\/05\/station-ski.jpg\" \/>\n\t<meta property=\"og:image:width\" content=\"750\" \/>\n\t<meta property=\"og:image:height\" content=\"421\" \/>\n\t<meta property=\"og:image:type\" content=\"image\/jpeg\" \/>\n<meta name=\"twitter:card\" content=\"summary_large_image\" \/>\n<meta name=\"twitter:label1\" content=\"Dur\u00e9e de lecture estim\u00e9e\" \/>\n\t<meta name=\"twitter:data1\" content=\"1 minute\" \/>\n<script type=\"application\/ld+json\" class=\"yoast-schema-graph\">{\"@context\":\"https:\/\/schema.org\",\"@graph\":[{\"@type\":\"WebPage\",\"@id\":\"https:\/\/www.clsinfo.ca\/fr\/logiciels-stations-de-ski-parcs-gestion-multisite\/\",\"url\":\"https:\/\/www.clsinfo.ca\/fr\/logiciels-stations-de-ski-parcs-gestion-multisite\/\",\"name\":\"Logiciels pour stations de ski et parcs incluant la gestion multisite - CLS Info\",\"isPartOf\":{\"@id\":\"https:\/\/www.clsinfo.ca\/fr\/#website\"},\"primaryImageOfPage\":{\"@id\":\"https:\/\/www.clsinfo.ca\/fr\/logiciels-stations-de-ski-parcs-gestion-multisite\/#primaryimage\"},\"image\":{\"@id\":\"https:\/\/www.clsinfo.ca\/fr\/logiciels-stations-de-ski-parcs-gestion-multisite\/#primaryimage\"},\"thumbnailUrl\":\"https:\/\/www.clsinfo.ca\/wp-content\/uploads\/2016\/05\/station-ski.jpg\",\"datePublished\":\"2016-05-13T17:00:19+00:00\",\"dateModified\":\"2016-06-02T13:52:00+00:00\",\"description\":\"Facilitez la gestion multisite et les op\u00e9rations de la billetterie de vos stations de ski ou parcs d'amusement. Apprenez-en plus sur nos solutions technologiques!\",\"breadcrumb\":{\"@id\":\"https:\/\/www.clsinfo.ca\/fr\/logiciels-stations-de-ski-parcs-gestion-multisite\/#breadcrumb\"},\"inLanguage\":\"fr-FR\",\"potentialAction\":[{\"@type\":\"ReadAction\",\"target\":[\"https:\/\/www.clsinfo.ca\/fr\/logiciels-stations-de-ski-parcs-gestion-multisite\/\"]}]},{\"@type\":\"ImageObject\",\"inLanguage\":\"fr-FR\",\"@id\":\"https:\/\/www.clsinfo.ca\/fr\/logiciels-stations-de-ski-parcs-gestion-multisite\/#primaryimage\",\"url\":\"https:\/\/www.clsinfo.ca\/wp-content\/uploads\/2016\/05\/station-ski.jpg\",\"contentUrl\":\"https:\/\/www.clsinfo.ca\/wp-content\/uploads\/2016\/05\/station-ski.jpg\",\"width\":750,\"height\":421},{\"@type\":\"BreadcrumbList\",\"@id\":\"https:\/\/www.clsinfo.ca\/fr\/logiciels-stations-de-ski-parcs-gestion-multisite\/#breadcrumb\",\"itemListElement\":[{\"@type\":\"ListItem\",\"position\":1,\"name\":\"Accueil\",\"item\":\"https:\/\/www.clsinfo.ca\/fr\/\"},{\"@type\":\"ListItem\",\"position\":2,\"name\":\"Stations de ski et parcs d&rsquo;amusement\"}]},{\"@type\":\"WebSite\",\"@id\":\"https:\/\/www.clsinfo.ca\/fr\/#website\",\"url\":\"https:\/\/www.clsinfo.ca\/fr\/\",\"name\":\"CLS Info\",\"description\":\"\",\"potentialAction\":[{\"@type\":\"SearchAction\",\"target\":{\"@type\":\"EntryPoint\",\"urlTemplate\":\"https:\/\/www.clsinfo.ca\/fr\/?s={search_term_string}\"},\"query-input\":\"required name=search_term_string\"}],\"inLanguage\":\"fr-FR\"}]}<\/script>\n<!-- \/ Yoast SEO plugin. -->","yoast_head_json":{"title":"Logiciels pour stations de ski et parcs incluant la gestion multisite - CLS Info","description":"Facilitez la gestion multisite et les op\u00e9rations de la billetterie de vos stations de ski ou parcs d'amusement. Apprenez-en plus sur nos solutions technologiques!","robots":{"index":"index","follow":"follow","max-snippet":"max-snippet:-1","max-image-preview":"max-image-preview:large","max-video-preview":"max-video-preview:-1"},"og_locale":"fr_CA","og_type":"article","og_title":"Logiciels pour stations de ski et parcs incluant la gestion multisite - CLS Info","og_description":"Facilitez la gestion multisite et les op\u00e9rations de la billetterie de vos stations de ski ou parcs d'amusement. Apprenez-en plus sur nos solutions technologiques!","og_url":"https:\/\/www.clsinfo.ca\/fr\/logiciels-stations-de-ski-parcs-gestion-multisite\/","og_site_name":"CLS Info","article_modified_time":"2016-06-02T13:52:00+00:00","og_image":[{"width":750,"height":421,"url":"https:\/\/www.clsinfo.ca\/wp-content\/uploads\/2016\/05\/station-ski.jpg","type":"image\/jpeg"}],"twitter_card":"summary_large_image","twitter_misc":{"Dur\u00e9e de lecture estim\u00e9e":"1 minute"},"schema":{"@context":"https:\/\/schema.org","@graph":[{"@type":"WebPage","@id":"https:\/\/www.clsinfo.ca\/fr\/logiciels-stations-de-ski-parcs-gestion-multisite\/","url":"https:\/\/www.clsinfo.ca\/fr\/logiciels-stations-de-ski-parcs-gestion-multisite\/","name":"Logiciels pour stations de ski et parcs incluant la gestion multisite - CLS Info","isPartOf":{"@id":"https:\/\/www.clsinfo.ca\/fr\/#website"},"primaryImageOfPage":{"@id":"https:\/\/www.clsinfo.ca\/fr\/logiciels-stations-de-ski-parcs-gestion-multisite\/#primaryimage"},"image":{"@id":"https:\/\/www.clsinfo.ca\/fr\/logiciels-stations-de-ski-parcs-gestion-multisite\/#primaryimage"},"thumbnailUrl":"https:\/\/www.clsinfo.ca\/wp-content\/uploads\/2016\/05\/station-ski.jpg","datePublished":"2016-05-13T17:00:19+00:00","dateModified":"2016-06-02T13:52:00+00:00","description":"Facilitez la gestion multisite et les op\u00e9rations de la billetterie de vos stations de ski ou parcs d'amusement. Apprenez-en plus sur nos solutions technologiques!","breadcrumb":{"@id":"https:\/\/www.clsinfo.ca\/fr\/logiciels-stations-de-ski-parcs-gestion-multisite\/#breadcrumb"},"inLanguage":"fr-FR","potentialAction":[{"@type":"ReadAction","target":["https:\/\/www.clsinfo.ca\/fr\/logiciels-stations-de-ski-parcs-gestion-multisite\/"]}]},{"@type":"ImageObject","inLanguage":"fr-FR","@id":"https:\/\/www.clsinfo.ca\/fr\/logiciels-stations-de-ski-parcs-gestion-multisite\/#primaryimage","url":"https:\/\/www.clsinfo.ca\/wp-content\/uploads\/2016\/05\/station-ski.jpg","contentUrl":"https:\/\/www.clsinfo.ca\/wp-content\/uploads\/2016\/05\/station-ski.jpg","width":750,"height":421},{"@type":"BreadcrumbList","@id":"https:\/\/www.clsinfo.ca\/fr\/logiciels-stations-de-ski-parcs-gestion-multisite\/#breadcrumb","itemListElement":[{"@type":"ListItem","position":1,"name":"Accueil","item":"https:\/\/www.clsinfo.ca\/fr\/"},{"@type":"ListItem","position":2,"name":"Stations de ski et parcs d&rsquo;amusement"}]},{"@type":"WebSite","@id":"https:\/\/www.clsinfo.ca\/fr\/#website","url":"https:\/\/www.clsinfo.ca\/fr\/","name":"CLS Info","description":"","potentialAction":[{"@type":"SearchAction","target":{"@type":"EntryPoint","urlTemplate":"https:\/\/www.clsinfo.ca\/fr\/?s={search_term_string}"},"query-input":"required name=search_term_string"}],"inLanguage":"fr-FR"}]}},"_links":{"self":[{"href":"https:\/\/www.clsinfo.ca\/fr\/wp-json\/wp\/v2\/pages\/4579"}],"collection":[{"href":"https:\/\/www.clsinfo.ca\/fr\/wp-json\/wp\/v2\/pages"}],"about":[{"href":"https:\/\/www.clsinfo.ca\/fr\/wp-json\/wp\/v2\/types\/page"}],"author":[{"embeddable":true,"href":"https:\/\/www.clsinfo.ca\/fr\/wp-json\/wp\/v2\/users\/1"}],"replies":[{"embeddable":true,"href":"https:\/\/www.clsinfo.ca\/fr\/wp-json\/wp\/v2\/comments?post=4579"}],"version-history":[{"count":0,"href":"https:\/\/www.clsinfo.ca\/fr\/wp-json\/wp\/v2\/pages\/4579\/revisions"}],"wp:featuredmedia":[{"embeddable":true,"href":"https:\/\/www.clsinfo.ca\/fr\/wp-json\/wp\/v2\/media\/4656"}],"wp:attachment":[{"href":"https:\/\/www.clsinfo.ca\/fr\/wp-json\/wp\/v2\/media?parent=4579"}],"curies":[{"name":"wp","href":"https:\/\/api.w.org\/{rel}","templated":true}]}}