{"id":4580,"date":"2016-05-13T13:00:48","date_gmt":"2016-05-13T17:00:48","guid":{"rendered":"http:\/\/wp-cls_info.eliappdrupal1.elisys-servers.ca\/fr\/?page_id=4580"},"modified":"2016-05-31T16:52:49","modified_gmt":"2016-05-31T20:52:49","slug":"solutions-logicielles-gestion-stades-amphitheatres","status":"publish","type":"page","link":"https:\/\/www.clsinfo.ca\/fr\/solutions-logicielles-gestion-stades-amphitheatres\/","title":{"rendered":"Amphith\u00e9\u00e2tres et stades"},"content":{"rendered":"<p>Dans les amphith\u00e9\u00e2tres et les stades, les d\u00e9fis op\u00e9rationnels consistent \u00e0 offrir le meilleur service et \u00e0 \u00e9viter les surplus ainsi que les pertes \u00e0 la fin des \u00e9v\u00e9nements. Pour l&rsquo;atteinte de ces objectifs, nous vous recommandons des syst\u00e8mes qui vous permettent de diriger la cuisine centrale et les diff\u00e9rents stands (concessions), de g\u00e9rer les prix, les promotions et les commandes aux loges, puis de contr\u00f4ler les stocks et les transferts de marchandises d&rsquo;un stand \u00e0 un autre.<\/p>\n","protected":false},"excerpt":{"rendered":"<p>Solutions logicielles de gestion de stades et d&rsquo;amphith\u00e9\u00e2tres<\/p>\n","protected":false},"author":1,"featured_media":4640,"parent":0,"menu_order":0,"comment_status":"closed","ping_status":"closed","template":"template-page-activity.php","meta":{"_acf_changed":false,"_custom_body_class":"is-activities-details","_custom_post_class":"","footnotes":""},"acf":[],"yoast_head":"<!-- This site is optimized with the Yoast SEO plugin v22.9 - https:\/\/yoast.com\/wordpress\/plugins\/seo\/ -->\n<title>Solutions logicielles de gestion de stades et d&#039;amphith\u00e9\u00e2tres - CLS Info<\/title>\n<meta name=\"description\" content=\"D\u00e9couvrez d\u00e8s aujourd&#039;hui comment r\u00e9guler plus facilement vos niveaux d&#039;inventaire et vos op\u00e9rations gr\u00e2ce \u00e0 nos logiciels pour amphith\u00e9\u00e2tres et stades.\u00a0\" \/>\n<meta name=\"robots\" content=\"index, follow, max-snippet:-1, max-image-preview:large, max-video-preview:-1\" \/>\n<meta property=\"og:locale\" content=\"fr_CA\" \/>\n<meta property=\"og:type\" content=\"article\" \/>\n<meta property=\"og:title\" content=\"Solutions logicielles de gestion de stades et d&#039;amphith\u00e9\u00e2tres - CLS Info\" \/>\n<meta property=\"og:description\" content=\"D\u00e9couvrez d\u00e8s aujourd&#039;hui comment r\u00e9guler plus facilement vos niveaux d&#039;inventaire et vos op\u00e9rations gr\u00e2ce \u00e0 nos logiciels pour amphith\u00e9\u00e2tres et stades.\u00a0\" \/>\n<meta property=\"og:url\" content=\"https:\/\/www.clsinfo.ca\/fr\/solutions-logicielles-gestion-stades-amphitheatres\/\" \/>\n<meta property=\"og:site_name\" content=\"CLS Info\" \/>\n<meta property=\"article:modified_time\" content=\"2016-05-31T20:52:49+00:00\" \/>\n<meta property=\"og:image\" content=\"https:\/\/www.clsinfo.ca\/wp-content\/uploads\/2016\/05\/amphiteatres.jpg\" \/>\n\t<meta property=\"og:image:width\" content=\"750\" \/>\n\t<meta property=\"og:image:height\" content=\"421\" \/>\n\t<meta property=\"og:image:type\" content=\"image\/jpeg\" \/>\n<meta name=\"twitter:card\" content=\"summary_large_image\" \/>\n<script type=\"application\/ld+json\" class=\"yoast-schema-graph\">{\"@context\":\"https:\/\/schema.org\",\"@graph\":[{\"@type\":\"WebPage\",\"@id\":\"https:\/\/www.clsinfo.ca\/fr\/solutions-logicielles-gestion-stades-amphitheatres\/\",\"url\":\"https:\/\/www.clsinfo.ca\/fr\/solutions-logicielles-gestion-stades-amphitheatres\/\",\"name\":\"Solutions logicielles de gestion de stades et d'amphith\u00e9\u00e2tres - CLS Info\",\"isPartOf\":{\"@id\":\"https:\/\/www.clsinfo.ca\/fr\/#website\"},\"primaryImageOfPage\":{\"@id\":\"https:\/\/www.clsinfo.ca\/fr\/solutions-logicielles-gestion-stades-amphitheatres\/#primaryimage\"},\"image\":{\"@id\":\"https:\/\/www.clsinfo.ca\/fr\/solutions-logicielles-gestion-stades-amphitheatres\/#primaryimage\"},\"thumbnailUrl\":\"https:\/\/www.clsinfo.ca\/wp-content\/uploads\/2016\/05\/amphiteatres.jpg\",\"datePublished\":\"2016-05-13T17:00:48+00:00\",\"dateModified\":\"2016-05-31T20:52:49+00:00\",\"description\":\"D\u00e9couvrez d\u00e8s aujourd'hui comment r\u00e9guler plus facilement vos niveaux d'inventaire et vos op\u00e9rations gr\u00e2ce \u00e0 nos logiciels pour amphith\u00e9\u00e2tres et stades.\u00a0\",\"breadcrumb\":{\"@id\":\"https:\/\/www.clsinfo.ca\/fr\/solutions-logicielles-gestion-stades-amphitheatres\/#breadcrumb\"},\"inLanguage\":\"fr-FR\",\"potentialAction\":[{\"@type\":\"ReadAction\",\"target\":[\"https:\/\/www.clsinfo.ca\/fr\/solutions-logicielles-gestion-stades-amphitheatres\/\"]}]},{\"@type\":\"ImageObject\",\"inLanguage\":\"fr-FR\",\"@id\":\"https:\/\/www.clsinfo.ca\/fr\/solutions-logicielles-gestion-stades-amphitheatres\/#primaryimage\",\"url\":\"https:\/\/www.clsinfo.ca\/wp-content\/uploads\/2016\/05\/amphiteatres.jpg\",\"contentUrl\":\"https:\/\/www.clsinfo.ca\/wp-content\/uploads\/2016\/05\/amphiteatres.jpg\",\"width\":750,\"height\":421},{\"@type\":\"BreadcrumbList\",\"@id\":\"https:\/\/www.clsinfo.ca\/fr\/solutions-logicielles-gestion-stades-amphitheatres\/#breadcrumb\",\"itemListElement\":[{\"@type\":\"ListItem\",\"position\":1,\"name\":\"Accueil\",\"item\":\"https:\/\/www.clsinfo.ca\/fr\/\"},{\"@type\":\"ListItem\",\"position\":2,\"name\":\"Amphith\u00e9\u00e2tres et stades\"}]},{\"@type\":\"WebSite\",\"@id\":\"https:\/\/www.clsinfo.ca\/fr\/#website\",\"url\":\"https:\/\/www.clsinfo.ca\/fr\/\",\"name\":\"CLS Info\",\"description\":\"\",\"potentialAction\":[{\"@type\":\"SearchAction\",\"target\":{\"@type\":\"EntryPoint\",\"urlTemplate\":\"https:\/\/www.clsinfo.ca\/fr\/?s={search_term_string}\"},\"query-input\":\"required name=search_term_string\"}],\"inLanguage\":\"fr-FR\"}]}<\/script>\n<!-- \/ Yoast SEO plugin. -->","yoast_head_json":{"title":"Solutions logicielles de gestion de stades et d'amphith\u00e9\u00e2tres - CLS Info","description":"D\u00e9couvrez d\u00e8s aujourd'hui comment r\u00e9guler plus facilement vos niveaux d'inventaire et vos op\u00e9rations gr\u00e2ce \u00e0 nos logiciels pour amphith\u00e9\u00e2tres et stades.\u00a0","robots":{"index":"index","follow":"follow","max-snippet":"max-snippet:-1","max-image-preview":"max-image-preview:large","max-video-preview":"max-video-preview:-1"},"og_locale":"fr_CA","og_type":"article","og_title":"Solutions logicielles de gestion de stades et d'amphith\u00e9\u00e2tres - CLS Info","og_description":"D\u00e9couvrez d\u00e8s aujourd'hui comment r\u00e9guler plus facilement vos niveaux d'inventaire et vos op\u00e9rations gr\u00e2ce \u00e0 nos logiciels pour amphith\u00e9\u00e2tres et stades.\u00a0","og_url":"https:\/\/www.clsinfo.ca\/fr\/solutions-logicielles-gestion-stades-amphitheatres\/","og_site_name":"CLS Info","article_modified_time":"2016-05-31T20:52:49+00:00","og_image":[{"width":750,"height":421,"url":"https:\/\/www.clsinfo.ca\/wp-content\/uploads\/2016\/05\/amphiteatres.jpg","type":"image\/jpeg"}],"twitter_card":"summary_large_image","schema":{"@context":"https:\/\/schema.org","@graph":[{"@type":"WebPage","@id":"https:\/\/www.clsinfo.ca\/fr\/solutions-logicielles-gestion-stades-amphitheatres\/","url":"https:\/\/www.clsinfo.ca\/fr\/solutions-logicielles-gestion-stades-amphitheatres\/","name":"Solutions logicielles de gestion de stades et d'amphith\u00e9\u00e2tres - CLS Info","isPartOf":{"@id":"https:\/\/www.clsinfo.ca\/fr\/#website"},"primaryImageOfPage":{"@id":"https:\/\/www.clsinfo.ca\/fr\/solutions-logicielles-gestion-stades-amphitheatres\/#primaryimage"},"image":{"@id":"https:\/\/www.clsinfo.ca\/fr\/solutions-logicielles-gestion-stades-amphitheatres\/#primaryimage"},"thumbnailUrl":"https:\/\/www.clsinfo.ca\/wp-content\/uploads\/2016\/05\/amphiteatres.jpg","datePublished":"2016-05-13T17:00:48+00:00","dateModified":"2016-05-31T20:52:49+00:00","description":"D\u00e9couvrez d\u00e8s aujourd'hui comment r\u00e9guler plus facilement vos niveaux d'inventaire et vos op\u00e9rations gr\u00e2ce \u00e0 nos logiciels pour amphith\u00e9\u00e2tres et stades.\u00a0","breadcrumb":{"@id":"https:\/\/www.clsinfo.ca\/fr\/solutions-logicielles-gestion-stades-amphitheatres\/#breadcrumb"},"inLanguage":"fr-FR","potentialAction":[{"@type":"ReadAction","target":["https:\/\/www.clsinfo.ca\/fr\/solutions-logicielles-gestion-stades-amphitheatres\/"]}]},{"@type":"ImageObject","inLanguage":"fr-FR","@id":"https:\/\/www.clsinfo.ca\/fr\/solutions-logicielles-gestion-stades-amphitheatres\/#primaryimage","url":"https:\/\/www.clsinfo.ca\/wp-content\/uploads\/2016\/05\/amphiteatres.jpg","contentUrl":"https:\/\/www.clsinfo.ca\/wp-content\/uploads\/2016\/05\/amphiteatres.jpg","width":750,"height":421},{"@type":"BreadcrumbList","@id":"https:\/\/www.clsinfo.ca\/fr\/solutions-logicielles-gestion-stades-amphitheatres\/#breadcrumb","itemListElement":[{"@type":"ListItem","position":1,"name":"Accueil","item":"https:\/\/www.clsinfo.ca\/fr\/"},{"@type":"ListItem","position":2,"name":"Amphith\u00e9\u00e2tres et stades"}]},{"@type":"WebSite","@id":"https:\/\/www.clsinfo.ca\/fr\/#website","url":"https:\/\/www.clsinfo.ca\/fr\/","name":"CLS Info","description":"","potentialAction":[{"@type":"SearchAction","target":{"@type":"EntryPoint","urlTemplate":"https:\/\/www.clsinfo.ca\/fr\/?s={search_term_string}"},"query-input":"required name=search_term_string"}],"inLanguage":"fr-FR"}]}},"_links":{"self":[{"href":"https:\/\/www.clsinfo.ca\/fr\/wp-json\/wp\/v2\/pages\/4580"}],"collection":[{"href":"https:\/\/www.clsinfo.ca\/fr\/wp-json\/wp\/v2\/pages"}],"about":[{"href":"https:\/\/www.clsinfo.ca\/fr\/wp-json\/wp\/v2\/types\/page"}],"author":[{"embeddable":true,"href":"https:\/\/www.clsinfo.ca\/fr\/wp-json\/wp\/v2\/users\/1"}],"replies":[{"embeddable":true,"href":"https:\/\/www.clsinfo.ca\/fr\/wp-json\/wp\/v2\/comments?post=4580"}],"version-history":[{"count":0,"href":"https:\/\/www.clsinfo.ca\/fr\/wp-json\/wp\/v2\/pages\/4580\/revisions"}],"wp:featuredmedia":[{"embeddable":true,"href":"https:\/\/www.clsinfo.ca\/fr\/wp-json\/wp\/v2\/media\/4640"}],"wp:attachment":[{"href":"https:\/\/www.clsinfo.ca\/fr\/wp-json\/wp\/v2\/media?parent=4580"}],"curies":[{"name":"wp","href":"https:\/\/api.w.org\/{rel}","templated":true}]}}