{"id":4581,"date":"2016-05-13T13:01:15","date_gmt":"2016-05-13T17:01:15","guid":{"rendered":"http:\/\/wp-cls_info.eliappdrupal1.elisys-servers.ca\/fr\/?page_id=4581"},"modified":"2016-06-02T09:50:04","modified_gmt":"2016-06-02T13:50:04","slug":"logiciels-residences-personnes-agees-maisons-retraite","status":"publish","type":"page","link":"https:\/\/www.clsinfo.ca\/fr\/logiciels-residences-personnes-agees-maisons-retraite\/","title":{"rendered":"R\u00e9sidences pour personnes \u00e2g\u00e9es"},"content":{"rendered":"<p>Pour un fonctionnement rapide et efficace des caf\u00e9t\u00e9rias dans les r\u00e9sidences pour personnes \u00e2g\u00e9es, choisissez le syst\u00e8me de point de vente Volant\u00e9, qui vous permet de configurer les repas du jour, de la semaine ou du mois. De plus, vous pouvez proposer \u00e0 votre client\u00e8le des cartes pr\u00e9pay\u00e9s ou des formules de repas pr\u00e9pay\u00e9s. CLS Info offre plusieurs solutions pour optimiser les op\u00e9rations dans les maisons de retraite. Pour plus d&rsquo;informations, nous vous invitons \u00e0 nous contacter. Un de nos conseillers prendra le temps de bien d\u00e9finir vos besoins avec vous.<\/p>\n","protected":false},"excerpt":{"rendered":"<p>Logiciels pour r\u00e9sidences pour personnes \u00e2g\u00e9es et maisons de retraite<\/p>\n","protected":false},"author":1,"featured_media":4843,"parent":0,"menu_order":0,"comment_status":"closed","ping_status":"closed","template":"template-page-activity.php","meta":{"_acf_changed":false,"_custom_body_class":"is-activities-details","_custom_post_class":"","footnotes":""},"acf":[],"yoast_head":"<!-- This site is optimized with the Yoast SEO plugin v22.9 - https:\/\/yoast.com\/wordpress\/plugins\/seo\/ -->\n<title>Logiciels pour r\u00e9sidences pour personnes \u00e2g\u00e9es et maisons de retraite - CLS Info<\/title>\n<meta name=\"description\" content=\"Profitez de nos solutions logicielles qui vous permettront d&#039;\u00e9conomiser du temps dans la gestion de votre r\u00e9sidence pour personnes \u00e2g\u00e9es ou maison de retraite.\" \/>\n<meta name=\"robots\" content=\"index, follow, max-snippet:-1, max-image-preview:large, max-video-preview:-1\" \/>\n<meta property=\"og:locale\" content=\"fr_CA\" \/>\n<meta property=\"og:type\" content=\"article\" \/>\n<meta property=\"og:title\" content=\"Logiciels pour r\u00e9sidences pour personnes \u00e2g\u00e9es et maisons de retraite - CLS Info\" \/>\n<meta property=\"og:description\" content=\"Profitez de nos solutions logicielles qui vous permettront d&#039;\u00e9conomiser du temps dans la gestion de votre r\u00e9sidence pour personnes \u00e2g\u00e9es ou maison de retraite.\" \/>\n<meta property=\"og:url\" content=\"https:\/\/www.clsinfo.ca\/fr\/logiciels-residences-personnes-agees-maisons-retraite\/\" \/>\n<meta property=\"og:site_name\" content=\"CLS Info\" \/>\n<meta property=\"article:modified_time\" content=\"2016-06-02T13:50:04+00:00\" \/>\n<meta property=\"og:image\" content=\"https:\/\/www.clsinfo.ca\/wp-content\/uploads\/2016\/05\/main-img-secteur-residences.jpg\" \/>\n\t<meta property=\"og:image:width\" content=\"750\" \/>\n\t<meta property=\"og:image:height\" content=\"421\" \/>\n\t<meta property=\"og:image:type\" content=\"image\/jpeg\" \/>\n<meta name=\"twitter:card\" content=\"summary_large_image\" \/>\n<meta name=\"twitter:label1\" content=\"Dur\u00e9e de lecture estim\u00e9e\" \/>\n\t<meta name=\"twitter:data1\" content=\"1 minute\" \/>\n<script type=\"application\/ld+json\" class=\"yoast-schema-graph\">{\"@context\":\"https:\/\/schema.org\",\"@graph\":[{\"@type\":\"WebPage\",\"@id\":\"https:\/\/www.clsinfo.ca\/fr\/logiciels-residences-personnes-agees-maisons-retraite\/\",\"url\":\"https:\/\/www.clsinfo.ca\/fr\/logiciels-residences-personnes-agees-maisons-retraite\/\",\"name\":\"Logiciels pour r\u00e9sidences pour personnes \u00e2g\u00e9es et maisons de retraite - CLS Info\",\"isPartOf\":{\"@id\":\"https:\/\/www.clsinfo.ca\/fr\/#website\"},\"primaryImageOfPage\":{\"@id\":\"https:\/\/www.clsinfo.ca\/fr\/logiciels-residences-personnes-agees-maisons-retraite\/#primaryimage\"},\"image\":{\"@id\":\"https:\/\/www.clsinfo.ca\/fr\/logiciels-residences-personnes-agees-maisons-retraite\/#primaryimage\"},\"thumbnailUrl\":\"https:\/\/www.clsinfo.ca\/wp-content\/uploads\/2016\/05\/main-img-secteur-residences.jpg\",\"datePublished\":\"2016-05-13T17:01:15+00:00\",\"dateModified\":\"2016-06-02T13:50:04+00:00\",\"description\":\"Profitez de nos solutions logicielles qui vous permettront d'\u00e9conomiser du temps dans la gestion de votre r\u00e9sidence pour personnes \u00e2g\u00e9es ou maison de retraite.\",\"breadcrumb\":{\"@id\":\"https:\/\/www.clsinfo.ca\/fr\/logiciels-residences-personnes-agees-maisons-retraite\/#breadcrumb\"},\"inLanguage\":\"fr-FR\",\"potentialAction\":[{\"@type\":\"ReadAction\",\"target\":[\"https:\/\/www.clsinfo.ca\/fr\/logiciels-residences-personnes-agees-maisons-retraite\/\"]}]},{\"@type\":\"ImageObject\",\"inLanguage\":\"fr-FR\",\"@id\":\"https:\/\/www.clsinfo.ca\/fr\/logiciels-residences-personnes-agees-maisons-retraite\/#primaryimage\",\"url\":\"https:\/\/www.clsinfo.ca\/wp-content\/uploads\/2016\/05\/main-img-secteur-residences.jpg\",\"contentUrl\":\"https:\/\/www.clsinfo.ca\/wp-content\/uploads\/2016\/05\/main-img-secteur-residences.jpg\",\"width\":750,\"height\":421,\"caption\":\"Caf\u00e9t\u00e9rias de centre pour personnes \u00e2g\u00e9es\"},{\"@type\":\"BreadcrumbList\",\"@id\":\"https:\/\/www.clsinfo.ca\/fr\/logiciels-residences-personnes-agees-maisons-retraite\/#breadcrumb\",\"itemListElement\":[{\"@type\":\"ListItem\",\"position\":1,\"name\":\"Accueil\",\"item\":\"https:\/\/www.clsinfo.ca\/fr\/\"},{\"@type\":\"ListItem\",\"position\":2,\"name\":\"R\u00e9sidences pour personnes \u00e2g\u00e9es\"}]},{\"@type\":\"WebSite\",\"@id\":\"https:\/\/www.clsinfo.ca\/fr\/#website\",\"url\":\"https:\/\/www.clsinfo.ca\/fr\/\",\"name\":\"CLS Info\",\"description\":\"\",\"potentialAction\":[{\"@type\":\"SearchAction\",\"target\":{\"@type\":\"EntryPoint\",\"urlTemplate\":\"https:\/\/www.clsinfo.ca\/fr\/?s={search_term_string}\"},\"query-input\":\"required name=search_term_string\"}],\"inLanguage\":\"fr-FR\"}]}<\/script>\n<!-- \/ Yoast SEO plugin. -->","yoast_head_json":{"title":"Logiciels pour r\u00e9sidences pour personnes \u00e2g\u00e9es et maisons de retraite - CLS Info","description":"Profitez de nos solutions logicielles qui vous permettront d'\u00e9conomiser du temps dans la gestion de votre r\u00e9sidence pour personnes \u00e2g\u00e9es ou maison de retraite.","robots":{"index":"index","follow":"follow","max-snippet":"max-snippet:-1","max-image-preview":"max-image-preview:large","max-video-preview":"max-video-preview:-1"},"og_locale":"fr_CA","og_type":"article","og_title":"Logiciels pour r\u00e9sidences pour personnes \u00e2g\u00e9es et maisons de retraite - CLS Info","og_description":"Profitez de nos solutions logicielles qui vous permettront d'\u00e9conomiser du temps dans la gestion de votre r\u00e9sidence pour personnes \u00e2g\u00e9es ou maison de retraite.","og_url":"https:\/\/www.clsinfo.ca\/fr\/logiciels-residences-personnes-agees-maisons-retraite\/","og_site_name":"CLS Info","article_modified_time":"2016-06-02T13:50:04+00:00","og_image":[{"width":750,"height":421,"url":"https:\/\/www.clsinfo.ca\/wp-content\/uploads\/2016\/05\/main-img-secteur-residences.jpg","type":"image\/jpeg"}],"twitter_card":"summary_large_image","twitter_misc":{"Dur\u00e9e de lecture estim\u00e9e":"1 minute"},"schema":{"@context":"https:\/\/schema.org","@graph":[{"@type":"WebPage","@id":"https:\/\/www.clsinfo.ca\/fr\/logiciels-residences-personnes-agees-maisons-retraite\/","url":"https:\/\/www.clsinfo.ca\/fr\/logiciels-residences-personnes-agees-maisons-retraite\/","name":"Logiciels pour r\u00e9sidences pour personnes \u00e2g\u00e9es et maisons de retraite - CLS Info","isPartOf":{"@id":"https:\/\/www.clsinfo.ca\/fr\/#website"},"primaryImageOfPage":{"@id":"https:\/\/www.clsinfo.ca\/fr\/logiciels-residences-personnes-agees-maisons-retraite\/#primaryimage"},"image":{"@id":"https:\/\/www.clsinfo.ca\/fr\/logiciels-residences-personnes-agees-maisons-retraite\/#primaryimage"},"thumbnailUrl":"https:\/\/www.clsinfo.ca\/wp-content\/uploads\/2016\/05\/main-img-secteur-residences.jpg","datePublished":"2016-05-13T17:01:15+00:00","dateModified":"2016-06-02T13:50:04+00:00","description":"Profitez de nos solutions logicielles qui vous permettront d'\u00e9conomiser du temps dans la gestion de votre r\u00e9sidence pour personnes \u00e2g\u00e9es ou maison de retraite.","breadcrumb":{"@id":"https:\/\/www.clsinfo.ca\/fr\/logiciels-residences-personnes-agees-maisons-retraite\/#breadcrumb"},"inLanguage":"fr-FR","potentialAction":[{"@type":"ReadAction","target":["https:\/\/www.clsinfo.ca\/fr\/logiciels-residences-personnes-agees-maisons-retraite\/"]}]},{"@type":"ImageObject","inLanguage":"fr-FR","@id":"https:\/\/www.clsinfo.ca\/fr\/logiciels-residences-personnes-agees-maisons-retraite\/#primaryimage","url":"https:\/\/www.clsinfo.ca\/wp-content\/uploads\/2016\/05\/main-img-secteur-residences.jpg","contentUrl":"https:\/\/www.clsinfo.ca\/wp-content\/uploads\/2016\/05\/main-img-secteur-residences.jpg","width":750,"height":421,"caption":"Caf\u00e9t\u00e9rias de centre pour personnes \u00e2g\u00e9es"},{"@type":"BreadcrumbList","@id":"https:\/\/www.clsinfo.ca\/fr\/logiciels-residences-personnes-agees-maisons-retraite\/#breadcrumb","itemListElement":[{"@type":"ListItem","position":1,"name":"Accueil","item":"https:\/\/www.clsinfo.ca\/fr\/"},{"@type":"ListItem","position":2,"name":"R\u00e9sidences pour personnes \u00e2g\u00e9es"}]},{"@type":"WebSite","@id":"https:\/\/www.clsinfo.ca\/fr\/#website","url":"https:\/\/www.clsinfo.ca\/fr\/","name":"CLS Info","description":"","potentialAction":[{"@type":"SearchAction","target":{"@type":"EntryPoint","urlTemplate":"https:\/\/www.clsinfo.ca\/fr\/?s={search_term_string}"},"query-input":"required name=search_term_string"}],"inLanguage":"fr-FR"}]}},"_links":{"self":[{"href":"https:\/\/www.clsinfo.ca\/fr\/wp-json\/wp\/v2\/pages\/4581"}],"collection":[{"href":"https:\/\/www.clsinfo.ca\/fr\/wp-json\/wp\/v2\/pages"}],"about":[{"href":"https:\/\/www.clsinfo.ca\/fr\/wp-json\/wp\/v2\/types\/page"}],"author":[{"embeddable":true,"href":"https:\/\/www.clsinfo.ca\/fr\/wp-json\/wp\/v2\/users\/1"}],"replies":[{"embeddable":true,"href":"https:\/\/www.clsinfo.ca\/fr\/wp-json\/wp\/v2\/comments?post=4581"}],"version-history":[{"count":0,"href":"https:\/\/www.clsinfo.ca\/fr\/wp-json\/wp\/v2\/pages\/4581\/revisions"}],"wp:featuredmedia":[{"embeddable":true,"href":"https:\/\/www.clsinfo.ca\/fr\/wp-json\/wp\/v2\/media\/4843"}],"wp:attachment":[{"href":"https:\/\/www.clsinfo.ca\/fr\/wp-json\/wp\/v2\/media?parent=4581"}],"curies":[{"name":"wp","href":"https:\/\/api.w.org\/{rel}","templated":true}]}}