{"id":4583,"date":"2016-05-13T14:50:54","date_gmt":"2016-05-13T18:50:54","guid":{"rendered":"http:\/\/wp-cls_info.eliappdrupal1.elisys-servers.ca\/fr\/?page_id=4583"},"modified":"2016-06-02T09:54:30","modified_gmt":"2016-06-02T13:54:30","slug":"logiciels-systemes-pos-resto-bars-microbrasseries-pubs","status":"publish","type":"page","link":"https:\/\/www.clsinfo.ca\/fr\/logiciels-systemes-pos-resto-bars-microbrasseries-pubs\/","title":{"rendered":"Resto-bars, microbrasseries et pubs"},"content":{"rendered":"<p>Le syst\u00e8me de contr\u00f4le de f\u00fbt Harton est id\u00e9al pour g\u00e9rer les quantit\u00e9s et v\u00e9rifier les profits effectivement r\u00e9alis\u00e9s. Pour ce faire, vous n&rsquo;avez pas \u00e0 proc\u00e9der \u00e0 un inventaire ardu ni \u00e0 comparer les ventes avec les informations sur les compteurs. Le module de contr\u00f4le d&rsquo;alcool vous permet aussi de pr\u00e9parer les cocktails \u00e0 l&rsquo;aide de recettes affich\u00e9es \u00e0 l&rsquo;\u00e9cran. De plus, il est possible de g\u00e9rer les promotions directement dans le syst\u00e8me, ce qui est particuli\u00e8rement utile lorsqu&rsquo;on planifie les \u00e9v\u00e9nements &laquo;&nbsp;happy hour&nbsp;&raquo;. Par ailleurs, nous sommes un fier partenaire actif de l&rsquo;association des microbrasseries du Qu\u00e9bec. <a href=\"http:\/\/www.ambq.ca\/\" target=\"_blank\">Visitez le site<\/a> de cette association pour en apprendre plus sur sa mission et les \u00e9v\u00e9nements \u00e0 venir.<\/p>\n","protected":false},"excerpt":{"rendered":"<p>Logiciels et syst\u00e8mes POS sp\u00e9cialis\u00e9s pour resto-bars, microbrasseries et pubs<\/p>\n","protected":false},"author":1,"featured_media":4652,"parent":0,"menu_order":0,"comment_status":"closed","ping_status":"closed","template":"template-page-activity.php","meta":{"_acf_changed":false,"_custom_body_class":"is-activities-details","_custom_post_class":"","footnotes":""},"acf":[],"yoast_head":"<!-- This site is optimized with the Yoast SEO plugin v22.9 - https:\/\/yoast.com\/wordpress\/plugins\/seo\/ -->\n<title>Logiciels et syst\u00e8mes POS pour resto-bars, microbrasseries et pubs - CLS Info<\/title>\n<meta name=\"description\" content=\"Nos syst\u00e8mes de point de vente POS et nos solutions en mati\u00e8re de contr\u00f4le de boisson permettent un d\u00e9roulement efficace des op\u00e9rations de votre \u00e9tablissement.\" \/>\n<meta name=\"robots\" content=\"index, follow, max-snippet:-1, max-image-preview:large, max-video-preview:-1\" \/>\n<meta property=\"og:locale\" content=\"fr_CA\" \/>\n<meta property=\"og:type\" content=\"article\" \/>\n<meta property=\"og:title\" content=\"Logiciels et syst\u00e8mes POS pour resto-bars, microbrasseries et pubs - CLS Info\" \/>\n<meta property=\"og:description\" content=\"Nos syst\u00e8mes de point de vente POS et nos solutions en mati\u00e8re de contr\u00f4le de boisson permettent un d\u00e9roulement efficace des op\u00e9rations de votre \u00e9tablissement.\" \/>\n<meta property=\"og:url\" content=\"https:\/\/www.clsinfo.ca\/fr\/logiciels-systemes-pos-resto-bars-microbrasseries-pubs\/\" \/>\n<meta property=\"og:site_name\" content=\"CLS Info\" \/>\n<meta property=\"article:modified_time\" content=\"2016-06-02T13:54:30+00:00\" \/>\n<meta property=\"og:image\" content=\"https:\/\/www.clsinfo.ca\/wp-content\/uploads\/2016\/05\/resto-bar.jpg\" \/>\n\t<meta property=\"og:image:width\" content=\"750\" \/>\n\t<meta property=\"og:image:height\" content=\"421\" \/>\n\t<meta property=\"og:image:type\" content=\"image\/jpeg\" \/>\n<meta name=\"twitter:card\" content=\"summary_large_image\" \/>\n<meta name=\"twitter:label1\" content=\"Dur\u00e9e de lecture estim\u00e9e\" \/>\n\t<meta name=\"twitter:data1\" content=\"1 minute\" \/>\n<script type=\"application\/ld+json\" class=\"yoast-schema-graph\">{\"@context\":\"https:\/\/schema.org\",\"@graph\":[{\"@type\":\"WebPage\",\"@id\":\"https:\/\/www.clsinfo.ca\/fr\/logiciels-systemes-pos-resto-bars-microbrasseries-pubs\/\",\"url\":\"https:\/\/www.clsinfo.ca\/fr\/logiciels-systemes-pos-resto-bars-microbrasseries-pubs\/\",\"name\":\"Logiciels et syst\u00e8mes POS pour resto-bars, microbrasseries et pubs - CLS Info\",\"isPartOf\":{\"@id\":\"https:\/\/www.clsinfo.ca\/fr\/#website\"},\"primaryImageOfPage\":{\"@id\":\"https:\/\/www.clsinfo.ca\/fr\/logiciels-systemes-pos-resto-bars-microbrasseries-pubs\/#primaryimage\"},\"image\":{\"@id\":\"https:\/\/www.clsinfo.ca\/fr\/logiciels-systemes-pos-resto-bars-microbrasseries-pubs\/#primaryimage\"},\"thumbnailUrl\":\"https:\/\/www.clsinfo.ca\/wp-content\/uploads\/2016\/05\/resto-bar.jpg\",\"datePublished\":\"2016-05-13T18:50:54+00:00\",\"dateModified\":\"2016-06-02T13:54:30+00:00\",\"description\":\"Nos syst\u00e8mes de point de vente POS et nos solutions en mati\u00e8re de contr\u00f4le de boisson permettent un d\u00e9roulement efficace des op\u00e9rations de votre \u00e9tablissement.\",\"breadcrumb\":{\"@id\":\"https:\/\/www.clsinfo.ca\/fr\/logiciels-systemes-pos-resto-bars-microbrasseries-pubs\/#breadcrumb\"},\"inLanguage\":\"fr-FR\",\"potentialAction\":[{\"@type\":\"ReadAction\",\"target\":[\"https:\/\/www.clsinfo.ca\/fr\/logiciels-systemes-pos-resto-bars-microbrasseries-pubs\/\"]}]},{\"@type\":\"ImageObject\",\"inLanguage\":\"fr-FR\",\"@id\":\"https:\/\/www.clsinfo.ca\/fr\/logiciels-systemes-pos-resto-bars-microbrasseries-pubs\/#primaryimage\",\"url\":\"https:\/\/www.clsinfo.ca\/wp-content\/uploads\/2016\/05\/resto-bar.jpg\",\"contentUrl\":\"https:\/\/www.clsinfo.ca\/wp-content\/uploads\/2016\/05\/resto-bar.jpg\",\"width\":750,\"height\":421},{\"@type\":\"BreadcrumbList\",\"@id\":\"https:\/\/www.clsinfo.ca\/fr\/logiciels-systemes-pos-resto-bars-microbrasseries-pubs\/#breadcrumb\",\"itemListElement\":[{\"@type\":\"ListItem\",\"position\":1,\"name\":\"Accueil\",\"item\":\"https:\/\/www.clsinfo.ca\/fr\/\"},{\"@type\":\"ListItem\",\"position\":2,\"name\":\"Resto-bars, microbrasseries et pubs\"}]},{\"@type\":\"WebSite\",\"@id\":\"https:\/\/www.clsinfo.ca\/fr\/#website\",\"url\":\"https:\/\/www.clsinfo.ca\/fr\/\",\"name\":\"CLS Info\",\"description\":\"\",\"potentialAction\":[{\"@type\":\"SearchAction\",\"target\":{\"@type\":\"EntryPoint\",\"urlTemplate\":\"https:\/\/www.clsinfo.ca\/fr\/?s={search_term_string}\"},\"query-input\":\"required name=search_term_string\"}],\"inLanguage\":\"fr-FR\"}]}<\/script>\n<!-- \/ Yoast SEO plugin. -->","yoast_head_json":{"title":"Logiciels et syst\u00e8mes POS pour resto-bars, microbrasseries et pubs - CLS Info","description":"Nos syst\u00e8mes de point de vente POS et nos solutions en mati\u00e8re de contr\u00f4le de boisson permettent un d\u00e9roulement efficace des op\u00e9rations de votre \u00e9tablissement.","robots":{"index":"index","follow":"follow","max-snippet":"max-snippet:-1","max-image-preview":"max-image-preview:large","max-video-preview":"max-video-preview:-1"},"og_locale":"fr_CA","og_type":"article","og_title":"Logiciels et syst\u00e8mes POS pour resto-bars, microbrasseries et pubs - CLS Info","og_description":"Nos syst\u00e8mes de point de vente POS et nos solutions en mati\u00e8re de contr\u00f4le de boisson permettent un d\u00e9roulement efficace des op\u00e9rations de votre \u00e9tablissement.","og_url":"https:\/\/www.clsinfo.ca\/fr\/logiciels-systemes-pos-resto-bars-microbrasseries-pubs\/","og_site_name":"CLS Info","article_modified_time":"2016-06-02T13:54:30+00:00","og_image":[{"width":750,"height":421,"url":"https:\/\/www.clsinfo.ca\/wp-content\/uploads\/2016\/05\/resto-bar.jpg","type":"image\/jpeg"}],"twitter_card":"summary_large_image","twitter_misc":{"Dur\u00e9e de lecture estim\u00e9e":"1 minute"},"schema":{"@context":"https:\/\/schema.org","@graph":[{"@type":"WebPage","@id":"https:\/\/www.clsinfo.ca\/fr\/logiciels-systemes-pos-resto-bars-microbrasseries-pubs\/","url":"https:\/\/www.clsinfo.ca\/fr\/logiciels-systemes-pos-resto-bars-microbrasseries-pubs\/","name":"Logiciels et syst\u00e8mes POS pour resto-bars, microbrasseries et pubs - CLS Info","isPartOf":{"@id":"https:\/\/www.clsinfo.ca\/fr\/#website"},"primaryImageOfPage":{"@id":"https:\/\/www.clsinfo.ca\/fr\/logiciels-systemes-pos-resto-bars-microbrasseries-pubs\/#primaryimage"},"image":{"@id":"https:\/\/www.clsinfo.ca\/fr\/logiciels-systemes-pos-resto-bars-microbrasseries-pubs\/#primaryimage"},"thumbnailUrl":"https:\/\/www.clsinfo.ca\/wp-content\/uploads\/2016\/05\/resto-bar.jpg","datePublished":"2016-05-13T18:50:54+00:00","dateModified":"2016-06-02T13:54:30+00:00","description":"Nos syst\u00e8mes de point de vente POS et nos solutions en mati\u00e8re de contr\u00f4le de boisson permettent un d\u00e9roulement efficace des op\u00e9rations de votre \u00e9tablissement.","breadcrumb":{"@id":"https:\/\/www.clsinfo.ca\/fr\/logiciels-systemes-pos-resto-bars-microbrasseries-pubs\/#breadcrumb"},"inLanguage":"fr-FR","potentialAction":[{"@type":"ReadAction","target":["https:\/\/www.clsinfo.ca\/fr\/logiciels-systemes-pos-resto-bars-microbrasseries-pubs\/"]}]},{"@type":"ImageObject","inLanguage":"fr-FR","@id":"https:\/\/www.clsinfo.ca\/fr\/logiciels-systemes-pos-resto-bars-microbrasseries-pubs\/#primaryimage","url":"https:\/\/www.clsinfo.ca\/wp-content\/uploads\/2016\/05\/resto-bar.jpg","contentUrl":"https:\/\/www.clsinfo.ca\/wp-content\/uploads\/2016\/05\/resto-bar.jpg","width":750,"height":421},{"@type":"BreadcrumbList","@id":"https:\/\/www.clsinfo.ca\/fr\/logiciels-systemes-pos-resto-bars-microbrasseries-pubs\/#breadcrumb","itemListElement":[{"@type":"ListItem","position":1,"name":"Accueil","item":"https:\/\/www.clsinfo.ca\/fr\/"},{"@type":"ListItem","position":2,"name":"Resto-bars, microbrasseries et pubs"}]},{"@type":"WebSite","@id":"https:\/\/www.clsinfo.ca\/fr\/#website","url":"https:\/\/www.clsinfo.ca\/fr\/","name":"CLS Info","description":"","potentialAction":[{"@type":"SearchAction","target":{"@type":"EntryPoint","urlTemplate":"https:\/\/www.clsinfo.ca\/fr\/?s={search_term_string}"},"query-input":"required name=search_term_string"}],"inLanguage":"fr-FR"}]}},"_links":{"self":[{"href":"https:\/\/www.clsinfo.ca\/fr\/wp-json\/wp\/v2\/pages\/4583"}],"collection":[{"href":"https:\/\/www.clsinfo.ca\/fr\/wp-json\/wp\/v2\/pages"}],"about":[{"href":"https:\/\/www.clsinfo.ca\/fr\/wp-json\/wp\/v2\/types\/page"}],"author":[{"embeddable":true,"href":"https:\/\/www.clsinfo.ca\/fr\/wp-json\/wp\/v2\/users\/1"}],"replies":[{"embeddable":true,"href":"https:\/\/www.clsinfo.ca\/fr\/wp-json\/wp\/v2\/comments?post=4583"}],"version-history":[{"count":1,"href":"https:\/\/www.clsinfo.ca\/fr\/wp-json\/wp\/v2\/pages\/4583\/revisions"}],"predecessor-version":[{"id":4597,"href":"https:\/\/www.clsinfo.ca\/fr\/wp-json\/wp\/v2\/pages\/4583\/revisions\/4597"}],"wp:featuredmedia":[{"embeddable":true,"href":"https:\/\/www.clsinfo.ca\/fr\/wp-json\/wp\/v2\/media\/4652"}],"wp:attachment":[{"href":"https:\/\/www.clsinfo.ca\/fr\/wp-json\/wp\/v2\/media?parent=4583"}],"curies":[{"name":"wp","href":"https:\/\/api.w.org\/{rel}","templated":true}]}}