{"id":4584,"date":"2016-05-13T14:51:53","date_gmt":"2016-05-13T18:51:53","guid":{"rendered":"http:\/\/wp-cls_info.eliappdrupal1.elisys-servers.ca\/fr\/?page_id=4584"},"modified":"2018-08-16T13:31:24","modified_gmt":"2018-08-16T17:31:24","slug":"logiciels-systemes-pos-bars-boites-de-nuit-nightclubs","status":"publish","type":"page","link":"https:\/\/www.clsinfo.ca\/fr\/logiciels-systemes-pos-bars-boites-de-nuit-nightclubs\/","title":{"rendered":"Bars et bo\u00eetes de nuit \/ nightclubs"},"content":{"rendered":"<p>Pour l&rsquo;optimisation des op\u00e9rations dans les bars et les night-clubs, nous  vous conseillons de vous tourner vers POSebar, un syst\u00e8me de point de vente (POS) sur android parfaitement adapt\u00e9 au processus de contr\u00f4le de boisson et compatible avec le contr\u00f4leur de f\u00fbt Harton. De plus, ce syst\u00e8me peut \u00eatre reli\u00e9 \u00e0 un module d&rsquo;enregistrement des ventes (MEV) sans probl\u00e8me. Afin de lib\u00e9rer de l&rsquo;espace, nous vous recommandons d&rsquo;opter pour des solutions mobiles, c&rsquo;est-\u00e0-dire un contr\u00f4leur et un POS sur tablette. Pr\u00e9parer les cocktails devient un jeu d&rsquo;enfant gr\u00e2ce aux instructions et aux photos affich\u00e9s \u00e0 l&rsquo;\u00e9cran. Le module d&rsquo;inventaire int\u00e9gr\u00e9 et la mise \u00e0 jour constante du syst\u00e8me vous permettent de suivre et de contr\u00f4ler les quantit\u00e9s d&rsquo;alcool servies. Au moyen d&rsquo;une seule touche, proc\u00e9dez rapidement \u00e0 la facturation. Soyez pr\u00eats \u00e0 offrir un service in\u00e9galable lors des \u00e9v\u00e9nements \u00ab\u00a0happy hour\u00a0\u00bb et rendez l&rsquo;exp\u00e9rience de vos clients encore plus agr\u00e9able gr\u00e2ce \u00e0 nos modules de gestion des vestiaires et des tables de billard.<\/p>\n","protected":false},"excerpt":{"rendered":"<p>Logiciels et syst\u00e8mes POS sp\u00e9cialis\u00e9s pour bars et nightclubs<\/p>\n","protected":false},"author":1,"featured_media":4650,"parent":0,"menu_order":0,"comment_status":"closed","ping_status":"closed","template":"template-page-activity.php","meta":{"_acf_changed":false,"_custom_body_class":"is-activities-details","_custom_post_class":"","footnotes":""},"acf":[],"yoast_head":"<!-- This site is optimized with the Yoast SEO plugin v22.9 - https:\/\/yoast.com\/wordpress\/plugins\/seo\/ -->\n<title>Logiciels et syst\u00e8mes POS\u00a0pour\u00a0bars et bo\u00eetes de nuit \/ nightclubs - CLS Info<\/title>\n<meta name=\"description\" content=\"Finis les exc\u00e8s et les erreurs! Nos solutions logicielles augmentent votre productivit\u00e9 et permettent un meilleur contr\u00f4le sur vos op\u00e9rations. D\u00e9couvrez comment.\" \/>\n<meta name=\"robots\" content=\"index, follow, max-snippet:-1, max-image-preview:large, max-video-preview:-1\" \/>\n<meta property=\"og:locale\" content=\"fr_CA\" \/>\n<meta property=\"og:type\" content=\"article\" \/>\n<meta property=\"og:title\" content=\"Logiciels et syst\u00e8mes POS\u00a0pour\u00a0bars et bo\u00eetes de nuit \/ nightclubs - CLS Info\" \/>\n<meta property=\"og:description\" content=\"Finis les exc\u00e8s et les erreurs! Nos solutions logicielles augmentent votre productivit\u00e9 et permettent un meilleur contr\u00f4le sur vos op\u00e9rations. D\u00e9couvrez comment.\" \/>\n<meta property=\"og:url\" content=\"https:\/\/www.clsinfo.ca\/fr\/logiciels-systemes-pos-bars-boites-de-nuit-nightclubs\/\" \/>\n<meta property=\"og:site_name\" content=\"CLS Info\" \/>\n<meta property=\"article:modified_time\" content=\"2018-08-16T17:31:24+00:00\" \/>\n<meta property=\"og:image\" content=\"https:\/\/www.clsinfo.ca\/wp-content\/uploads\/2016\/05\/nightlife.jpg\" \/>\n\t<meta property=\"og:image:width\" content=\"750\" \/>\n\t<meta property=\"og:image:height\" content=\"421\" \/>\n\t<meta property=\"og:image:type\" content=\"image\/jpeg\" \/>\n<meta name=\"twitter:card\" content=\"summary_large_image\" \/>\n<meta name=\"twitter:label1\" content=\"Dur\u00e9e de lecture estim\u00e9e\" \/>\n\t<meta name=\"twitter:data1\" content=\"1 minute\" \/>\n<script type=\"application\/ld+json\" class=\"yoast-schema-graph\">{\"@context\":\"https:\/\/schema.org\",\"@graph\":[{\"@type\":\"WebPage\",\"@id\":\"https:\/\/www.clsinfo.ca\/fr\/logiciels-systemes-pos-bars-boites-de-nuit-nightclubs\/\",\"url\":\"https:\/\/www.clsinfo.ca\/fr\/logiciels-systemes-pos-bars-boites-de-nuit-nightclubs\/\",\"name\":\"Logiciels et syst\u00e8mes POS\u00a0pour\u00a0bars et bo\u00eetes de nuit \/ nightclubs - CLS Info\",\"isPartOf\":{\"@id\":\"https:\/\/www.clsinfo.ca\/fr\/#website\"},\"primaryImageOfPage\":{\"@id\":\"https:\/\/www.clsinfo.ca\/fr\/logiciels-systemes-pos-bars-boites-de-nuit-nightclubs\/#primaryimage\"},\"image\":{\"@id\":\"https:\/\/www.clsinfo.ca\/fr\/logiciels-systemes-pos-bars-boites-de-nuit-nightclubs\/#primaryimage\"},\"thumbnailUrl\":\"https:\/\/www.clsinfo.ca\/wp-content\/uploads\/2016\/05\/nightlife.jpg\",\"datePublished\":\"2016-05-13T18:51:53+00:00\",\"dateModified\":\"2018-08-16T17:31:24+00:00\",\"description\":\"Finis les exc\u00e8s et les erreurs! Nos solutions logicielles augmentent votre productivit\u00e9 et permettent un meilleur contr\u00f4le sur vos op\u00e9rations. D\u00e9couvrez comment.\",\"breadcrumb\":{\"@id\":\"https:\/\/www.clsinfo.ca\/fr\/logiciels-systemes-pos-bars-boites-de-nuit-nightclubs\/#breadcrumb\"},\"inLanguage\":\"fr-FR\",\"potentialAction\":[{\"@type\":\"ReadAction\",\"target\":[\"https:\/\/www.clsinfo.ca\/fr\/logiciels-systemes-pos-bars-boites-de-nuit-nightclubs\/\"]}]},{\"@type\":\"ImageObject\",\"inLanguage\":\"fr-FR\",\"@id\":\"https:\/\/www.clsinfo.ca\/fr\/logiciels-systemes-pos-bars-boites-de-nuit-nightclubs\/#primaryimage\",\"url\":\"https:\/\/www.clsinfo.ca\/wp-content\/uploads\/2016\/05\/nightlife.jpg\",\"contentUrl\":\"https:\/\/www.clsinfo.ca\/wp-content\/uploads\/2016\/05\/nightlife.jpg\",\"width\":750,\"height\":421},{\"@type\":\"BreadcrumbList\",\"@id\":\"https:\/\/www.clsinfo.ca\/fr\/logiciels-systemes-pos-bars-boites-de-nuit-nightclubs\/#breadcrumb\",\"itemListElement\":[{\"@type\":\"ListItem\",\"position\":1,\"name\":\"Accueil\",\"item\":\"https:\/\/www.clsinfo.ca\/fr\/\"},{\"@type\":\"ListItem\",\"position\":2,\"name\":\"Bars et bo\u00eetes de nuit \/ nightclubs\"}]},{\"@type\":\"WebSite\",\"@id\":\"https:\/\/www.clsinfo.ca\/fr\/#website\",\"url\":\"https:\/\/www.clsinfo.ca\/fr\/\",\"name\":\"CLS Info\",\"description\":\"\",\"potentialAction\":[{\"@type\":\"SearchAction\",\"target\":{\"@type\":\"EntryPoint\",\"urlTemplate\":\"https:\/\/www.clsinfo.ca\/fr\/?s={search_term_string}\"},\"query-input\":\"required name=search_term_string\"}],\"inLanguage\":\"fr-FR\"}]}<\/script>\n<!-- \/ Yoast SEO plugin. -->","yoast_head_json":{"title":"Logiciels et syst\u00e8mes POS\u00a0pour\u00a0bars et bo\u00eetes de nuit \/ nightclubs - CLS Info","description":"Finis les exc\u00e8s et les erreurs! Nos solutions logicielles augmentent votre productivit\u00e9 et permettent un meilleur contr\u00f4le sur vos op\u00e9rations. D\u00e9couvrez comment.","robots":{"index":"index","follow":"follow","max-snippet":"max-snippet:-1","max-image-preview":"max-image-preview:large","max-video-preview":"max-video-preview:-1"},"og_locale":"fr_CA","og_type":"article","og_title":"Logiciels et syst\u00e8mes POS\u00a0pour\u00a0bars et bo\u00eetes de nuit \/ nightclubs - CLS Info","og_description":"Finis les exc\u00e8s et les erreurs! Nos solutions logicielles augmentent votre productivit\u00e9 et permettent un meilleur contr\u00f4le sur vos op\u00e9rations. D\u00e9couvrez comment.","og_url":"https:\/\/www.clsinfo.ca\/fr\/logiciels-systemes-pos-bars-boites-de-nuit-nightclubs\/","og_site_name":"CLS Info","article_modified_time":"2018-08-16T17:31:24+00:00","og_image":[{"width":750,"height":421,"url":"https:\/\/www.clsinfo.ca\/wp-content\/uploads\/2016\/05\/nightlife.jpg","type":"image\/jpeg"}],"twitter_card":"summary_large_image","twitter_misc":{"Dur\u00e9e de lecture estim\u00e9e":"1 minute"},"schema":{"@context":"https:\/\/schema.org","@graph":[{"@type":"WebPage","@id":"https:\/\/www.clsinfo.ca\/fr\/logiciels-systemes-pos-bars-boites-de-nuit-nightclubs\/","url":"https:\/\/www.clsinfo.ca\/fr\/logiciels-systemes-pos-bars-boites-de-nuit-nightclubs\/","name":"Logiciels et syst\u00e8mes POS\u00a0pour\u00a0bars et bo\u00eetes de nuit \/ nightclubs - CLS Info","isPartOf":{"@id":"https:\/\/www.clsinfo.ca\/fr\/#website"},"primaryImageOfPage":{"@id":"https:\/\/www.clsinfo.ca\/fr\/logiciels-systemes-pos-bars-boites-de-nuit-nightclubs\/#primaryimage"},"image":{"@id":"https:\/\/www.clsinfo.ca\/fr\/logiciels-systemes-pos-bars-boites-de-nuit-nightclubs\/#primaryimage"},"thumbnailUrl":"https:\/\/www.clsinfo.ca\/wp-content\/uploads\/2016\/05\/nightlife.jpg","datePublished":"2016-05-13T18:51:53+00:00","dateModified":"2018-08-16T17:31:24+00:00","description":"Finis les exc\u00e8s et les erreurs! Nos solutions logicielles augmentent votre productivit\u00e9 et permettent un meilleur contr\u00f4le sur vos op\u00e9rations. D\u00e9couvrez comment.","breadcrumb":{"@id":"https:\/\/www.clsinfo.ca\/fr\/logiciels-systemes-pos-bars-boites-de-nuit-nightclubs\/#breadcrumb"},"inLanguage":"fr-FR","potentialAction":[{"@type":"ReadAction","target":["https:\/\/www.clsinfo.ca\/fr\/logiciels-systemes-pos-bars-boites-de-nuit-nightclubs\/"]}]},{"@type":"ImageObject","inLanguage":"fr-FR","@id":"https:\/\/www.clsinfo.ca\/fr\/logiciels-systemes-pos-bars-boites-de-nuit-nightclubs\/#primaryimage","url":"https:\/\/www.clsinfo.ca\/wp-content\/uploads\/2016\/05\/nightlife.jpg","contentUrl":"https:\/\/www.clsinfo.ca\/wp-content\/uploads\/2016\/05\/nightlife.jpg","width":750,"height":421},{"@type":"BreadcrumbList","@id":"https:\/\/www.clsinfo.ca\/fr\/logiciels-systemes-pos-bars-boites-de-nuit-nightclubs\/#breadcrumb","itemListElement":[{"@type":"ListItem","position":1,"name":"Accueil","item":"https:\/\/www.clsinfo.ca\/fr\/"},{"@type":"ListItem","position":2,"name":"Bars et bo\u00eetes de nuit \/ nightclubs"}]},{"@type":"WebSite","@id":"https:\/\/www.clsinfo.ca\/fr\/#website","url":"https:\/\/www.clsinfo.ca\/fr\/","name":"CLS Info","description":"","potentialAction":[{"@type":"SearchAction","target":{"@type":"EntryPoint","urlTemplate":"https:\/\/www.clsinfo.ca\/fr\/?s={search_term_string}"},"query-input":"required name=search_term_string"}],"inLanguage":"fr-FR"}]}},"_links":{"self":[{"href":"https:\/\/www.clsinfo.ca\/fr\/wp-json\/wp\/v2\/pages\/4584"}],"collection":[{"href":"https:\/\/www.clsinfo.ca\/fr\/wp-json\/wp\/v2\/pages"}],"about":[{"href":"https:\/\/www.clsinfo.ca\/fr\/wp-json\/wp\/v2\/types\/page"}],"author":[{"embeddable":true,"href":"https:\/\/www.clsinfo.ca\/fr\/wp-json\/wp\/v2\/users\/1"}],"replies":[{"embeddable":true,"href":"https:\/\/www.clsinfo.ca\/fr\/wp-json\/wp\/v2\/comments?post=4584"}],"version-history":[{"count":0,"href":"https:\/\/www.clsinfo.ca\/fr\/wp-json\/wp\/v2\/pages\/4584\/revisions"}],"wp:featuredmedia":[{"embeddable":true,"href":"https:\/\/www.clsinfo.ca\/fr\/wp-json\/wp\/v2\/media\/4650"}],"wp:attachment":[{"href":"https:\/\/www.clsinfo.ca\/fr\/wp-json\/wp\/v2\/media?parent=4584"}],"curies":[{"name":"wp","href":"https:\/\/api.w.org\/{rel}","templated":true}]}}