{"id":4585,"date":"2016-05-13T14:52:35","date_gmt":"2016-05-13T18:52:35","guid":{"rendered":"http:\/\/wp-cls_info.eliappdrupal1.elisys-servers.ca\/fr\/?page_id=4585"},"modified":"2016-10-18T15:15:55","modified_gmt":"2016-10-18T19:15:55","slug":"logiciels-gestion-caisses-commerces-detail","status":"publish","type":"page","link":"https:\/\/www.clsinfo.ca\/fr\/logiciels-gestion-caisses-commerces-detail\/","title":{"rendered":"Commerces de d\u00e9tail"},"content":{"rendered":"<p>Pour les commerces de d\u00e9tail tels que les d\u00e9panneurs et les boutiques de v\u00eatements, nous recommandons des outils de gestion d&rsquo;inventaire avanc\u00e9s, qui vous permettent de lister vos articles par couleur, grandeur et style. De plus, si vous recherchez une caisse enregistreuse ainsi qu&rsquo;un lecteur optique, nous sommes en mesure de vous guider ad\u00e9quatement vers les meilleurs choix pour vous.<\/p>\n","protected":false},"excerpt":{"rendered":"<p>Logiciels de caisses pour commerces de d\u00e9tail en tous genres<\/p>\n","protected":false},"author":1,"featured_media":4644,"parent":0,"menu_order":0,"comment_status":"closed","ping_status":"closed","template":"template-page-activity.php","meta":{"_acf_changed":false,"_custom_body_class":"is-activities-details","_custom_post_class":"","footnotes":""},"acf":[],"yoast_head":"<!-- This site is optimized with the Yoast SEO plugin v22.9 - https:\/\/yoast.com\/wordpress\/plugins\/seo\/ -->\n<title>Logiciels pour gestion des caisses, commerces de d\u00e9tail en tous genres - CLS Info<\/title>\n<meta name=\"description\" content=\"Nos solutions\u00a0logicielles simplifient les op\u00e9rations et la maintenance des caisses enregistreuses de votre commerce de d\u00e9tail. Apprenez-en plus d\u00e8s aujourd&#039;hui!\" \/>\n<meta name=\"robots\" content=\"index, follow, max-snippet:-1, max-image-preview:large, max-video-preview:-1\" \/>\n<meta property=\"og:locale\" content=\"fr_CA\" \/>\n<meta property=\"og:type\" content=\"article\" \/>\n<meta property=\"og:title\" content=\"Logiciels pour gestion des caisses, commerces de d\u00e9tail en tous genres - CLS Info\" \/>\n<meta property=\"og:description\" content=\"Nos solutions\u00a0logicielles simplifient les op\u00e9rations et la maintenance des caisses enregistreuses de votre commerce de d\u00e9tail. Apprenez-en plus d\u00e8s aujourd&#039;hui!\" \/>\n<meta property=\"og:url\" content=\"https:\/\/www.clsinfo.ca\/fr\/logiciels-gestion-caisses-commerces-detail\/\" \/>\n<meta property=\"og:site_name\" content=\"CLS Info\" \/>\n<meta property=\"article:modified_time\" content=\"2016-10-18T19:15:55+00:00\" \/>\n<meta property=\"og:image\" content=\"https:\/\/www.clsinfo.ca\/wp-content\/uploads\/2016\/05\/commerce-de-detail.jpg\" \/>\n\t<meta property=\"og:image:width\" content=\"750\" \/>\n\t<meta property=\"og:image:height\" content=\"421\" \/>\n\t<meta property=\"og:image:type\" content=\"image\/jpeg\" \/>\n<meta name=\"twitter:card\" content=\"summary_large_image\" \/>\n<script type=\"application\/ld+json\" class=\"yoast-schema-graph\">{\"@context\":\"https:\/\/schema.org\",\"@graph\":[{\"@type\":\"WebPage\",\"@id\":\"https:\/\/www.clsinfo.ca\/fr\/logiciels-gestion-caisses-commerces-detail\/\",\"url\":\"https:\/\/www.clsinfo.ca\/fr\/logiciels-gestion-caisses-commerces-detail\/\",\"name\":\"Logiciels pour gestion des caisses, commerces de d\u00e9tail en tous genres - CLS Info\",\"isPartOf\":{\"@id\":\"https:\/\/www.clsinfo.ca\/fr\/#website\"},\"primaryImageOfPage\":{\"@id\":\"https:\/\/www.clsinfo.ca\/fr\/logiciels-gestion-caisses-commerces-detail\/#primaryimage\"},\"image\":{\"@id\":\"https:\/\/www.clsinfo.ca\/fr\/logiciels-gestion-caisses-commerces-detail\/#primaryimage\"},\"thumbnailUrl\":\"https:\/\/www.clsinfo.ca\/wp-content\/uploads\/2016\/05\/commerce-de-detail.jpg\",\"datePublished\":\"2016-05-13T18:52:35+00:00\",\"dateModified\":\"2016-10-18T19:15:55+00:00\",\"description\":\"Nos solutions\u00a0logicielles simplifient les op\u00e9rations et la maintenance des caisses enregistreuses de votre commerce de d\u00e9tail. Apprenez-en plus d\u00e8s aujourd'hui!\",\"breadcrumb\":{\"@id\":\"https:\/\/www.clsinfo.ca\/fr\/logiciels-gestion-caisses-commerces-detail\/#breadcrumb\"},\"inLanguage\":\"fr-FR\",\"potentialAction\":[{\"@type\":\"ReadAction\",\"target\":[\"https:\/\/www.clsinfo.ca\/fr\/logiciels-gestion-caisses-commerces-detail\/\"]}]},{\"@type\":\"ImageObject\",\"inLanguage\":\"fr-FR\",\"@id\":\"https:\/\/www.clsinfo.ca\/fr\/logiciels-gestion-caisses-commerces-detail\/#primaryimage\",\"url\":\"https:\/\/www.clsinfo.ca\/wp-content\/uploads\/2016\/05\/commerce-de-detail.jpg\",\"contentUrl\":\"https:\/\/www.clsinfo.ca\/wp-content\/uploads\/2016\/05\/commerce-de-detail.jpg\",\"width\":750,\"height\":421},{\"@type\":\"BreadcrumbList\",\"@id\":\"https:\/\/www.clsinfo.ca\/fr\/logiciels-gestion-caisses-commerces-detail\/#breadcrumb\",\"itemListElement\":[{\"@type\":\"ListItem\",\"position\":1,\"name\":\"Accueil\",\"item\":\"https:\/\/www.clsinfo.ca\/fr\/\"},{\"@type\":\"ListItem\",\"position\":2,\"name\":\"Commerces de d\u00e9tail\"}]},{\"@type\":\"WebSite\",\"@id\":\"https:\/\/www.clsinfo.ca\/fr\/#website\",\"url\":\"https:\/\/www.clsinfo.ca\/fr\/\",\"name\":\"CLS Info\",\"description\":\"\",\"potentialAction\":[{\"@type\":\"SearchAction\",\"target\":{\"@type\":\"EntryPoint\",\"urlTemplate\":\"https:\/\/www.clsinfo.ca\/fr\/?s={search_term_string}\"},\"query-input\":\"required name=search_term_string\"}],\"inLanguage\":\"fr-FR\"}]}<\/script>\n<!-- \/ Yoast SEO plugin. -->","yoast_head_json":{"title":"Logiciels pour gestion des caisses, commerces de d\u00e9tail en tous genres - CLS Info","description":"Nos solutions\u00a0logicielles simplifient les op\u00e9rations et la maintenance des caisses enregistreuses de votre commerce de d\u00e9tail. Apprenez-en plus d\u00e8s aujourd'hui!","robots":{"index":"index","follow":"follow","max-snippet":"max-snippet:-1","max-image-preview":"max-image-preview:large","max-video-preview":"max-video-preview:-1"},"og_locale":"fr_CA","og_type":"article","og_title":"Logiciels pour gestion des caisses, commerces de d\u00e9tail en tous genres - CLS Info","og_description":"Nos solutions\u00a0logicielles simplifient les op\u00e9rations et la maintenance des caisses enregistreuses de votre commerce de d\u00e9tail. Apprenez-en plus d\u00e8s aujourd'hui!","og_url":"https:\/\/www.clsinfo.ca\/fr\/logiciels-gestion-caisses-commerces-detail\/","og_site_name":"CLS Info","article_modified_time":"2016-10-18T19:15:55+00:00","og_image":[{"width":750,"height":421,"url":"https:\/\/www.clsinfo.ca\/wp-content\/uploads\/2016\/05\/commerce-de-detail.jpg","type":"image\/jpeg"}],"twitter_card":"summary_large_image","schema":{"@context":"https:\/\/schema.org","@graph":[{"@type":"WebPage","@id":"https:\/\/www.clsinfo.ca\/fr\/logiciels-gestion-caisses-commerces-detail\/","url":"https:\/\/www.clsinfo.ca\/fr\/logiciels-gestion-caisses-commerces-detail\/","name":"Logiciels pour gestion des caisses, commerces de d\u00e9tail en tous genres - CLS Info","isPartOf":{"@id":"https:\/\/www.clsinfo.ca\/fr\/#website"},"primaryImageOfPage":{"@id":"https:\/\/www.clsinfo.ca\/fr\/logiciels-gestion-caisses-commerces-detail\/#primaryimage"},"image":{"@id":"https:\/\/www.clsinfo.ca\/fr\/logiciels-gestion-caisses-commerces-detail\/#primaryimage"},"thumbnailUrl":"https:\/\/www.clsinfo.ca\/wp-content\/uploads\/2016\/05\/commerce-de-detail.jpg","datePublished":"2016-05-13T18:52:35+00:00","dateModified":"2016-10-18T19:15:55+00:00","description":"Nos solutions\u00a0logicielles simplifient les op\u00e9rations et la maintenance des caisses enregistreuses de votre commerce de d\u00e9tail. Apprenez-en plus d\u00e8s aujourd'hui!","breadcrumb":{"@id":"https:\/\/www.clsinfo.ca\/fr\/logiciels-gestion-caisses-commerces-detail\/#breadcrumb"},"inLanguage":"fr-FR","potentialAction":[{"@type":"ReadAction","target":["https:\/\/www.clsinfo.ca\/fr\/logiciels-gestion-caisses-commerces-detail\/"]}]},{"@type":"ImageObject","inLanguage":"fr-FR","@id":"https:\/\/www.clsinfo.ca\/fr\/logiciels-gestion-caisses-commerces-detail\/#primaryimage","url":"https:\/\/www.clsinfo.ca\/wp-content\/uploads\/2016\/05\/commerce-de-detail.jpg","contentUrl":"https:\/\/www.clsinfo.ca\/wp-content\/uploads\/2016\/05\/commerce-de-detail.jpg","width":750,"height":421},{"@type":"BreadcrumbList","@id":"https:\/\/www.clsinfo.ca\/fr\/logiciels-gestion-caisses-commerces-detail\/#breadcrumb","itemListElement":[{"@type":"ListItem","position":1,"name":"Accueil","item":"https:\/\/www.clsinfo.ca\/fr\/"},{"@type":"ListItem","position":2,"name":"Commerces de d\u00e9tail"}]},{"@type":"WebSite","@id":"https:\/\/www.clsinfo.ca\/fr\/#website","url":"https:\/\/www.clsinfo.ca\/fr\/","name":"CLS Info","description":"","potentialAction":[{"@type":"SearchAction","target":{"@type":"EntryPoint","urlTemplate":"https:\/\/www.clsinfo.ca\/fr\/?s={search_term_string}"},"query-input":"required name=search_term_string"}],"inLanguage":"fr-FR"}]}},"_links":{"self":[{"href":"https:\/\/www.clsinfo.ca\/fr\/wp-json\/wp\/v2\/pages\/4585"}],"collection":[{"href":"https:\/\/www.clsinfo.ca\/fr\/wp-json\/wp\/v2\/pages"}],"about":[{"href":"https:\/\/www.clsinfo.ca\/fr\/wp-json\/wp\/v2\/types\/page"}],"author":[{"embeddable":true,"href":"https:\/\/www.clsinfo.ca\/fr\/wp-json\/wp\/v2\/users\/1"}],"replies":[{"embeddable":true,"href":"https:\/\/www.clsinfo.ca\/fr\/wp-json\/wp\/v2\/comments?post=4585"}],"version-history":[{"count":0,"href":"https:\/\/www.clsinfo.ca\/fr\/wp-json\/wp\/v2\/pages\/4585\/revisions"}],"wp:featuredmedia":[{"embeddable":true,"href":"https:\/\/www.clsinfo.ca\/fr\/wp-json\/wp\/v2\/media\/4644"}],"wp:attachment":[{"href":"https:\/\/www.clsinfo.ca\/fr\/wp-json\/wp\/v2\/media?parent=4585"}],"curies":[{"name":"wp","href":"https:\/\/api.w.org\/{rel}","templated":true}]}}