{"id":4659,"date":"2016-05-16T10:06:10","date_gmt":"2016-05-16T14:06:10","guid":{"rendered":"http:\/\/wp-cls_info.eliappdrupal1.elisys-servers.ca\/fr\/?page_id=4659"},"modified":"2016-05-31T16:48:32","modified_gmt":"2016-05-31T20:48:32","slug":"imprimantes-pc-tout-en-un-tablettes-restaurants-commerces","status":"publish","type":"page","link":"https:\/\/www.clsinfo.ca\/fr\/imprimantes-pc-tout-en-un-tablettes-restaurants-commerces\/","title":{"rendered":"Mat\u00e9riels informatiques"},"content":{"rendered":"<p>CLS Info se distingue de ses concurrents dans son approche pour la gestion de vos \u00e9quipements. Si nous consid\u00e9rons que la performance de vos \u00e9quipements actuels (les infrastructures r\u00e9seau, le parc de terminaux et les imprimantes en place) est suffisante pour op\u00e9rer notre solution, nous vous conseillerons de les garder afin de vous \u00e9viter des d\u00e9penses non n\u00e9cessaires et co\u00fbteuses.<\/p>\n<p>POSitouch poss\u00e8de une version mobile sur Android de son interface usager pour les serveurs sur le plancher. Cette version fonctionne sur une tablette industrielle ou d&rsquo;entr\u00e9e de gamme. Nous pr\u00e9conisons donc le remplacement de certains terminaux d\u00e9suets par des tablettes, car cette mise \u00e0 jour du mat\u00e9riel permet une r\u00e9organisation importante du travail dans les salles de restaurant et g\u00e9n\u00e8re des gains de productivit\u00e9 consid\u00e9rables.<\/p>\n<p>Dans notre \u00e9valuation du projet, nous estimons que 20 % de votre mat\u00e9riel pourrait \u00eatre remplac\u00e9 pour cause de d\u00e9su\u00e9tude. Ces changements sont pris en compte dans le plan de projet et le budget.<\/p>\n<p class=\"last\">Voici la liste des \u00e9quipements qui contribuent \u00e0 l&rsquo;actualisation de votre mat\u00e9riel&nbsp;:<\/p>\n","protected":false},"excerpt":{"rendered":"<p>Imprimantes, PC tout-en-un et tablettes pour restaurants et commerces<\/p>\n","protected":false},"author":1,"featured_media":0,"parent":0,"menu_order":0,"comment_status":"closed","ping_status":"closed","template":"template-page-solution.php","meta":{"_acf_changed":false,"_custom_body_class":"is-solutions-details","_custom_post_class":"","footnotes":""},"acf":[],"yoast_head":"<!-- This site is optimized with the Yoast SEO plugin v22.9 - https:\/\/yoast.com\/wordpress\/plugins\/seo\/ -->\n<title>Imprimantes, PC tout-en-un et tablettes pour restaurants et commerces - CLS Info<\/title>\n<meta name=\"description\" content=\"Nous offrons\u00a0divers \u00e9quipements informatiques qui vous rendront la vie plus facile. D\u00e9couvrez notre gamme de produits: ordinateurs, imprimantes, tablettes, etc.!\" \/>\n<meta name=\"robots\" content=\"index, follow, max-snippet:-1, max-image-preview:large, max-video-preview:-1\" \/>\n<meta property=\"og:locale\" content=\"fr_CA\" \/>\n<meta property=\"og:type\" content=\"article\" \/>\n<meta property=\"og:title\" content=\"Imprimantes, PC tout-en-un et tablettes pour restaurants et commerces - CLS Info\" \/>\n<meta property=\"og:description\" content=\"Nous offrons\u00a0divers \u00e9quipements informatiques qui vous rendront la vie plus facile. D\u00e9couvrez notre gamme de produits: ordinateurs, imprimantes, tablettes, etc.!\" \/>\n<meta property=\"og:url\" content=\"https:\/\/www.clsinfo.ca\/fr\/imprimantes-pc-tout-en-un-tablettes-restaurants-commerces\/\" \/>\n<meta property=\"og:site_name\" content=\"CLS Info\" \/>\n<meta property=\"article:modified_time\" content=\"2016-05-31T20:48:32+00:00\" \/>\n<meta name=\"twitter:card\" content=\"summary_large_image\" \/>\n<meta name=\"twitter:label1\" content=\"Dur\u00e9e de lecture estim\u00e9e\" \/>\n\t<meta name=\"twitter:data1\" content=\"1 minute\" \/>\n<script type=\"application\/ld+json\" class=\"yoast-schema-graph\">{\"@context\":\"https:\/\/schema.org\",\"@graph\":[{\"@type\":\"WebPage\",\"@id\":\"https:\/\/www.clsinfo.ca\/fr\/imprimantes-pc-tout-en-un-tablettes-restaurants-commerces\/\",\"url\":\"https:\/\/www.clsinfo.ca\/fr\/imprimantes-pc-tout-en-un-tablettes-restaurants-commerces\/\",\"name\":\"Imprimantes, PC tout-en-un et tablettes pour restaurants et commerces - CLS Info\",\"isPartOf\":{\"@id\":\"https:\/\/www.clsinfo.ca\/fr\/#website\"},\"datePublished\":\"2016-05-16T14:06:10+00:00\",\"dateModified\":\"2016-05-31T20:48:32+00:00\",\"description\":\"Nous offrons\u00a0divers \u00e9quipements informatiques qui vous rendront la vie plus facile. D\u00e9couvrez notre gamme de produits: ordinateurs, imprimantes, tablettes, etc.!\",\"breadcrumb\":{\"@id\":\"https:\/\/www.clsinfo.ca\/fr\/imprimantes-pc-tout-en-un-tablettes-restaurants-commerces\/#breadcrumb\"},\"inLanguage\":\"fr-FR\",\"potentialAction\":[{\"@type\":\"ReadAction\",\"target\":[\"https:\/\/www.clsinfo.ca\/fr\/imprimantes-pc-tout-en-un-tablettes-restaurants-commerces\/\"]}]},{\"@type\":\"BreadcrumbList\",\"@id\":\"https:\/\/www.clsinfo.ca\/fr\/imprimantes-pc-tout-en-un-tablettes-restaurants-commerces\/#breadcrumb\",\"itemListElement\":[{\"@type\":\"ListItem\",\"position\":1,\"name\":\"Accueil\",\"item\":\"https:\/\/www.clsinfo.ca\/fr\/\"},{\"@type\":\"ListItem\",\"position\":2,\"name\":\"Mat\u00e9riels informatiques\"}]},{\"@type\":\"WebSite\",\"@id\":\"https:\/\/www.clsinfo.ca\/fr\/#website\",\"url\":\"https:\/\/www.clsinfo.ca\/fr\/\",\"name\":\"CLS Info\",\"description\":\"\",\"potentialAction\":[{\"@type\":\"SearchAction\",\"target\":{\"@type\":\"EntryPoint\",\"urlTemplate\":\"https:\/\/www.clsinfo.ca\/fr\/?s={search_term_string}\"},\"query-input\":\"required name=search_term_string\"}],\"inLanguage\":\"fr-FR\"}]}<\/script>\n<!-- \/ Yoast SEO plugin. -->","yoast_head_json":{"title":"Imprimantes, PC tout-en-un et tablettes pour restaurants et commerces - CLS Info","description":"Nous offrons\u00a0divers \u00e9quipements informatiques qui vous rendront la vie plus facile. D\u00e9couvrez notre gamme de produits: ordinateurs, imprimantes, tablettes, etc.!","robots":{"index":"index","follow":"follow","max-snippet":"max-snippet:-1","max-image-preview":"max-image-preview:large","max-video-preview":"max-video-preview:-1"},"og_locale":"fr_CA","og_type":"article","og_title":"Imprimantes, PC tout-en-un et tablettes pour restaurants et commerces - CLS Info","og_description":"Nous offrons\u00a0divers \u00e9quipements informatiques qui vous rendront la vie plus facile. D\u00e9couvrez notre gamme de produits: ordinateurs, imprimantes, tablettes, etc.!","og_url":"https:\/\/www.clsinfo.ca\/fr\/imprimantes-pc-tout-en-un-tablettes-restaurants-commerces\/","og_site_name":"CLS Info","article_modified_time":"2016-05-31T20:48:32+00:00","twitter_card":"summary_large_image","twitter_misc":{"Dur\u00e9e de lecture estim\u00e9e":"1 minute"},"schema":{"@context":"https:\/\/schema.org","@graph":[{"@type":"WebPage","@id":"https:\/\/www.clsinfo.ca\/fr\/imprimantes-pc-tout-en-un-tablettes-restaurants-commerces\/","url":"https:\/\/www.clsinfo.ca\/fr\/imprimantes-pc-tout-en-un-tablettes-restaurants-commerces\/","name":"Imprimantes, PC tout-en-un et tablettes pour restaurants et commerces - CLS Info","isPartOf":{"@id":"https:\/\/www.clsinfo.ca\/fr\/#website"},"datePublished":"2016-05-16T14:06:10+00:00","dateModified":"2016-05-31T20:48:32+00:00","description":"Nous offrons\u00a0divers \u00e9quipements informatiques qui vous rendront la vie plus facile. D\u00e9couvrez notre gamme de produits: ordinateurs, imprimantes, tablettes, etc.!","breadcrumb":{"@id":"https:\/\/www.clsinfo.ca\/fr\/imprimantes-pc-tout-en-un-tablettes-restaurants-commerces\/#breadcrumb"},"inLanguage":"fr-FR","potentialAction":[{"@type":"ReadAction","target":["https:\/\/www.clsinfo.ca\/fr\/imprimantes-pc-tout-en-un-tablettes-restaurants-commerces\/"]}]},{"@type":"BreadcrumbList","@id":"https:\/\/www.clsinfo.ca\/fr\/imprimantes-pc-tout-en-un-tablettes-restaurants-commerces\/#breadcrumb","itemListElement":[{"@type":"ListItem","position":1,"name":"Accueil","item":"https:\/\/www.clsinfo.ca\/fr\/"},{"@type":"ListItem","position":2,"name":"Mat\u00e9riels informatiques"}]},{"@type":"WebSite","@id":"https:\/\/www.clsinfo.ca\/fr\/#website","url":"https:\/\/www.clsinfo.ca\/fr\/","name":"CLS Info","description":"","potentialAction":[{"@type":"SearchAction","target":{"@type":"EntryPoint","urlTemplate":"https:\/\/www.clsinfo.ca\/fr\/?s={search_term_string}"},"query-input":"required name=search_term_string"}],"inLanguage":"fr-FR"}]}},"_links":{"self":[{"href":"https:\/\/www.clsinfo.ca\/fr\/wp-json\/wp\/v2\/pages\/4659"}],"collection":[{"href":"https:\/\/www.clsinfo.ca\/fr\/wp-json\/wp\/v2\/pages"}],"about":[{"href":"https:\/\/www.clsinfo.ca\/fr\/wp-json\/wp\/v2\/types\/page"}],"author":[{"embeddable":true,"href":"https:\/\/www.clsinfo.ca\/fr\/wp-json\/wp\/v2\/users\/1"}],"replies":[{"embeddable":true,"href":"https:\/\/www.clsinfo.ca\/fr\/wp-json\/wp\/v2\/comments?post=4659"}],"version-history":[{"count":1,"href":"https:\/\/www.clsinfo.ca\/fr\/wp-json\/wp\/v2\/pages\/4659\/revisions"}],"predecessor-version":[{"id":4768,"href":"https:\/\/www.clsinfo.ca\/fr\/wp-json\/wp\/v2\/pages\/4659\/revisions\/4768"}],"wp:attachment":[{"href":"https:\/\/www.clsinfo.ca\/fr\/wp-json\/wp\/v2\/media?parent=4659"}],"curies":[{"name":"wp","href":"https:\/\/api.w.org\/{rel}","templated":true}]}}