{"id":4669,"date":"2016-05-16T11:06:26","date_gmt":"2016-05-16T15:06:26","guid":{"rendered":"http:\/\/wp-cls_info.eliappdrupal1.elisys-servers.ca\/fr\/?page_id=4669"},"modified":"2018-09-25T11:42:48","modified_gmt":"2018-09-25T15:42:48","slug":"installateur-modules-enregistrement-ventes-mev-revenu-quebec","status":"publish","type":"page","link":"https:\/\/www.clsinfo.ca\/fr\/installateur-modules-enregistrement-ventes-mev-revenu-quebec\/","title":{"rendered":"MEV (modules d&rsquo;enregistrement des ventes)"},"content":{"rendered":"<p>Dans le but d&rsquo;offrir des syst\u00e8mes conformes aux normes en vigueur, CLS INFO et POSitouch travaillent depuis plusieurs ann\u00e9es en \u00e9troite collaboration avec Revenu Qu\u00e9bec. Depuis le 31 octobre 2011, toutes les entreprises de restauration qu\u00e9b\u00e9coises sont oblig\u00e9es de se procurer un MEV (module d&rsquo;enregistrement des ventes) pour toutes leurs stations. Un MEV est un micro-ordinateur qui sert principalement \u00e0 recevoir les donn\u00e9es relatives aux op\u00e9rations commerciales (additions, re\u00e7us, notes de cr\u00e9dit) et \u00e0 enregistrer les transactions telles que les ventes et les taxes. <\/p>\n","protected":false},"excerpt":{"rendered":"<p>Installateur autoris\u00e9 par Revenu Qu\u00e9bec<\/p>\n","protected":false},"author":1,"featured_media":0,"parent":0,"menu_order":0,"comment_status":"closed","ping_status":"closed","template":"template-page-solution.php","meta":{"_acf_changed":false,"_custom_body_class":"is-solutions-details","_custom_post_class":"","footnotes":""},"acf":[],"yoast_head":"<!-- This site is optimized with the Yoast SEO plugin v22.9 - https:\/\/yoast.com\/wordpress\/plugins\/seo\/ -->\n<title>Installateur de modules d&#039;enregistrement des ventes MEV Revenu Qu\u00e9bec - CLS Info<\/title>\n<meta name=\"description\" content=\"Nous assurons l&#039;installation de modules d&#039;enregistrement des ventes (MEV) conformes aux exigences pr\u00e9cises de Revenu Qu\u00e9bec. Menez vos op\u00e9rations sans souci.\" \/>\n<meta name=\"robots\" content=\"index, follow, max-snippet:-1, max-image-preview:large, max-video-preview:-1\" \/>\n<meta property=\"og:locale\" content=\"fr_CA\" \/>\n<meta property=\"og:type\" content=\"article\" \/>\n<meta property=\"og:title\" content=\"Installateur de modules d&#039;enregistrement des ventes MEV Revenu Qu\u00e9bec - CLS Info\" \/>\n<meta property=\"og:description\" content=\"Nous assurons l&#039;installation de modules d&#039;enregistrement des ventes (MEV) conformes aux exigences pr\u00e9cises de Revenu Qu\u00e9bec. Menez vos op\u00e9rations sans souci.\" \/>\n<meta property=\"og:url\" content=\"https:\/\/www.clsinfo.ca\/fr\/installateur-modules-enregistrement-ventes-mev-revenu-quebec\/\" \/>\n<meta property=\"og:site_name\" content=\"CLS Info\" \/>\n<meta property=\"article:modified_time\" content=\"2018-09-25T15:42:48+00:00\" \/>\n<meta name=\"twitter:card\" content=\"summary_large_image\" \/>\n<script type=\"application\/ld+json\" class=\"yoast-schema-graph\">{\"@context\":\"https:\/\/schema.org\",\"@graph\":[{\"@type\":\"WebPage\",\"@id\":\"https:\/\/www.clsinfo.ca\/fr\/installateur-modules-enregistrement-ventes-mev-revenu-quebec\/\",\"url\":\"https:\/\/www.clsinfo.ca\/fr\/installateur-modules-enregistrement-ventes-mev-revenu-quebec\/\",\"name\":\"Installateur de modules d'enregistrement des ventes MEV Revenu Qu\u00e9bec - CLS Info\",\"isPartOf\":{\"@id\":\"https:\/\/www.clsinfo.ca\/fr\/#website\"},\"datePublished\":\"2016-05-16T15:06:26+00:00\",\"dateModified\":\"2018-09-25T15:42:48+00:00\",\"description\":\"Nous assurons l'installation de modules d'enregistrement des ventes (MEV) conformes aux exigences pr\u00e9cises de Revenu Qu\u00e9bec. Menez vos op\u00e9rations sans souci.\",\"breadcrumb\":{\"@id\":\"https:\/\/www.clsinfo.ca\/fr\/installateur-modules-enregistrement-ventes-mev-revenu-quebec\/#breadcrumb\"},\"inLanguage\":\"fr-FR\",\"potentialAction\":[{\"@type\":\"ReadAction\",\"target\":[\"https:\/\/www.clsinfo.ca\/fr\/installateur-modules-enregistrement-ventes-mev-revenu-quebec\/\"]}]},{\"@type\":\"BreadcrumbList\",\"@id\":\"https:\/\/www.clsinfo.ca\/fr\/installateur-modules-enregistrement-ventes-mev-revenu-quebec\/#breadcrumb\",\"itemListElement\":[{\"@type\":\"ListItem\",\"position\":1,\"name\":\"Accueil\",\"item\":\"https:\/\/www.clsinfo.ca\/fr\/\"},{\"@type\":\"ListItem\",\"position\":2,\"name\":\"MEV (modules d&rsquo;enregistrement des ventes)\"}]},{\"@type\":\"WebSite\",\"@id\":\"https:\/\/www.clsinfo.ca\/fr\/#website\",\"url\":\"https:\/\/www.clsinfo.ca\/fr\/\",\"name\":\"CLS Info\",\"description\":\"\",\"potentialAction\":[{\"@type\":\"SearchAction\",\"target\":{\"@type\":\"EntryPoint\",\"urlTemplate\":\"https:\/\/www.clsinfo.ca\/fr\/?s={search_term_string}\"},\"query-input\":\"required name=search_term_string\"}],\"inLanguage\":\"fr-FR\"}]}<\/script>\n<!-- \/ Yoast SEO plugin. -->","yoast_head_json":{"title":"Installateur de modules d'enregistrement des ventes MEV Revenu Qu\u00e9bec - CLS Info","description":"Nous assurons l'installation de modules d'enregistrement des ventes (MEV) conformes aux exigences pr\u00e9cises de Revenu Qu\u00e9bec. Menez vos op\u00e9rations sans souci.","robots":{"index":"index","follow":"follow","max-snippet":"max-snippet:-1","max-image-preview":"max-image-preview:large","max-video-preview":"max-video-preview:-1"},"og_locale":"fr_CA","og_type":"article","og_title":"Installateur de modules d'enregistrement des ventes MEV Revenu Qu\u00e9bec - CLS Info","og_description":"Nous assurons l'installation de modules d'enregistrement des ventes (MEV) conformes aux exigences pr\u00e9cises de Revenu Qu\u00e9bec. Menez vos op\u00e9rations sans souci.","og_url":"https:\/\/www.clsinfo.ca\/fr\/installateur-modules-enregistrement-ventes-mev-revenu-quebec\/","og_site_name":"CLS Info","article_modified_time":"2018-09-25T15:42:48+00:00","twitter_card":"summary_large_image","schema":{"@context":"https:\/\/schema.org","@graph":[{"@type":"WebPage","@id":"https:\/\/www.clsinfo.ca\/fr\/installateur-modules-enregistrement-ventes-mev-revenu-quebec\/","url":"https:\/\/www.clsinfo.ca\/fr\/installateur-modules-enregistrement-ventes-mev-revenu-quebec\/","name":"Installateur de modules d'enregistrement des ventes MEV Revenu Qu\u00e9bec - CLS Info","isPartOf":{"@id":"https:\/\/www.clsinfo.ca\/fr\/#website"},"datePublished":"2016-05-16T15:06:26+00:00","dateModified":"2018-09-25T15:42:48+00:00","description":"Nous assurons l'installation de modules d'enregistrement des ventes (MEV) conformes aux exigences pr\u00e9cises de Revenu Qu\u00e9bec. Menez vos op\u00e9rations sans souci.","breadcrumb":{"@id":"https:\/\/www.clsinfo.ca\/fr\/installateur-modules-enregistrement-ventes-mev-revenu-quebec\/#breadcrumb"},"inLanguage":"fr-FR","potentialAction":[{"@type":"ReadAction","target":["https:\/\/www.clsinfo.ca\/fr\/installateur-modules-enregistrement-ventes-mev-revenu-quebec\/"]}]},{"@type":"BreadcrumbList","@id":"https:\/\/www.clsinfo.ca\/fr\/installateur-modules-enregistrement-ventes-mev-revenu-quebec\/#breadcrumb","itemListElement":[{"@type":"ListItem","position":1,"name":"Accueil","item":"https:\/\/www.clsinfo.ca\/fr\/"},{"@type":"ListItem","position":2,"name":"MEV (modules d&rsquo;enregistrement des ventes)"}]},{"@type":"WebSite","@id":"https:\/\/www.clsinfo.ca\/fr\/#website","url":"https:\/\/www.clsinfo.ca\/fr\/","name":"CLS Info","description":"","potentialAction":[{"@type":"SearchAction","target":{"@type":"EntryPoint","urlTemplate":"https:\/\/www.clsinfo.ca\/fr\/?s={search_term_string}"},"query-input":"required name=search_term_string"}],"inLanguage":"fr-FR"}]}},"_links":{"self":[{"href":"https:\/\/www.clsinfo.ca\/fr\/wp-json\/wp\/v2\/pages\/4669"}],"collection":[{"href":"https:\/\/www.clsinfo.ca\/fr\/wp-json\/wp\/v2\/pages"}],"about":[{"href":"https:\/\/www.clsinfo.ca\/fr\/wp-json\/wp\/v2\/types\/page"}],"author":[{"embeddable":true,"href":"https:\/\/www.clsinfo.ca\/fr\/wp-json\/wp\/v2\/users\/1"}],"replies":[{"embeddable":true,"href":"https:\/\/www.clsinfo.ca\/fr\/wp-json\/wp\/v2\/comments?post=4669"}],"version-history":[{"count":0,"href":"https:\/\/www.clsinfo.ca\/fr\/wp-json\/wp\/v2\/pages\/4669\/revisions"}],"wp:attachment":[{"href":"https:\/\/www.clsinfo.ca\/fr\/wp-json\/wp\/v2\/media?parent=4669"}],"curies":[{"name":"wp","href":"https:\/\/api.w.org\/{rel}","templated":true}]}}