{"id":4721,"date":"2016-05-16T15:45:57","date_gmt":"2016-05-16T19:45:57","guid":{"rendered":"http:\/\/wp-cls_info.eliappdrupal1.elisys-servers.ca\/fr\/?page_id=4721"},"modified":"2016-05-31T16:51:34","modified_gmt":"2016-05-31T20:51:34","slug":"pagettes-teleavertisseurs-serveurs-client-restaurants","status":"publish","type":"page","link":"https:\/\/www.clsinfo.ca\/fr\/pagettes-teleavertisseurs-serveurs-client-restaurants\/","title":{"rendered":"Pagettes"},"content":{"rendered":"<p>Les pagettes servent \u00e0 faciliter la communication entre les clients et leur serveur. Un \u00e9l\u00e9gant pr\u00e9sentoir ou un bouton d&rsquo;appel peuvent \u00eatre plac\u00e9s sur les tables ou au podium d&rsquo;h\u00f4tesse afin que les clients puissent contacter du personnel. Les pagettes ne sont pas utiles que pour les clients, ils le sont aussi pour les serveurs qui peuvent \u00eatre discr\u00e8tement alert\u00e9s par les cuisiniers lorsque les commandes sont pr\u00eates. Finies les clochettes et la communication \u00e0 haute voix, le pagette sonne lorsque c&rsquo;est pr\u00eat ! N&rsquo;ayant plus \u00e0 effectuer de nombreux allers-retours \u00e0 la cuisine, les serveurs peuvent davantage s&rsquo;occuper de leurs clients. Combin\u00e9s aux \u00e9crans de cuisine, les pagettes rendent la communication entre l&rsquo;avant et l&rsquo;arri\u00e8re de la cuisine encore plus efficace. Pour rendre l&rsquo;exp\u00e9rience des clients plus agr\u00e9able, un pagette pour file d&rsquo;attente est \u00e9galement offert pour que vous puissiez avertir vos clients d\u00e8s que leur commande ou leur table est pr\u00eate.<\/p>\n","protected":false},"excerpt":{"rendered":"<p>T\u00e9l\u00e9avertisseurs pour serveurs et clients de restaurants<\/p>\n","protected":false},"author":1,"featured_media":0,"parent":0,"menu_order":0,"comment_status":"closed","ping_status":"closed","template":"template-page-solution.php","meta":{"_acf_changed":false,"_custom_body_class":"is-solutions-details","_custom_post_class":"","footnotes":""},"acf":[],"yoast_head":"<!-- This site is optimized with the Yoast SEO plugin v22.9 - https:\/\/yoast.com\/wordpress\/plugins\/seo\/ -->\n<title>Pagettes et t\u00e9l\u00e9avertisseurs pour serveurs et clients de restaurants - CLS Info<\/title>\n<meta name=\"description\" content=\"Les\u00a0pagettes peuvent grandement simplifier certaines op\u00e9rations de votre \u00e9tablissement, telles que la gestion des files d&#039;attentes. D\u00e9couvrez comment.\" \/>\n<meta name=\"robots\" content=\"index, follow, max-snippet:-1, max-image-preview:large, max-video-preview:-1\" \/>\n<meta property=\"og:locale\" content=\"fr_CA\" \/>\n<meta property=\"og:type\" content=\"article\" \/>\n<meta property=\"og:title\" content=\"Pagettes et t\u00e9l\u00e9avertisseurs pour serveurs et clients de restaurants - CLS Info\" \/>\n<meta property=\"og:description\" content=\"Les\u00a0pagettes peuvent grandement simplifier certaines op\u00e9rations de votre \u00e9tablissement, telles que la gestion des files d&#039;attentes. D\u00e9couvrez comment.\" \/>\n<meta property=\"og:url\" content=\"https:\/\/www.clsinfo.ca\/fr\/pagettes-teleavertisseurs-serveurs-client-restaurants\/\" \/>\n<meta property=\"og:site_name\" content=\"CLS Info\" \/>\n<meta property=\"article:modified_time\" content=\"2016-05-31T20:51:34+00:00\" \/>\n<meta name=\"twitter:card\" content=\"summary_large_image\" \/>\n<meta name=\"twitter:label1\" content=\"Dur\u00e9e de lecture estim\u00e9e\" \/>\n\t<meta name=\"twitter:data1\" content=\"1 minute\" \/>\n<script type=\"application\/ld+json\" class=\"yoast-schema-graph\">{\"@context\":\"https:\/\/schema.org\",\"@graph\":[{\"@type\":\"WebPage\",\"@id\":\"https:\/\/www.clsinfo.ca\/fr\/pagettes-teleavertisseurs-serveurs-client-restaurants\/\",\"url\":\"https:\/\/www.clsinfo.ca\/fr\/pagettes-teleavertisseurs-serveurs-client-restaurants\/\",\"name\":\"Pagettes et t\u00e9l\u00e9avertisseurs pour serveurs et clients de restaurants - CLS Info\",\"isPartOf\":{\"@id\":\"https:\/\/www.clsinfo.ca\/fr\/#website\"},\"datePublished\":\"2016-05-16T19:45:57+00:00\",\"dateModified\":\"2016-05-31T20:51:34+00:00\",\"description\":\"Les\u00a0pagettes peuvent grandement simplifier certaines op\u00e9rations de votre \u00e9tablissement, telles que la gestion des files d'attentes. D\u00e9couvrez comment.\",\"breadcrumb\":{\"@id\":\"https:\/\/www.clsinfo.ca\/fr\/pagettes-teleavertisseurs-serveurs-client-restaurants\/#breadcrumb\"},\"inLanguage\":\"fr-FR\",\"potentialAction\":[{\"@type\":\"ReadAction\",\"target\":[\"https:\/\/www.clsinfo.ca\/fr\/pagettes-teleavertisseurs-serveurs-client-restaurants\/\"]}]},{\"@type\":\"BreadcrumbList\",\"@id\":\"https:\/\/www.clsinfo.ca\/fr\/pagettes-teleavertisseurs-serveurs-client-restaurants\/#breadcrumb\",\"itemListElement\":[{\"@type\":\"ListItem\",\"position\":1,\"name\":\"Accueil\",\"item\":\"https:\/\/www.clsinfo.ca\/fr\/\"},{\"@type\":\"ListItem\",\"position\":2,\"name\":\"Pagettes\"}]},{\"@type\":\"WebSite\",\"@id\":\"https:\/\/www.clsinfo.ca\/fr\/#website\",\"url\":\"https:\/\/www.clsinfo.ca\/fr\/\",\"name\":\"CLS Info\",\"description\":\"\",\"potentialAction\":[{\"@type\":\"SearchAction\",\"target\":{\"@type\":\"EntryPoint\",\"urlTemplate\":\"https:\/\/www.clsinfo.ca\/fr\/?s={search_term_string}\"},\"query-input\":\"required name=search_term_string\"}],\"inLanguage\":\"fr-FR\"}]}<\/script>\n<!-- \/ Yoast SEO plugin. -->","yoast_head_json":{"title":"Pagettes et t\u00e9l\u00e9avertisseurs pour serveurs et clients de restaurants - CLS Info","description":"Les\u00a0pagettes peuvent grandement simplifier certaines op\u00e9rations de votre \u00e9tablissement, telles que la gestion des files d'attentes. D\u00e9couvrez comment.","robots":{"index":"index","follow":"follow","max-snippet":"max-snippet:-1","max-image-preview":"max-image-preview:large","max-video-preview":"max-video-preview:-1"},"og_locale":"fr_CA","og_type":"article","og_title":"Pagettes et t\u00e9l\u00e9avertisseurs pour serveurs et clients de restaurants - CLS Info","og_description":"Les\u00a0pagettes peuvent grandement simplifier certaines op\u00e9rations de votre \u00e9tablissement, telles que la gestion des files d'attentes. D\u00e9couvrez comment.","og_url":"https:\/\/www.clsinfo.ca\/fr\/pagettes-teleavertisseurs-serveurs-client-restaurants\/","og_site_name":"CLS Info","article_modified_time":"2016-05-31T20:51:34+00:00","twitter_card":"summary_large_image","twitter_misc":{"Dur\u00e9e de lecture estim\u00e9e":"1 minute"},"schema":{"@context":"https:\/\/schema.org","@graph":[{"@type":"WebPage","@id":"https:\/\/www.clsinfo.ca\/fr\/pagettes-teleavertisseurs-serveurs-client-restaurants\/","url":"https:\/\/www.clsinfo.ca\/fr\/pagettes-teleavertisseurs-serveurs-client-restaurants\/","name":"Pagettes et t\u00e9l\u00e9avertisseurs pour serveurs et clients de restaurants - CLS Info","isPartOf":{"@id":"https:\/\/www.clsinfo.ca\/fr\/#website"},"datePublished":"2016-05-16T19:45:57+00:00","dateModified":"2016-05-31T20:51:34+00:00","description":"Les\u00a0pagettes peuvent grandement simplifier certaines op\u00e9rations de votre \u00e9tablissement, telles que la gestion des files d'attentes. D\u00e9couvrez comment.","breadcrumb":{"@id":"https:\/\/www.clsinfo.ca\/fr\/pagettes-teleavertisseurs-serveurs-client-restaurants\/#breadcrumb"},"inLanguage":"fr-FR","potentialAction":[{"@type":"ReadAction","target":["https:\/\/www.clsinfo.ca\/fr\/pagettes-teleavertisseurs-serveurs-client-restaurants\/"]}]},{"@type":"BreadcrumbList","@id":"https:\/\/www.clsinfo.ca\/fr\/pagettes-teleavertisseurs-serveurs-client-restaurants\/#breadcrumb","itemListElement":[{"@type":"ListItem","position":1,"name":"Accueil","item":"https:\/\/www.clsinfo.ca\/fr\/"},{"@type":"ListItem","position":2,"name":"Pagettes"}]},{"@type":"WebSite","@id":"https:\/\/www.clsinfo.ca\/fr\/#website","url":"https:\/\/www.clsinfo.ca\/fr\/","name":"CLS Info","description":"","potentialAction":[{"@type":"SearchAction","target":{"@type":"EntryPoint","urlTemplate":"https:\/\/www.clsinfo.ca\/fr\/?s={search_term_string}"},"query-input":"required name=search_term_string"}],"inLanguage":"fr-FR"}]}},"_links":{"self":[{"href":"https:\/\/www.clsinfo.ca\/fr\/wp-json\/wp\/v2\/pages\/4721"}],"collection":[{"href":"https:\/\/www.clsinfo.ca\/fr\/wp-json\/wp\/v2\/pages"}],"about":[{"href":"https:\/\/www.clsinfo.ca\/fr\/wp-json\/wp\/v2\/types\/page"}],"author":[{"embeddable":true,"href":"https:\/\/www.clsinfo.ca\/fr\/wp-json\/wp\/v2\/users\/1"}],"replies":[{"embeddable":true,"href":"https:\/\/www.clsinfo.ca\/fr\/wp-json\/wp\/v2\/comments?post=4721"}],"version-history":[{"count":0,"href":"https:\/\/www.clsinfo.ca\/fr\/wp-json\/wp\/v2\/pages\/4721\/revisions"}],"wp:attachment":[{"href":"https:\/\/www.clsinfo.ca\/fr\/wp-json\/wp\/v2\/media?parent=4721"}],"curies":[{"name":"wp","href":"https:\/\/api.w.org\/{rel}","templated":true}]}}