{"id":4724,"date":"2016-05-16T15:48:53","date_gmt":"2016-05-16T19:48:53","guid":{"rendered":"http:\/\/wp-cls_info.eliappdrupal1.elisys-servers.ca\/fr\/?page_id=4724"},"modified":"2016-05-31T16:43:36","modified_gmt":"2016-05-31T20:43:36","slug":"modules-pos-paiement-cartes-de-credit-debit-interac","status":"publish","type":"page","link":"https:\/\/www.clsinfo.ca\/fr\/modules-pos-paiement-cartes-de-credit-debit-interac\/","title":{"rendered":"Cartes de cr\u00e9dit et Interac"},"content":{"rendered":"<p>Compatible avec la majorit\u00e9 des institutions bancaires, le module des cartes de d\u00e9bit et de cr\u00e9dit vous aide \u00e0 recevoir rapidement et facilement les paiements \u00e0 la table et de fermer automatiquement les tables dans POSitouch. Compte tenu du fait que ce module fait partie int\u00e9grante de la solution POSitouch (en option), il n&rsquo;est pas n\u00e9cessaire d&rsquo;ajouter un syst\u00e8me ind\u00e9pendant ni d&rsquo;utiliser une ligne t\u00e9l\u00e9phonique additionnelle, ce qui vous am\u00e8ne \u00e0 \u00e9conomiser du temps et de l&rsquo;argent.<\/p>\n<p>Vous n&rsquo;\u00eates donc pas contraint d&rsquo;utiliser un seul terminal ind\u00e9pendant pour autoriser les paiements par carte de cr\u00e9dit, \u00e9liminant ainsi les engorgements. Vous pouvez plut\u00f4t utiliser le terminal de paiement \u00e9lectronique sans fil, sans avoir \u00e0 vous soucier des autres terminaux qui ne seront pas monopolis\u00e9s pendant l&rsquo;op\u00e9ration en cours et qui pourront \u00eatre utilis\u00e9s sans probl\u00e8me pour des prises de commande. Cette am\u00e9lioration du processus de paiement vous permet alors d&rsquo;accro\u00eetre la qualit\u00e9 de votre service, d&rsquo;en augmenter la rapidit\u00e9 et de vous assurer d&rsquo;une continuit\u00e9 de la satisfaction des clients. De plus, les erreurs comptables sont \u00e9limin\u00e9es, puisqu&rsquo;il y a une association entre l&rsquo;information de la carte de cr\u00e9dit et la facture correspondante.<\/p>\n","protected":false},"excerpt":{"rendered":"<p>Modules POS pour paiements par cartes de cr\u00e9dit et d\u00e9bit (Interac)<\/p>\n","protected":false},"author":1,"featured_media":0,"parent":0,"menu_order":0,"comment_status":"closed","ping_status":"closed","template":"template-page-solution.php","meta":{"_acf_changed":false,"_custom_body_class":"is-solutions-details","_custom_post_class":"","footnotes":""},"acf":[],"yoast_head":"<!-- This site is optimized with the Yoast SEO plugin v22.9 - https:\/\/yoast.com\/wordpress\/plugins\/seo\/ -->\n<title>Modules POS pour paiements par cartes de cr\u00e9dit et d\u00e9bit (Interac) - CLS Info<\/title>\n<meta name=\"description\" content=\"Ces modules POS facilitent les paiements par carte de cr\u00e9dit ou Interac \u00e0 la table comme au terminal. Simplifiez-vous la vie, \u00e0 vous et \u00e0 vos clients!\" \/>\n<meta name=\"robots\" content=\"index, follow, max-snippet:-1, max-image-preview:large, max-video-preview:-1\" \/>\n<meta property=\"og:locale\" content=\"fr_CA\" \/>\n<meta property=\"og:type\" content=\"article\" \/>\n<meta property=\"og:title\" content=\"Modules POS pour paiements par cartes de cr\u00e9dit et d\u00e9bit (Interac) - CLS Info\" \/>\n<meta property=\"og:description\" content=\"Ces modules POS facilitent les paiements par carte de cr\u00e9dit ou Interac \u00e0 la table comme au terminal. Simplifiez-vous la vie, \u00e0 vous et \u00e0 vos clients!\" \/>\n<meta property=\"og:url\" content=\"https:\/\/www.clsinfo.ca\/fr\/modules-pos-paiement-cartes-de-credit-debit-interac\/\" \/>\n<meta property=\"og:site_name\" content=\"CLS Info\" \/>\n<meta property=\"article:modified_time\" content=\"2016-05-31T20:43:36+00:00\" \/>\n<meta name=\"twitter:card\" content=\"summary_large_image\" \/>\n<meta name=\"twitter:label1\" content=\"Dur\u00e9e de lecture estim\u00e9e\" \/>\n\t<meta name=\"twitter:data1\" content=\"1 minute\" \/>\n<script type=\"application\/ld+json\" class=\"yoast-schema-graph\">{\"@context\":\"https:\/\/schema.org\",\"@graph\":[{\"@type\":\"WebPage\",\"@id\":\"https:\/\/www.clsinfo.ca\/fr\/modules-pos-paiement-cartes-de-credit-debit-interac\/\",\"url\":\"https:\/\/www.clsinfo.ca\/fr\/modules-pos-paiement-cartes-de-credit-debit-interac\/\",\"name\":\"Modules POS pour paiements par cartes de cr\u00e9dit et d\u00e9bit (Interac) - CLS Info\",\"isPartOf\":{\"@id\":\"https:\/\/www.clsinfo.ca\/fr\/#website\"},\"datePublished\":\"2016-05-16T19:48:53+00:00\",\"dateModified\":\"2016-05-31T20:43:36+00:00\",\"description\":\"Ces modules POS facilitent les paiements par carte de cr\u00e9dit ou Interac \u00e0 la table comme au terminal. Simplifiez-vous la vie, \u00e0 vous et \u00e0 vos clients!\",\"breadcrumb\":{\"@id\":\"https:\/\/www.clsinfo.ca\/fr\/modules-pos-paiement-cartes-de-credit-debit-interac\/#breadcrumb\"},\"inLanguage\":\"fr-FR\",\"potentialAction\":[{\"@type\":\"ReadAction\",\"target\":[\"https:\/\/www.clsinfo.ca\/fr\/modules-pos-paiement-cartes-de-credit-debit-interac\/\"]}]},{\"@type\":\"BreadcrumbList\",\"@id\":\"https:\/\/www.clsinfo.ca\/fr\/modules-pos-paiement-cartes-de-credit-debit-interac\/#breadcrumb\",\"itemListElement\":[{\"@type\":\"ListItem\",\"position\":1,\"name\":\"Accueil\",\"item\":\"https:\/\/www.clsinfo.ca\/fr\/\"},{\"@type\":\"ListItem\",\"position\":2,\"name\":\"Cartes de cr\u00e9dit et Interac\"}]},{\"@type\":\"WebSite\",\"@id\":\"https:\/\/www.clsinfo.ca\/fr\/#website\",\"url\":\"https:\/\/www.clsinfo.ca\/fr\/\",\"name\":\"CLS Info\",\"description\":\"\",\"potentialAction\":[{\"@type\":\"SearchAction\",\"target\":{\"@type\":\"EntryPoint\",\"urlTemplate\":\"https:\/\/www.clsinfo.ca\/fr\/?s={search_term_string}\"},\"query-input\":\"required name=search_term_string\"}],\"inLanguage\":\"fr-FR\"}]}<\/script>\n<!-- \/ Yoast SEO plugin. -->","yoast_head_json":{"title":"Modules POS pour paiements par cartes de cr\u00e9dit et d\u00e9bit (Interac) - CLS Info","description":"Ces modules POS facilitent les paiements par carte de cr\u00e9dit ou Interac \u00e0 la table comme au terminal. Simplifiez-vous la vie, \u00e0 vous et \u00e0 vos clients!","robots":{"index":"index","follow":"follow","max-snippet":"max-snippet:-1","max-image-preview":"max-image-preview:large","max-video-preview":"max-video-preview:-1"},"og_locale":"fr_CA","og_type":"article","og_title":"Modules POS pour paiements par cartes de cr\u00e9dit et d\u00e9bit (Interac) - CLS Info","og_description":"Ces modules POS facilitent les paiements par carte de cr\u00e9dit ou Interac \u00e0 la table comme au terminal. Simplifiez-vous la vie, \u00e0 vous et \u00e0 vos clients!","og_url":"https:\/\/www.clsinfo.ca\/fr\/modules-pos-paiement-cartes-de-credit-debit-interac\/","og_site_name":"CLS Info","article_modified_time":"2016-05-31T20:43:36+00:00","twitter_card":"summary_large_image","twitter_misc":{"Dur\u00e9e de lecture estim\u00e9e":"1 minute"},"schema":{"@context":"https:\/\/schema.org","@graph":[{"@type":"WebPage","@id":"https:\/\/www.clsinfo.ca\/fr\/modules-pos-paiement-cartes-de-credit-debit-interac\/","url":"https:\/\/www.clsinfo.ca\/fr\/modules-pos-paiement-cartes-de-credit-debit-interac\/","name":"Modules POS pour paiements par cartes de cr\u00e9dit et d\u00e9bit (Interac) - CLS Info","isPartOf":{"@id":"https:\/\/www.clsinfo.ca\/fr\/#website"},"datePublished":"2016-05-16T19:48:53+00:00","dateModified":"2016-05-31T20:43:36+00:00","description":"Ces modules POS facilitent les paiements par carte de cr\u00e9dit ou Interac \u00e0 la table comme au terminal. Simplifiez-vous la vie, \u00e0 vous et \u00e0 vos clients!","breadcrumb":{"@id":"https:\/\/www.clsinfo.ca\/fr\/modules-pos-paiement-cartes-de-credit-debit-interac\/#breadcrumb"},"inLanguage":"fr-FR","potentialAction":[{"@type":"ReadAction","target":["https:\/\/www.clsinfo.ca\/fr\/modules-pos-paiement-cartes-de-credit-debit-interac\/"]}]},{"@type":"BreadcrumbList","@id":"https:\/\/www.clsinfo.ca\/fr\/modules-pos-paiement-cartes-de-credit-debit-interac\/#breadcrumb","itemListElement":[{"@type":"ListItem","position":1,"name":"Accueil","item":"https:\/\/www.clsinfo.ca\/fr\/"},{"@type":"ListItem","position":2,"name":"Cartes de cr\u00e9dit et Interac"}]},{"@type":"WebSite","@id":"https:\/\/www.clsinfo.ca\/fr\/#website","url":"https:\/\/www.clsinfo.ca\/fr\/","name":"CLS Info","description":"","potentialAction":[{"@type":"SearchAction","target":{"@type":"EntryPoint","urlTemplate":"https:\/\/www.clsinfo.ca\/fr\/?s={search_term_string}"},"query-input":"required name=search_term_string"}],"inLanguage":"fr-FR"}]}},"_links":{"self":[{"href":"https:\/\/www.clsinfo.ca\/fr\/wp-json\/wp\/v2\/pages\/4724"}],"collection":[{"href":"https:\/\/www.clsinfo.ca\/fr\/wp-json\/wp\/v2\/pages"}],"about":[{"href":"https:\/\/www.clsinfo.ca\/fr\/wp-json\/wp\/v2\/types\/page"}],"author":[{"embeddable":true,"href":"https:\/\/www.clsinfo.ca\/fr\/wp-json\/wp\/v2\/users\/1"}],"replies":[{"embeddable":true,"href":"https:\/\/www.clsinfo.ca\/fr\/wp-json\/wp\/v2\/comments?post=4724"}],"version-history":[{"count":0,"href":"https:\/\/www.clsinfo.ca\/fr\/wp-json\/wp\/v2\/pages\/4724\/revisions"}],"wp:attachment":[{"href":"https:\/\/www.clsinfo.ca\/fr\/wp-json\/wp\/v2\/media?parent=4724"}],"curies":[{"name":"wp","href":"https:\/\/api.w.org\/{rel}","templated":true}]}}