{"id":4872,"date":"2016-10-18T14:19:37","date_gmt":"2016-10-18T18:19:37","guid":{"rendered":"http:\/\/www.clsinfo.ca\/fr\/?page_id=4872"},"modified":"2016-10-18T14:28:38","modified_gmt":"2016-10-18T18:28:38","slug":"best","status":"publish","type":"page","link":"https:\/\/www.clsinfo.ca\/fr\/best\/","title":{"rendered":"BEST"},"content":{"rendered":"<p><strong>Une solution fiable et \u00e9conomique pour votre commerce<\/strong><\/p>\n<p>Con\u00e7u au Canada par des sp\u00e9cialistes du domaine des caisses, le logiciel BEST s\u2019adresse aux commerces recherchant une solution PoS fiable, flexible et \u00e9conomique. Plus de 2000 clients ont opt\u00e9 pour BEST pour la gestion de leur commerce.<\/p>\n<p>Convenant \u00e0 la plupart des commerces au d\u00e9tail (restaurants, boutiques, d\u00e9panneurs, bars, \u00e9piceries, salons de coiffure, et plus encore), BEST propose \u00e9galement des mises \u00e0 jour r\u00e9guli\u00e8res afin de soutenir l\u2019\u00e9volution de votre commerce.<\/p>\n<p>Le logiciel BEST est install\u00e9 par des sp\u00e9cialistes des logiciels de point de vente afin de r\u00e9pondre \u00e0 toutes vos exigences. Vous pouvez compter sur un service personnalis\u00e9 avant, pendant et apr\u00e8s l\u2019installation.<\/p>\n","protected":false},"excerpt":{"rendered":"<p>Logiciel de point de vente pour commerces de d\u00e9tail<\/p>\n","protected":false},"author":1,"featured_media":0,"parent":0,"menu_order":0,"comment_status":"closed","ping_status":"closed","template":"template-page-solution.php","meta":{"_acf_changed":false,"_custom_body_class":"is-solutions-details","_custom_post_class":"","footnotes":""},"acf":[],"yoast_head":"<!-- This site is optimized with the Yoast SEO plugin v22.9 - https:\/\/yoast.com\/wordpress\/plugins\/seo\/ -->\n<title>BEST Logiciel de point de vente pour commerces de d\u00e9tail<\/title>\n<meta name=\"description\" content=\"Le logiciel BEST s\u2019adresse aux commerces au d\u00e9tail recherchant une solution PoS fiable, flexible et \u00e9conomique. Venez nous voir!\" \/>\n<meta name=\"robots\" content=\"index, follow, max-snippet:-1, max-image-preview:large, max-video-preview:-1\" \/>\n<meta property=\"og:locale\" content=\"fr_CA\" \/>\n<meta property=\"og:type\" content=\"article\" \/>\n<meta property=\"og:title\" content=\"BEST Logiciel de point de vente pour commerces de d\u00e9tail\" \/>\n<meta property=\"og:description\" content=\"Le logiciel BEST s\u2019adresse aux commerces au d\u00e9tail recherchant une solution PoS fiable, flexible et \u00e9conomique. Venez nous voir!\" \/>\n<meta property=\"og:url\" content=\"https:\/\/www.clsinfo.ca\/fr\/best\/\" \/>\n<meta property=\"og:site_name\" content=\"CLS Info\" \/>\n<meta property=\"article:modified_time\" content=\"2016-10-18T18:28:38+00:00\" \/>\n<meta name=\"twitter:card\" content=\"summary_large_image\" \/>\n<meta name=\"twitter:label1\" content=\"Dur\u00e9e de lecture estim\u00e9e\" \/>\n\t<meta name=\"twitter:data1\" content=\"1 minute\" \/>\n<script type=\"application\/ld+json\" class=\"yoast-schema-graph\">{\"@context\":\"https:\/\/schema.org\",\"@graph\":[{\"@type\":\"WebPage\",\"@id\":\"https:\/\/www.clsinfo.ca\/fr\/best\/\",\"url\":\"https:\/\/www.clsinfo.ca\/fr\/best\/\",\"name\":\"BEST Logiciel de point de vente pour commerces de d\u00e9tail\",\"isPartOf\":{\"@id\":\"https:\/\/www.clsinfo.ca\/fr\/#website\"},\"datePublished\":\"2016-10-18T18:19:37+00:00\",\"dateModified\":\"2016-10-18T18:28:38+00:00\",\"description\":\"Le logiciel BEST s\u2019adresse aux commerces au d\u00e9tail recherchant une solution PoS fiable, flexible et \u00e9conomique. Venez nous voir!\",\"breadcrumb\":{\"@id\":\"https:\/\/www.clsinfo.ca\/fr\/best\/#breadcrumb\"},\"inLanguage\":\"fr-FR\",\"potentialAction\":[{\"@type\":\"ReadAction\",\"target\":[\"https:\/\/www.clsinfo.ca\/fr\/best\/\"]}]},{\"@type\":\"BreadcrumbList\",\"@id\":\"https:\/\/www.clsinfo.ca\/fr\/best\/#breadcrumb\",\"itemListElement\":[{\"@type\":\"ListItem\",\"position\":1,\"name\":\"Accueil\",\"item\":\"https:\/\/www.clsinfo.ca\/fr\/\"},{\"@type\":\"ListItem\",\"position\":2,\"name\":\"BEST\"}]},{\"@type\":\"WebSite\",\"@id\":\"https:\/\/www.clsinfo.ca\/fr\/#website\",\"url\":\"https:\/\/www.clsinfo.ca\/fr\/\",\"name\":\"CLS Info\",\"description\":\"\",\"potentialAction\":[{\"@type\":\"SearchAction\",\"target\":{\"@type\":\"EntryPoint\",\"urlTemplate\":\"https:\/\/www.clsinfo.ca\/fr\/?s={search_term_string}\"},\"query-input\":\"required name=search_term_string\"}],\"inLanguage\":\"fr-FR\"}]}<\/script>\n<!-- \/ Yoast SEO plugin. -->","yoast_head_json":{"title":"BEST Logiciel de point de vente pour commerces de d\u00e9tail","description":"Le logiciel BEST s\u2019adresse aux commerces au d\u00e9tail recherchant une solution PoS fiable, flexible et \u00e9conomique. Venez nous voir!","robots":{"index":"index","follow":"follow","max-snippet":"max-snippet:-1","max-image-preview":"max-image-preview:large","max-video-preview":"max-video-preview:-1"},"og_locale":"fr_CA","og_type":"article","og_title":"BEST Logiciel de point de vente pour commerces de d\u00e9tail","og_description":"Le logiciel BEST s\u2019adresse aux commerces au d\u00e9tail recherchant une solution PoS fiable, flexible et \u00e9conomique. Venez nous voir!","og_url":"https:\/\/www.clsinfo.ca\/fr\/best\/","og_site_name":"CLS Info","article_modified_time":"2016-10-18T18:28:38+00:00","twitter_card":"summary_large_image","twitter_misc":{"Dur\u00e9e de lecture estim\u00e9e":"1 minute"},"schema":{"@context":"https:\/\/schema.org","@graph":[{"@type":"WebPage","@id":"https:\/\/www.clsinfo.ca\/fr\/best\/","url":"https:\/\/www.clsinfo.ca\/fr\/best\/","name":"BEST Logiciel de point de vente pour commerces de d\u00e9tail","isPartOf":{"@id":"https:\/\/www.clsinfo.ca\/fr\/#website"},"datePublished":"2016-10-18T18:19:37+00:00","dateModified":"2016-10-18T18:28:38+00:00","description":"Le logiciel BEST s\u2019adresse aux commerces au d\u00e9tail recherchant une solution PoS fiable, flexible et \u00e9conomique. Venez nous voir!","breadcrumb":{"@id":"https:\/\/www.clsinfo.ca\/fr\/best\/#breadcrumb"},"inLanguage":"fr-FR","potentialAction":[{"@type":"ReadAction","target":["https:\/\/www.clsinfo.ca\/fr\/best\/"]}]},{"@type":"BreadcrumbList","@id":"https:\/\/www.clsinfo.ca\/fr\/best\/#breadcrumb","itemListElement":[{"@type":"ListItem","position":1,"name":"Accueil","item":"https:\/\/www.clsinfo.ca\/fr\/"},{"@type":"ListItem","position":2,"name":"BEST"}]},{"@type":"WebSite","@id":"https:\/\/www.clsinfo.ca\/fr\/#website","url":"https:\/\/www.clsinfo.ca\/fr\/","name":"CLS Info","description":"","potentialAction":[{"@type":"SearchAction","target":{"@type":"EntryPoint","urlTemplate":"https:\/\/www.clsinfo.ca\/fr\/?s={search_term_string}"},"query-input":"required name=search_term_string"}],"inLanguage":"fr-FR"}]}},"_links":{"self":[{"href":"https:\/\/www.clsinfo.ca\/fr\/wp-json\/wp\/v2\/pages\/4872"}],"collection":[{"href":"https:\/\/www.clsinfo.ca\/fr\/wp-json\/wp\/v2\/pages"}],"about":[{"href":"https:\/\/www.clsinfo.ca\/fr\/wp-json\/wp\/v2\/types\/page"}],"author":[{"embeddable":true,"href":"https:\/\/www.clsinfo.ca\/fr\/wp-json\/wp\/v2\/users\/1"}],"replies":[{"embeddable":true,"href":"https:\/\/www.clsinfo.ca\/fr\/wp-json\/wp\/v2\/comments?post=4872"}],"version-history":[{"count":1,"href":"https:\/\/www.clsinfo.ca\/fr\/wp-json\/wp\/v2\/pages\/4872\/revisions"}],"predecessor-version":[{"id":4880,"href":"https:\/\/www.clsinfo.ca\/fr\/wp-json\/wp\/v2\/pages\/4872\/revisions\/4880"}],"wp:attachment":[{"href":"https:\/\/www.clsinfo.ca\/fr\/wp-json\/wp\/v2\/media?parent=4872"}],"curies":[{"name":"wp","href":"https:\/\/api.w.org\/{rel}","templated":true}]}}