{"id":4982,"date":"2021-09-27T11:54:39","date_gmt":"2021-09-27T15:54:39","guid":{"rendered":"https:\/\/www.clsinfo.ca\/?page_id=4982"},"modified":"2022-02-28T09:41:58","modified_gmt":"2022-02-28T14:41:58","slug":"robot-aide-serveur","status":"publish","type":"page","link":"https:\/\/www.clsinfo.ca\/fr\/robot-aide-serveur\/","title":{"rendered":"Robot aide serveur"},"content":{"rendered":"<p>Les Robots aide serveur s sont parfait pour vous aider dans des petites t\u00e2ches r\u00e9currentes, simples ou qui peuvent n\u00e9cessiter de la distanciation sociale. D\u00e9couvrez les 3 mod\u00e8les que nous offront.&nbsp;<\/p>\n\n\n<p><\/p>\n\n\n<div class=\"row\" style=\"display:flex; margin-left:10%;\">\n<div style=\"flex:50%\">\n<a href=\"https:\/\/www.clsinfo.ca\/fr\/robot-desinfectant\/\">ROBOTS DE D\u00c9SINFECTION<\/a>\n<\/div>\n<div style=\"flex:50%\">\n<a href=\"https:\/\/www.clsinfo.ca\/fr\/robot-de-distribution\/\">ROBOTS DE DISTRIBUTION<\/a>\n<\/div>\n<\/div>","protected":false},"excerpt":{"rendered":"<p>Les Robots aide serveur s sont parfait pour vous aider dans des petites t\u00e2ches r\u00e9currentes, simples ou qui peuvent n\u00e9cessiter de la distanciation sociale. D\u00e9couvrez les 3 mod\u00e8les que nous offront.&nbsp; ROBOTS DE D\u00c9SINFECTION ROBOTS DE DISTRIBUTION<\/p>\n","protected":false},"author":1,"featured_media":0,"parent":0,"menu_order":0,"comment_status":"closed","ping_status":"closed","template":"template-page-solution-robots-de-livraison.php","meta":{"_acf_changed":false,"_custom_body_class":"is-solutions-details","_custom_post_class":"","footnotes":""},"acf":[],"yoast_head":"<!-- This site is optimized with the Yoast SEO plugin v22.9 - https:\/\/yoast.com\/wordpress\/plugins\/seo\/ -->\n<title>Robot de livraisons en vente au Qu\u00e9bec - CLS Info<\/title>\n<meta name=\"description\" content=\"D\u00e9couvrez les mod\u00e8les disponibles pour effectuer des t\u00e2ches de livraison.\" \/>\n<meta name=\"robots\" content=\"index, follow, max-snippet:-1, max-image-preview:large, max-video-preview:-1\" \/>\n<meta property=\"og:locale\" content=\"fr_CA\" \/>\n<meta property=\"og:type\" content=\"article\" \/>\n<meta property=\"og:title\" content=\"Robot de livraisons en vente au Qu\u00e9bec - CLS Info\" \/>\n<meta property=\"og:description\" content=\"D\u00e9couvrez les mod\u00e8les disponibles pour effectuer des t\u00e2ches de livraison.\" \/>\n<meta property=\"og:url\" content=\"https:\/\/www.clsinfo.ca\/fr\/robot-aide-serveur\/\" \/>\n<meta property=\"og:site_name\" content=\"CLS Info\" \/>\n<meta property=\"article:modified_time\" content=\"2022-02-28T14:41:58+00:00\" \/>\n<meta name=\"twitter:card\" content=\"summary_large_image\" \/>\n<meta name=\"twitter:label1\" content=\"Dur\u00e9e de lecture estim\u00e9e\" \/>\n\t<meta name=\"twitter:data1\" content=\"1 minute\" \/>\n<script type=\"application\/ld+json\" class=\"yoast-schema-graph\">{\"@context\":\"https:\/\/schema.org\",\"@graph\":[{\"@type\":\"WebPage\",\"@id\":\"https:\/\/www.clsinfo.ca\/fr\/robot-aide-serveur\/\",\"url\":\"https:\/\/www.clsinfo.ca\/fr\/robot-aide-serveur\/\",\"name\":\"Robot de livraisons en vente au Qu\u00e9bec - CLS Info\",\"isPartOf\":{\"@id\":\"https:\/\/www.clsinfo.ca\/fr\/#website\"},\"datePublished\":\"2021-09-27T15:54:39+00:00\",\"dateModified\":\"2022-02-28T14:41:58+00:00\",\"description\":\"D\u00e9couvrez les mod\u00e8les disponibles pour effectuer des t\u00e2ches de livraison.\",\"breadcrumb\":{\"@id\":\"https:\/\/www.clsinfo.ca\/fr\/robot-aide-serveur\/#breadcrumb\"},\"inLanguage\":\"fr-FR\",\"potentialAction\":[{\"@type\":\"ReadAction\",\"target\":[\"https:\/\/www.clsinfo.ca\/fr\/robot-aide-serveur\/\"]}]},{\"@type\":\"BreadcrumbList\",\"@id\":\"https:\/\/www.clsinfo.ca\/fr\/robot-aide-serveur\/#breadcrumb\",\"itemListElement\":[{\"@type\":\"ListItem\",\"position\":1,\"name\":\"Accueil\",\"item\":\"https:\/\/www.clsinfo.ca\/fr\/\"},{\"@type\":\"ListItem\",\"position\":2,\"name\":\"Robot aide serveur\"}]},{\"@type\":\"WebSite\",\"@id\":\"https:\/\/www.clsinfo.ca\/fr\/#website\",\"url\":\"https:\/\/www.clsinfo.ca\/fr\/\",\"name\":\"CLS Info\",\"description\":\"\",\"potentialAction\":[{\"@type\":\"SearchAction\",\"target\":{\"@type\":\"EntryPoint\",\"urlTemplate\":\"https:\/\/www.clsinfo.ca\/fr\/?s={search_term_string}\"},\"query-input\":\"required name=search_term_string\"}],\"inLanguage\":\"fr-FR\"}]}<\/script>\n<!-- \/ Yoast SEO plugin. -->","yoast_head_json":{"title":"Robot de livraisons en vente au Qu\u00e9bec - CLS Info","description":"D\u00e9couvrez les mod\u00e8les disponibles pour effectuer des t\u00e2ches de livraison.","robots":{"index":"index","follow":"follow","max-snippet":"max-snippet:-1","max-image-preview":"max-image-preview:large","max-video-preview":"max-video-preview:-1"},"og_locale":"fr_CA","og_type":"article","og_title":"Robot de livraisons en vente au Qu\u00e9bec - CLS Info","og_description":"D\u00e9couvrez les mod\u00e8les disponibles pour effectuer des t\u00e2ches de livraison.","og_url":"https:\/\/www.clsinfo.ca\/fr\/robot-aide-serveur\/","og_site_name":"CLS Info","article_modified_time":"2022-02-28T14:41:58+00:00","twitter_card":"summary_large_image","twitter_misc":{"Dur\u00e9e de lecture estim\u00e9e":"1 minute"},"schema":{"@context":"https:\/\/schema.org","@graph":[{"@type":"WebPage","@id":"https:\/\/www.clsinfo.ca\/fr\/robot-aide-serveur\/","url":"https:\/\/www.clsinfo.ca\/fr\/robot-aide-serveur\/","name":"Robot de livraisons en vente au Qu\u00e9bec - CLS Info","isPartOf":{"@id":"https:\/\/www.clsinfo.ca\/fr\/#website"},"datePublished":"2021-09-27T15:54:39+00:00","dateModified":"2022-02-28T14:41:58+00:00","description":"D\u00e9couvrez les mod\u00e8les disponibles pour effectuer des t\u00e2ches de livraison.","breadcrumb":{"@id":"https:\/\/www.clsinfo.ca\/fr\/robot-aide-serveur\/#breadcrumb"},"inLanguage":"fr-FR","potentialAction":[{"@type":"ReadAction","target":["https:\/\/www.clsinfo.ca\/fr\/robot-aide-serveur\/"]}]},{"@type":"BreadcrumbList","@id":"https:\/\/www.clsinfo.ca\/fr\/robot-aide-serveur\/#breadcrumb","itemListElement":[{"@type":"ListItem","position":1,"name":"Accueil","item":"https:\/\/www.clsinfo.ca\/fr\/"},{"@type":"ListItem","position":2,"name":"Robot aide serveur"}]},{"@type":"WebSite","@id":"https:\/\/www.clsinfo.ca\/fr\/#website","url":"https:\/\/www.clsinfo.ca\/fr\/","name":"CLS Info","description":"","potentialAction":[{"@type":"SearchAction","target":{"@type":"EntryPoint","urlTemplate":"https:\/\/www.clsinfo.ca\/fr\/?s={search_term_string}"},"query-input":"required name=search_term_string"}],"inLanguage":"fr-FR"}]}},"_links":{"self":[{"href":"https:\/\/www.clsinfo.ca\/fr\/wp-json\/wp\/v2\/pages\/4982"}],"collection":[{"href":"https:\/\/www.clsinfo.ca\/fr\/wp-json\/wp\/v2\/pages"}],"about":[{"href":"https:\/\/www.clsinfo.ca\/fr\/wp-json\/wp\/v2\/types\/page"}],"author":[{"embeddable":true,"href":"https:\/\/www.clsinfo.ca\/fr\/wp-json\/wp\/v2\/users\/1"}],"replies":[{"embeddable":true,"href":"https:\/\/www.clsinfo.ca\/fr\/wp-json\/wp\/v2\/comments?post=4982"}],"version-history":[{"count":10,"href":"https:\/\/www.clsinfo.ca\/fr\/wp-json\/wp\/v2\/pages\/4982\/revisions"}],"predecessor-version":[{"id":5309,"href":"https:\/\/www.clsinfo.ca\/fr\/wp-json\/wp\/v2\/pages\/4982\/revisions\/5309"}],"wp:attachment":[{"href":"https:\/\/www.clsinfo.ca\/fr\/wp-json\/wp\/v2\/media?parent=4982"}],"curies":[{"name":"wp","href":"https:\/\/api.w.org\/{rel}","templated":true}]}}