{"id":4988,"date":"2021-09-27T12:43:13","date_gmt":"2021-09-27T16:43:13","guid":{"rendered":"https:\/\/www.clsinfo.ca\/?page_id=4988"},"modified":"2021-12-17T13:08:50","modified_gmt":"2021-12-17T18:08:50","slug":"robot-desinfectant","status":"publish","type":"page","link":"https:\/\/www.clsinfo.ca\/fr\/robot-desinfectant\/","title":{"rendered":"Robots de d\u00e9sinfection"},"content":{"rendered":"<p>Puductor 2 minimise le risque d\u2019infection crois\u00e9e et am\u00e9liore les conditions sanitaires des environnements int\u00e9rieurs.&nbsp;<\/p>\n\n\n<p><\/p>\n\n\n<div class=\"row\" style=\"display: flex; margin-left: 10%;\">\n<div style=\"flex: 50%;\"><a href=\"https:\/\/www.clsinfo.ca\/fr\/robot-de-livraison\/\">ROBOT AIDE SERVEUR<\/a><\/div>\n<div style=\"flex: 50%;\"><a href=\"https:\/\/www.clsinfo.ca\/fr\/robot-de-distribution\/\">ROBOTS DE DISTRIBUTION<\/a><\/div>\n<\/div>","protected":false},"excerpt":{"rendered":"<p>Logiciel POS pour caisse enregistreuse avec gestion de stock<\/p>\n","protected":false},"author":1,"featured_media":0,"parent":0,"menu_order":0,"comment_status":"closed","ping_status":"closed","template":"template-page-solution-robots-de-desinfection.php","meta":{"_acf_changed":false,"_custom_body_class":"is-solutions-details","_custom_post_class":"","footnotes":""},"acf":[],"yoast_head":"<!-- This site is optimized with the Yoast SEO plugin v22.9 - https:\/\/yoast.com\/wordpress\/plugins\/seo\/ -->\n<title>Robot d\u00e9sinfectant pour nettoyage &amp; st\u00e9rilisation - CLS Info<\/title>\n<meta name=\"description\" content=\"Le Puductor, vous offre un employ\u00e9 de plus d\u00e9di\u00e9 \u00e0 la d\u00e9sinfection et nettoyage de vos environnements de travail.\" \/>\n<meta name=\"robots\" content=\"index, follow, max-snippet:-1, max-image-preview:large, max-video-preview:-1\" \/>\n<meta property=\"og:locale\" content=\"fr_CA\" \/>\n<meta property=\"og:type\" content=\"article\" \/>\n<meta property=\"og:title\" content=\"Robot d\u00e9sinfectant pour nettoyage &amp; st\u00e9rilisation - CLS Info\" \/>\n<meta property=\"og:description\" content=\"Le Puductor, vous offre un employ\u00e9 de plus d\u00e9di\u00e9 \u00e0 la d\u00e9sinfection et nettoyage de vos environnements de travail.\" \/>\n<meta property=\"og:url\" content=\"https:\/\/www.clsinfo.ca\/fr\/robot-desinfectant\/\" \/>\n<meta property=\"og:site_name\" content=\"CLS Info\" \/>\n<meta property=\"article:modified_time\" content=\"2021-12-17T18:08:50+00:00\" \/>\n<meta name=\"twitter:card\" content=\"summary_large_image\" \/>\n<meta name=\"twitter:label1\" content=\"Dur\u00e9e de lecture estim\u00e9e\" \/>\n\t<meta name=\"twitter:data1\" content=\"1 minute\" \/>\n<script type=\"application\/ld+json\" class=\"yoast-schema-graph\">{\"@context\":\"https:\/\/schema.org\",\"@graph\":[{\"@type\":\"WebPage\",\"@id\":\"https:\/\/www.clsinfo.ca\/fr\/robot-desinfectant\/\",\"url\":\"https:\/\/www.clsinfo.ca\/fr\/robot-desinfectant\/\",\"name\":\"Robot d\u00e9sinfectant pour nettoyage & st\u00e9rilisation - CLS Info\",\"isPartOf\":{\"@id\":\"https:\/\/www.clsinfo.ca\/fr\/#website\"},\"datePublished\":\"2021-09-27T16:43:13+00:00\",\"dateModified\":\"2021-12-17T18:08:50+00:00\",\"description\":\"Le Puductor, vous offre un employ\u00e9 de plus d\u00e9di\u00e9 \u00e0 la d\u00e9sinfection et nettoyage de vos environnements de travail.\",\"breadcrumb\":{\"@id\":\"https:\/\/www.clsinfo.ca\/fr\/robot-desinfectant\/#breadcrumb\"},\"inLanguage\":\"fr-FR\",\"potentialAction\":[{\"@type\":\"ReadAction\",\"target\":[\"https:\/\/www.clsinfo.ca\/fr\/robot-desinfectant\/\"]}]},{\"@type\":\"BreadcrumbList\",\"@id\":\"https:\/\/www.clsinfo.ca\/fr\/robot-desinfectant\/#breadcrumb\",\"itemListElement\":[{\"@type\":\"ListItem\",\"position\":1,\"name\":\"Accueil\",\"item\":\"https:\/\/www.clsinfo.ca\/fr\/\"},{\"@type\":\"ListItem\",\"position\":2,\"name\":\"Robots de d\u00e9sinfection\"}]},{\"@type\":\"WebSite\",\"@id\":\"https:\/\/www.clsinfo.ca\/fr\/#website\",\"url\":\"https:\/\/www.clsinfo.ca\/fr\/\",\"name\":\"CLS Info\",\"description\":\"\",\"potentialAction\":[{\"@type\":\"SearchAction\",\"target\":{\"@type\":\"EntryPoint\",\"urlTemplate\":\"https:\/\/www.clsinfo.ca\/fr\/?s={search_term_string}\"},\"query-input\":\"required name=search_term_string\"}],\"inLanguage\":\"fr-FR\"}]}<\/script>\n<!-- \/ Yoast SEO plugin. -->","yoast_head_json":{"title":"Robot d\u00e9sinfectant pour nettoyage & st\u00e9rilisation - CLS Info","description":"Le Puductor, vous offre un employ\u00e9 de plus d\u00e9di\u00e9 \u00e0 la d\u00e9sinfection et nettoyage de vos environnements de travail.","robots":{"index":"index","follow":"follow","max-snippet":"max-snippet:-1","max-image-preview":"max-image-preview:large","max-video-preview":"max-video-preview:-1"},"og_locale":"fr_CA","og_type":"article","og_title":"Robot d\u00e9sinfectant pour nettoyage & st\u00e9rilisation - CLS Info","og_description":"Le Puductor, vous offre un employ\u00e9 de plus d\u00e9di\u00e9 \u00e0 la d\u00e9sinfection et nettoyage de vos environnements de travail.","og_url":"https:\/\/www.clsinfo.ca\/fr\/robot-desinfectant\/","og_site_name":"CLS Info","article_modified_time":"2021-12-17T18:08:50+00:00","twitter_card":"summary_large_image","twitter_misc":{"Dur\u00e9e de lecture estim\u00e9e":"1 minute"},"schema":{"@context":"https:\/\/schema.org","@graph":[{"@type":"WebPage","@id":"https:\/\/www.clsinfo.ca\/fr\/robot-desinfectant\/","url":"https:\/\/www.clsinfo.ca\/fr\/robot-desinfectant\/","name":"Robot d\u00e9sinfectant pour nettoyage & st\u00e9rilisation - CLS Info","isPartOf":{"@id":"https:\/\/www.clsinfo.ca\/fr\/#website"},"datePublished":"2021-09-27T16:43:13+00:00","dateModified":"2021-12-17T18:08:50+00:00","description":"Le Puductor, vous offre un employ\u00e9 de plus d\u00e9di\u00e9 \u00e0 la d\u00e9sinfection et nettoyage de vos environnements de travail.","breadcrumb":{"@id":"https:\/\/www.clsinfo.ca\/fr\/robot-desinfectant\/#breadcrumb"},"inLanguage":"fr-FR","potentialAction":[{"@type":"ReadAction","target":["https:\/\/www.clsinfo.ca\/fr\/robot-desinfectant\/"]}]},{"@type":"BreadcrumbList","@id":"https:\/\/www.clsinfo.ca\/fr\/robot-desinfectant\/#breadcrumb","itemListElement":[{"@type":"ListItem","position":1,"name":"Accueil","item":"https:\/\/www.clsinfo.ca\/fr\/"},{"@type":"ListItem","position":2,"name":"Robots de d\u00e9sinfection"}]},{"@type":"WebSite","@id":"https:\/\/www.clsinfo.ca\/fr\/#website","url":"https:\/\/www.clsinfo.ca\/fr\/","name":"CLS Info","description":"","potentialAction":[{"@type":"SearchAction","target":{"@type":"EntryPoint","urlTemplate":"https:\/\/www.clsinfo.ca\/fr\/?s={search_term_string}"},"query-input":"required name=search_term_string"}],"inLanguage":"fr-FR"}]}},"_links":{"self":[{"href":"https:\/\/www.clsinfo.ca\/fr\/wp-json\/wp\/v2\/pages\/4988"}],"collection":[{"href":"https:\/\/www.clsinfo.ca\/fr\/wp-json\/wp\/v2\/pages"}],"about":[{"href":"https:\/\/www.clsinfo.ca\/fr\/wp-json\/wp\/v2\/types\/page"}],"author":[{"embeddable":true,"href":"https:\/\/www.clsinfo.ca\/fr\/wp-json\/wp\/v2\/users\/1"}],"replies":[{"embeddable":true,"href":"https:\/\/www.clsinfo.ca\/fr\/wp-json\/wp\/v2\/comments?post=4988"}],"version-history":[{"count":4,"href":"https:\/\/www.clsinfo.ca\/fr\/wp-json\/wp\/v2\/pages\/4988\/revisions"}],"predecessor-version":[{"id":5098,"href":"https:\/\/www.clsinfo.ca\/fr\/wp-json\/wp\/v2\/pages\/4988\/revisions\/5098"}],"wp:attachment":[{"href":"https:\/\/www.clsinfo.ca\/fr\/wp-json\/wp\/v2\/media?parent=4988"}],"curies":[{"name":"wp","href":"https:\/\/api.w.org\/{rel}","templated":true}]}}