{"id":4993,"date":"2021-09-27T12:52:46","date_gmt":"2021-09-27T16:52:46","guid":{"rendered":"https:\/\/www.clsinfo.ca\/?page_id=4993"},"modified":"2022-02-28T09:34:54","modified_gmt":"2022-02-28T14:34:54","slug":"robot-de-distribution","status":"publish","type":"page","link":"https:\/\/www.clsinfo.ca\/fr\/robot-de-distribution\/","title":{"rendered":"Robots de distribution"},"content":{"rendered":"<p>Pudubot le robot de livraison et distribution id\u00e9al pour toute t\u00e2che o\u00f9 la distanciation sociale est souhaitable.<\/p>\n\n\n<p><\/p>\n\n\n<div class=\"row\" style=\"display: flex; margin-left: 10%;\">\n<div style=\"flex: 50%;\"><a href=\"https:\/\/www.clsinfo.ca\/fr\/robot-desinfectant\/\">ROBOTS DE D\u00c9SINFECTION<\/a><\/div>\n<div style=\"flex: 50%;\"><a href=\"https:\/\/www.clsinfo.ca\/fr\/robot-aide-serveur\/\">ROBOT AIDE SERVEUR<\/a><\/div>\n<\/div>","protected":false},"excerpt":{"rendered":"<p>Logiciel POS pour caisse enregistreuse avec gestion de stock<\/p>\n","protected":false},"author":1,"featured_media":0,"parent":0,"menu_order":0,"comment_status":"closed","ping_status":"closed","template":"template-page-solution-robots-de distribution.php","meta":{"_acf_changed":false,"_custom_body_class":"is-solutions-details","_custom_post_class":"","footnotes":""},"acf":[],"yoast_head":"<!-- This site is optimized with the Yoast SEO plugin v22.9 - https:\/\/yoast.com\/wordpress\/plugins\/seo\/ -->\n<title>Robot de distribution &amp; Robot de livraison de marchandises.| CLS Info<\/title>\n<meta name=\"description\" content=\"Le Pudubot, vous devez le voir pour le croire, visionnez la vid\u00e9o du robot en action lors de la distribution et livraison.\" \/>\n<meta name=\"robots\" content=\"index, follow, max-snippet:-1, max-image-preview:large, max-video-preview:-1\" \/>\n<meta property=\"og:locale\" content=\"fr_CA\" \/>\n<meta property=\"og:type\" content=\"article\" \/>\n<meta property=\"og:title\" content=\"Robot de distribution &amp; Robot de livraison de marchandises.| CLS Info\" \/>\n<meta property=\"og:description\" content=\"Le Pudubot, vous devez le voir pour le croire, visionnez la vid\u00e9o du robot en action lors de la distribution et livraison.\" \/>\n<meta property=\"og:url\" content=\"https:\/\/www.clsinfo.ca\/fr\/robot-de-distribution\/\" \/>\n<meta property=\"og:site_name\" content=\"CLS Info\" \/>\n<meta property=\"article:modified_time\" content=\"2022-02-28T14:34:54+00:00\" \/>\n<meta name=\"twitter:card\" content=\"summary_large_image\" \/>\n<meta name=\"twitter:label1\" content=\"Dur\u00e9e de lecture estim\u00e9e\" \/>\n\t<meta name=\"twitter:data1\" content=\"1 minute\" \/>\n<script type=\"application\/ld+json\" class=\"yoast-schema-graph\">{\"@context\":\"https:\/\/schema.org\",\"@graph\":[{\"@type\":\"WebPage\",\"@id\":\"https:\/\/www.clsinfo.ca\/fr\/robot-de-distribution\/\",\"url\":\"https:\/\/www.clsinfo.ca\/fr\/robot-de-distribution\/\",\"name\":\"Robot de distribution & Robot de livraison de marchandises.| CLS Info\",\"isPartOf\":{\"@id\":\"https:\/\/www.clsinfo.ca\/fr\/#website\"},\"datePublished\":\"2021-09-27T16:52:46+00:00\",\"dateModified\":\"2022-02-28T14:34:54+00:00\",\"description\":\"Le Pudubot, vous devez le voir pour le croire, visionnez la vid\u00e9o du robot en action lors de la distribution et livraison.\",\"breadcrumb\":{\"@id\":\"https:\/\/www.clsinfo.ca\/fr\/robot-de-distribution\/#breadcrumb\"},\"inLanguage\":\"fr-FR\",\"potentialAction\":[{\"@type\":\"ReadAction\",\"target\":[\"https:\/\/www.clsinfo.ca\/fr\/robot-de-distribution\/\"]}]},{\"@type\":\"BreadcrumbList\",\"@id\":\"https:\/\/www.clsinfo.ca\/fr\/robot-de-distribution\/#breadcrumb\",\"itemListElement\":[{\"@type\":\"ListItem\",\"position\":1,\"name\":\"Accueil\",\"item\":\"https:\/\/www.clsinfo.ca\/fr\/\"},{\"@type\":\"ListItem\",\"position\":2,\"name\":\"Robots de distribution\"}]},{\"@type\":\"WebSite\",\"@id\":\"https:\/\/www.clsinfo.ca\/fr\/#website\",\"url\":\"https:\/\/www.clsinfo.ca\/fr\/\",\"name\":\"CLS Info\",\"description\":\"\",\"potentialAction\":[{\"@type\":\"SearchAction\",\"target\":{\"@type\":\"EntryPoint\",\"urlTemplate\":\"https:\/\/www.clsinfo.ca\/fr\/?s={search_term_string}\"},\"query-input\":\"required name=search_term_string\"}],\"inLanguage\":\"fr-FR\"}]}<\/script>\n<!-- \/ Yoast SEO plugin. -->","yoast_head_json":{"title":"Robot de distribution & Robot de livraison de marchandises.| CLS Info","description":"Le Pudubot, vous devez le voir pour le croire, visionnez la vid\u00e9o du robot en action lors de la distribution et livraison.","robots":{"index":"index","follow":"follow","max-snippet":"max-snippet:-1","max-image-preview":"max-image-preview:large","max-video-preview":"max-video-preview:-1"},"og_locale":"fr_CA","og_type":"article","og_title":"Robot de distribution & Robot de livraison de marchandises.| CLS Info","og_description":"Le Pudubot, vous devez le voir pour le croire, visionnez la vid\u00e9o du robot en action lors de la distribution et livraison.","og_url":"https:\/\/www.clsinfo.ca\/fr\/robot-de-distribution\/","og_site_name":"CLS Info","article_modified_time":"2022-02-28T14:34:54+00:00","twitter_card":"summary_large_image","twitter_misc":{"Dur\u00e9e de lecture estim\u00e9e":"1 minute"},"schema":{"@context":"https:\/\/schema.org","@graph":[{"@type":"WebPage","@id":"https:\/\/www.clsinfo.ca\/fr\/robot-de-distribution\/","url":"https:\/\/www.clsinfo.ca\/fr\/robot-de-distribution\/","name":"Robot de distribution & Robot de livraison de marchandises.| CLS Info","isPartOf":{"@id":"https:\/\/www.clsinfo.ca\/fr\/#website"},"datePublished":"2021-09-27T16:52:46+00:00","dateModified":"2022-02-28T14:34:54+00:00","description":"Le Pudubot, vous devez le voir pour le croire, visionnez la vid\u00e9o du robot en action lors de la distribution et livraison.","breadcrumb":{"@id":"https:\/\/www.clsinfo.ca\/fr\/robot-de-distribution\/#breadcrumb"},"inLanguage":"fr-FR","potentialAction":[{"@type":"ReadAction","target":["https:\/\/www.clsinfo.ca\/fr\/robot-de-distribution\/"]}]},{"@type":"BreadcrumbList","@id":"https:\/\/www.clsinfo.ca\/fr\/robot-de-distribution\/#breadcrumb","itemListElement":[{"@type":"ListItem","position":1,"name":"Accueil","item":"https:\/\/www.clsinfo.ca\/fr\/"},{"@type":"ListItem","position":2,"name":"Robots de distribution"}]},{"@type":"WebSite","@id":"https:\/\/www.clsinfo.ca\/fr\/#website","url":"https:\/\/www.clsinfo.ca\/fr\/","name":"CLS Info","description":"","potentialAction":[{"@type":"SearchAction","target":{"@type":"EntryPoint","urlTemplate":"https:\/\/www.clsinfo.ca\/fr\/?s={search_term_string}"},"query-input":"required name=search_term_string"}],"inLanguage":"fr-FR"}]}},"_links":{"self":[{"href":"https:\/\/www.clsinfo.ca\/fr\/wp-json\/wp\/v2\/pages\/4993"}],"collection":[{"href":"https:\/\/www.clsinfo.ca\/fr\/wp-json\/wp\/v2\/pages"}],"about":[{"href":"https:\/\/www.clsinfo.ca\/fr\/wp-json\/wp\/v2\/types\/page"}],"author":[{"embeddable":true,"href":"https:\/\/www.clsinfo.ca\/fr\/wp-json\/wp\/v2\/users\/1"}],"replies":[{"embeddable":true,"href":"https:\/\/www.clsinfo.ca\/fr\/wp-json\/wp\/v2\/comments?post=4993"}],"version-history":[{"count":4,"href":"https:\/\/www.clsinfo.ca\/fr\/wp-json\/wp\/v2\/pages\/4993\/revisions"}],"predecessor-version":[{"id":5307,"href":"https:\/\/www.clsinfo.ca\/fr\/wp-json\/wp\/v2\/pages\/4993\/revisions\/5307"}],"wp:attachment":[{"href":"https:\/\/www.clsinfo.ca\/fr\/wp-json\/wp\/v2\/media?parent=4993"}],"curies":[{"name":"wp","href":"https:\/\/api.w.org\/{rel}","templated":true}]}}