{"id":5102,"date":"2022-02-10T09:36:23","date_gmt":"2022-02-10T14:36:23","guid":{"rendered":"https:\/\/www.clsinfo.ca\/?page_id=5102"},"modified":"2022-02-16T12:00:27","modified_gmt":"2022-02-16T17:00:27","slug":"global-restaurant","status":"publish","type":"page","link":"https:\/\/www.clsinfo.ca\/fr\/solutions-logicielles-mobiles-restaurant-bar-cafeteria\/global-restaurant\/","title":{"rendered":"Global restaurant"},"content":{"rendered":"<h2><img loading=\"lazy\" decoding=\"async\" class=\"wp-image-5300 size-medium aligncenter\" src=\"https:\/\/www.clsinfo.ca\/wp-content\/uploads\/2022\/02\/2021-GP-Wordmark-Logo-300x44.png\" alt=\"\" width=\"300\" height=\"44\" srcset=\"https:\/\/www.clsinfo.ca\/wp-content\/uploads\/2022\/02\/2021-GP-Wordmark-Logo-300x44.png 300w, https:\/\/www.clsinfo.ca\/wp-content\/uploads\/2022\/02\/2021-GP-Wordmark-Logo-1024x152.png 1024w, https:\/\/www.clsinfo.ca\/wp-content\/uploads\/2022\/02\/2021-GP-Wordmark-Logo-768x114.png 768w, https:\/\/www.clsinfo.ca\/wp-content\/uploads\/2022\/02\/2021-GP-Wordmark-Logo-1536x228.png 1536w, https:\/\/www.clsinfo.ca\/wp-content\/uploads\/2022\/02\/2021-GP-Wordmark-Logo-2048x303.png 2048w\" sizes=\"(max-width: 300px) 100vw, 300px\" \/><\/h2>\n<p>\u00a0<\/p>\n<p>\u00a0<\/p>\n<p style=\"text-align: left;\"><strong>PDV Restaurant Global Payments<\/strong> est une solution de point de vente infonuagique tout-en-un puissante, con\u00e7ue pour tous les types de restaurants. Cette solution simplifie l\u2019ensemble des activit\u00e9s de restauration, que ce soit \u00e0 la table, lors des livraisons, en cuisine, au kiosque libre-service, au comptoir ou en ligne, pour permettre aux propri\u00e9taires de g\u00e9rer et d\u2019accro\u00eetre leurs affaires en toute libert\u00e9.<\/p>\n\n\n<div class=\"wp-block-columns are-vertically-aligned-center is-layout-flex wp-container-core-columns-is-layout-1 wp-block-columns-is-layout-flex\">\n<div class=\"wp-block-column is-vertically-aligned-center is-layout-flow wp-block-column-is-layout-flow\">\n<table>\n<tbody>\n<tr>\n<td><img decoding=\"async\" src=\"https:\/\/www.clsinfo.ca\/wp-content\/uploads\/2022\/02\/1-2.jpg\"><\/img><\/td>\n<td style=\"padding-left: 30px;\"><h4> Acc\u00e9l\u00e9rez le roulement<\/h4><\/td>\n<\/tr>\n<tr>\n<td><img decoding=\"async\" src=\"https:\/\/www.clsinfo.ca\/wp-content\/uploads\/2022\/02\/2-1.jpg\"><\/img><\/td>\n<td style=\"padding-left: 30px;\"><h4> Acc\u00e9l\u00e9rez le roulement<\/h4><\/td>\n<\/tr>\n<tr>\n<td><img decoding=\"async\" src=\"https:\/\/www.clsinfo.ca\/wp-content\/uploads\/2022\/02\/3-1.jpg\"><\/img><\/td>\n<td style=\"padding-left: 30px;\"><h4> Acc\u00e9l\u00e9rez le roulement<\/h4><\/td>\n<\/tr>\n<tr>\n<td><img decoding=\"async\" src=\"https:\/\/www.clsinfo.ca\/wp-content\/uploads\/2022\/02\/4-1.jpg\"><\/img><\/td>\n<td style=\"padding-left: 30px;\"><h4> Acc\u00e9l\u00e9rez le roulement<\/h4><\/td>\n<\/tr>\n<tr>\n<td><img decoding=\"async\" src=\"https:\/\/www.clsinfo.ca\/wp-content\/uploads\/2022\/02\/5-1.jpg\"><\/img><\/td>\n<td style=\"padding-left: 30px;\"><h4> Acc\u00e9l\u00e9rez le roulement<\/h4><\/td>\n<\/tr>\n<\/tbody>\n<\/table>\n<\/div>\n\n\n\n<div class=\"wp-block-column is-vertically-aligned-center is-layout-flow wp-block-column-is-layout-flow\">\n<div class=\"wp-block-image pointer-events: none; cursor: default;\"><figure class=\"aligncenter size-full is-resized\"><img loading=\"lazy\" decoding=\"async\" src=\"https:\/\/www.clsinfo.ca\/wp-content\/uploads\/2022\/02\/monitor.png\" alt=\"\" class=\"wp-image-5131\" width=\"350\" height=\"355\"\/><\/figure><\/div>\n<\/div>\n<\/div>\n\n\n\n<hr class=\"wp-block-separator has-text-color has-background is-style-wide\" style=\"background-color:#c0d028;color:#c0d028\"\/>\n\n\n\n<div class=\"wp-block-columns is-layout-flex wp-container-core-columns-is-layout-3 wp-block-columns-is-layout-flex\">\n<div class=\"wp-block-column is-layout-flow wp-block-column-is-layout-flow\">\n<div class=\"wp-block-columns is-layout-flex wp-container-core-columns-is-layout-2 wp-block-columns-is-layout-flex\">\n<div class=\"wp-block-column is-layout-flow wp-block-column-is-layout-flow\">\n<div class=\"wp-block-image\"><figure class=\"aligncenter size-full\"><img loading=\"lazy\" decoding=\"async\" width=\"270\" height=\"180\" src=\"https:\/\/www.clsinfo.ca\/wp-content\/uploads\/2022\/02\/6-1.png\" alt=\"\" class=\"wp-image-5193\"\/><\/figure><\/div>\n\n\n\n<p><strong>Simplifier les activit\u00e9s gr\u00e2ce \u00e0 un PDV infonuagique<\/strong><\/p>\n<ul>\n<li>Traiter rapidement les paiements tout en pr\u00e9venant la fraude et la r\u00e9trofacturation<\/li>\n<li>S\u00e9parer facilement les factures par si\u00e8ge, client et<br>mode de paiement<\/li>\n<li>Laisser les clients ajouter le pourboire et signer<br>directement sur l\u2019\u00e9cran tactile<\/li>\n<\/ul>\n<\/div>\n\n\n\n<div class=\"wp-block-column is-layout-flow wp-block-column-is-layout-flow\">\n<div class=\"wp-block-image\"><figure class=\"aligncenter size-full\"><img loading=\"lazy\" decoding=\"async\" width=\"270\" height=\"180\" src=\"https:\/\/www.clsinfo.ca\/wp-content\/uploads\/2022\/02\/7-1.png\" alt=\"\" class=\"wp-image-5195\"\/><\/figure><\/div>\n\n\n\n<p><strong>Installer des kiosques libre-service<\/strong><\/p>\n<ul>\n<li>Augmenter la facture moyenne par la commande<br>et le paiement libre-service<\/li>\n<li>Diminuer les co\u00fbts de main-d\u2019\u0153uvre<\/li>\n<li>Am\u00e9liorer l\u2019exactitude des commandes<\/li>\n<\/ul>\n<\/div>\n<\/div>\n<\/div>\n<\/div>\n\n\n\n<hr class=\"wp-block-separator has-text-color has-background is-style-wide\" style=\"background-color:#c0d028;color:#c0d028\"\/>\n\n\n\n<div class=\"wp-block-columns is-layout-flex wp-container-core-columns-is-layout-4 wp-block-columns-is-layout-flex\">\n<div class=\"wp-block-column is-layout-flow wp-block-column-is-layout-flow\">\n<div class=\"wp-block-image\"><figure class=\"aligncenter size-full\"><img loading=\"lazy\" decoding=\"async\" width=\"270\" height=\"180\" src=\"https:\/\/www.clsinfo.ca\/wp-content\/uploads\/2022\/02\/8-1.png\" alt=\"\" class=\"wp-image-5197\"\/><\/figure><\/div>\n\n\n\n<p><strong>Se faire conna\u00eetre gr\u00e2ce \u00e0 la commande mobile<\/strong><\/p>\n<ul>\n<li>Laisser les consommateurs voir le menu et payer en ligne pour une commande en livraison ou au comptoir, o\u00f9 qu\u2019ils se trouvent<\/li>\n<li>Faire rayonner la marque<\/li>\n<li>Instaurer un syst\u00e8me de points de fid\u00e9lit\u00e9<\/li>\n<\/ul>\n<\/div>\n\n\n\n<div class=\"wp-block-column is-layout-flow wp-block-column-is-layout-flow\">\n<div class=\"wp-block-image\"><figure class=\"aligncenter size-full\"><img loading=\"lazy\" decoding=\"async\" width=\"270\" height=\"180\" src=\"https:\/\/www.clsinfo.ca\/wp-content\/uploads\/2022\/02\/9-1.png\" alt=\"\" class=\"wp-image-5199\"\/><\/figure><\/div>\n\n\n\n<p><strong>Am\u00e9liorer l\u2019exp\u00e9rience client avec l\u2019application client<\/strong><\/p>\n<ul>\n<li>Interagir en temps r\u00e9el avec les clients, notamment en leur envoyant des notifications sur les offres promotionnelles et incitatives<\/li>\n<li>Laisser les clients pr\u00e9commander leurs plats, num\u00e9riser leur facture pour la payer, utiliser des points de fid\u00e9lit\u00e9 et recevoir une facture papier ou \u00e9lectronique (texto ou courriel)<\/li>\n<\/ul>\n<\/div>\n<\/div>\n\n\n\n<hr class=\"wp-block-separator has-text-color has-background is-style-wide\" style=\"background-color:#c0d028;color:#c0d028\"\/>\n\n\n<p><strong>Avantages infonuagiques<\/strong><\/p>\n<ul>\n<li>Rendre visibles les transactions de bout en bout sur tout appareil connect\u00e9 \u00e0 Internet<\/li>\n<li>Obtenir des rapports en temps r\u00e9el pour s\u2019assurer d\u2019avoir suffisamment d\u2019employ\u00e9s et de stocks<\/li>\n<li>Prendre les commandes, faire les paiements et d\u2019imprimer les factures m\u00eame hors ligne<\/li>\n<li>Sauvegarder et s\u00e9curiser les donn\u00e9es gr\u00e2ce au chiffrement de bout en bout<\/li>\n<\/ul>\n\n\n<hr class=\"wp-block-separator has-text-color has-background is-style-wide\" style=\"background-color:#c0d028;color:#c0d028\"\/>\n\n\n\n<div class=\"wp-block-columns is-layout-flex wp-container-core-columns-is-layout-5 wp-block-columns-is-layout-flex\">\n<div class=\"wp-block-column is-layout-flow wp-block-column-is-layout-flow\">\n<div class=\"btn\" style=\"position:unset;\"><a href=\"https:\/\/www.clsinfo.ca\/wp-content\/uploads\/2022\/02\/Global-Payments-Restaurant-POS-Social-Posts-for-Dealers-FR-1.pdf\" download=\"\">Fonctionnement r\u00e9seaux sociaux<\/a><\/div>\n<\/div>\n<\/div>\n","protected":false},"excerpt":{"rendered":"<p>\u00a0 \u00a0 PDV Restaurant Global Payments est une solution de point de vente infonuagique tout-en-un puissante, con\u00e7ue pour tous les types de restaurants. Cette solution simplifie l\u2019ensemble des activit\u00e9s de restauration, que ce soit \u00e0 la table, lors des livraisons, en cuisine, au kiosque libre-service, au comptoir ou en ligne, pour permettre aux propri\u00e9taires de &hellip; <a href=\"https:\/\/www.clsinfo.ca\/fr\/solutions-logicielles-mobiles-restaurant-bar-cafeteria\/global-restaurant\/\">Continued<\/a><\/p>\n","protected":false},"author":1,"featured_media":0,"parent":4495,"menu_order":0,"comment_status":"closed","ping_status":"closed","template":"template-page-solution.php","meta":{"_acf_changed":false,"_custom_body_class":"","_custom_post_class":"","footnotes":""},"acf":[],"yoast_head":"<!-- This site is optimized with the Yoast SEO plugin v22.9 - https:\/\/yoast.com\/wordpress\/plugins\/seo\/ -->\n<title>Global Restaurant - CLS Info<\/title>\n<meta name=\"robots\" content=\"index, follow, max-snippet:-1, max-image-preview:large, max-video-preview:-1\" \/>\n<meta property=\"og:locale\" content=\"fr_CA\" \/>\n<meta property=\"og:type\" content=\"article\" \/>\n<meta property=\"og:title\" content=\"Global Restaurant - CLS Info\" \/>\n<meta property=\"og:description\" content=\"\u00a0 \u00a0 PDV Restaurant Global Payments est une solution de point de vente infonuagique tout-en-un puissante, con\u00e7ue pour tous les types de restaurants. Cette solution simplifie l\u2019ensemble des activit\u00e9s de restauration, que ce soit \u00e0 la table, lors des livraisons, en cuisine, au kiosque libre-service, au comptoir ou en ligne, pour permettre aux propri\u00e9taires de &hellip; Continued\" \/>\n<meta property=\"og:url\" content=\"https:\/\/www.clsinfo.ca\/fr\/solutions-logicielles-mobiles-restaurant-bar-cafeteria\/global-restaurant\/\" \/>\n<meta property=\"og:site_name\" content=\"CLS Info\" \/>\n<meta property=\"article:modified_time\" content=\"2022-02-16T17:00:27+00:00\" \/>\n<meta property=\"og:image\" content=\"https:\/\/www.clsinfo.ca\/wp-content\/uploads\/2022\/02\/2021-GP-Wordmark-Logo-300x44.png\" \/>\n<meta name=\"twitter:card\" content=\"summary_large_image\" \/>\n<meta name=\"twitter:label1\" content=\"Dur\u00e9e de lecture estim\u00e9e\" \/>\n\t<meta name=\"twitter:data1\" content=\"4 minutes\" \/>\n<script type=\"application\/ld+json\" class=\"yoast-schema-graph\">{\"@context\":\"https:\/\/schema.org\",\"@graph\":[{\"@type\":\"WebPage\",\"@id\":\"https:\/\/www.clsinfo.ca\/fr\/solutions-logicielles-mobiles-restaurant-bar-cafeteria\/global-restaurant\/\",\"url\":\"https:\/\/www.clsinfo.ca\/fr\/solutions-logicielles-mobiles-restaurant-bar-cafeteria\/global-restaurant\/\",\"name\":\"Global Restaurant - CLS Info\",\"isPartOf\":{\"@id\":\"https:\/\/www.clsinfo.ca\/fr\/#website\"},\"primaryImageOfPage\":{\"@id\":\"https:\/\/www.clsinfo.ca\/fr\/solutions-logicielles-mobiles-restaurant-bar-cafeteria\/global-restaurant\/#primaryimage\"},\"image\":{\"@id\":\"https:\/\/www.clsinfo.ca\/fr\/solutions-logicielles-mobiles-restaurant-bar-cafeteria\/global-restaurant\/#primaryimage\"},\"thumbnailUrl\":\"https:\/\/www.clsinfo.ca\/wp-content\/uploads\/2022\/02\/2021-GP-Wordmark-Logo-300x44.png\",\"datePublished\":\"2022-02-10T14:36:23+00:00\",\"dateModified\":\"2022-02-16T17:00:27+00:00\",\"breadcrumb\":{\"@id\":\"https:\/\/www.clsinfo.ca\/fr\/solutions-logicielles-mobiles-restaurant-bar-cafeteria\/global-restaurant\/#breadcrumb\"},\"inLanguage\":\"fr-FR\",\"potentialAction\":[{\"@type\":\"ReadAction\",\"target\":[\"https:\/\/www.clsinfo.ca\/fr\/solutions-logicielles-mobiles-restaurant-bar-cafeteria\/global-restaurant\/\"]}]},{\"@type\":\"ImageObject\",\"inLanguage\":\"fr-FR\",\"@id\":\"https:\/\/www.clsinfo.ca\/fr\/solutions-logicielles-mobiles-restaurant-bar-cafeteria\/global-restaurant\/#primaryimage\",\"url\":\"https:\/\/www.clsinfo.ca\/wp-content\/uploads\/2022\/02\/2021-GP-Wordmark-Logo-300x44.png\",\"contentUrl\":\"https:\/\/www.clsinfo.ca\/wp-content\/uploads\/2022\/02\/2021-GP-Wordmark-Logo-300x44.png\"},{\"@type\":\"BreadcrumbList\",\"@id\":\"https:\/\/www.clsinfo.ca\/fr\/solutions-logicielles-mobiles-restaurant-bar-cafeteria\/global-restaurant\/#breadcrumb\",\"itemListElement\":[{\"@type\":\"ListItem\",\"position\":1,\"name\":\"Accueil\",\"item\":\"https:\/\/www.clsinfo.ca\/fr\/\"},{\"@type\":\"ListItem\",\"position\":2,\"name\":\"Solutions\",\"item\":\"https:\/\/www.clsinfo.ca\/fr\/solutions-logicielles-mobiles-restaurant-bar-cafeteria\/\"},{\"@type\":\"ListItem\",\"position\":3,\"name\":\"Global restaurant\"}]},{\"@type\":\"WebSite\",\"@id\":\"https:\/\/www.clsinfo.ca\/fr\/#website\",\"url\":\"https:\/\/www.clsinfo.ca\/fr\/\",\"name\":\"CLS Info\",\"description\":\"\",\"potentialAction\":[{\"@type\":\"SearchAction\",\"target\":{\"@type\":\"EntryPoint\",\"urlTemplate\":\"https:\/\/www.clsinfo.ca\/fr\/?s={search_term_string}\"},\"query-input\":\"required name=search_term_string\"}],\"inLanguage\":\"fr-FR\"}]}<\/script>\n<!-- \/ Yoast SEO plugin. -->","yoast_head_json":{"title":"Global Restaurant - CLS Info","robots":{"index":"index","follow":"follow","max-snippet":"max-snippet:-1","max-image-preview":"max-image-preview:large","max-video-preview":"max-video-preview:-1"},"og_locale":"fr_CA","og_type":"article","og_title":"Global Restaurant - CLS Info","og_description":"\u00a0 \u00a0 PDV Restaurant Global Payments est une solution de point de vente infonuagique tout-en-un puissante, con\u00e7ue pour tous les types de restaurants. Cette solution simplifie l\u2019ensemble des activit\u00e9s de restauration, que ce soit \u00e0 la table, lors des livraisons, en cuisine, au kiosque libre-service, au comptoir ou en ligne, pour permettre aux propri\u00e9taires de &hellip; Continued","og_url":"https:\/\/www.clsinfo.ca\/fr\/solutions-logicielles-mobiles-restaurant-bar-cafeteria\/global-restaurant\/","og_site_name":"CLS Info","article_modified_time":"2022-02-16T17:00:27+00:00","og_image":[{"url":"https:\/\/www.clsinfo.ca\/wp-content\/uploads\/2022\/02\/2021-GP-Wordmark-Logo-300x44.png"}],"twitter_card":"summary_large_image","twitter_misc":{"Dur\u00e9e de lecture estim\u00e9e":"4 minutes"},"schema":{"@context":"https:\/\/schema.org","@graph":[{"@type":"WebPage","@id":"https:\/\/www.clsinfo.ca\/fr\/solutions-logicielles-mobiles-restaurant-bar-cafeteria\/global-restaurant\/","url":"https:\/\/www.clsinfo.ca\/fr\/solutions-logicielles-mobiles-restaurant-bar-cafeteria\/global-restaurant\/","name":"Global Restaurant - CLS Info","isPartOf":{"@id":"https:\/\/www.clsinfo.ca\/fr\/#website"},"primaryImageOfPage":{"@id":"https:\/\/www.clsinfo.ca\/fr\/solutions-logicielles-mobiles-restaurant-bar-cafeteria\/global-restaurant\/#primaryimage"},"image":{"@id":"https:\/\/www.clsinfo.ca\/fr\/solutions-logicielles-mobiles-restaurant-bar-cafeteria\/global-restaurant\/#primaryimage"},"thumbnailUrl":"https:\/\/www.clsinfo.ca\/wp-content\/uploads\/2022\/02\/2021-GP-Wordmark-Logo-300x44.png","datePublished":"2022-02-10T14:36:23+00:00","dateModified":"2022-02-16T17:00:27+00:00","breadcrumb":{"@id":"https:\/\/www.clsinfo.ca\/fr\/solutions-logicielles-mobiles-restaurant-bar-cafeteria\/global-restaurant\/#breadcrumb"},"inLanguage":"fr-FR","potentialAction":[{"@type":"ReadAction","target":["https:\/\/www.clsinfo.ca\/fr\/solutions-logicielles-mobiles-restaurant-bar-cafeteria\/global-restaurant\/"]}]},{"@type":"ImageObject","inLanguage":"fr-FR","@id":"https:\/\/www.clsinfo.ca\/fr\/solutions-logicielles-mobiles-restaurant-bar-cafeteria\/global-restaurant\/#primaryimage","url":"https:\/\/www.clsinfo.ca\/wp-content\/uploads\/2022\/02\/2021-GP-Wordmark-Logo-300x44.png","contentUrl":"https:\/\/www.clsinfo.ca\/wp-content\/uploads\/2022\/02\/2021-GP-Wordmark-Logo-300x44.png"},{"@type":"BreadcrumbList","@id":"https:\/\/www.clsinfo.ca\/fr\/solutions-logicielles-mobiles-restaurant-bar-cafeteria\/global-restaurant\/#breadcrumb","itemListElement":[{"@type":"ListItem","position":1,"name":"Accueil","item":"https:\/\/www.clsinfo.ca\/fr\/"},{"@type":"ListItem","position":2,"name":"Solutions","item":"https:\/\/www.clsinfo.ca\/fr\/solutions-logicielles-mobiles-restaurant-bar-cafeteria\/"},{"@type":"ListItem","position":3,"name":"Global restaurant"}]},{"@type":"WebSite","@id":"https:\/\/www.clsinfo.ca\/fr\/#website","url":"https:\/\/www.clsinfo.ca\/fr\/","name":"CLS Info","description":"","potentialAction":[{"@type":"SearchAction","target":{"@type":"EntryPoint","urlTemplate":"https:\/\/www.clsinfo.ca\/fr\/?s={search_term_string}"},"query-input":"required name=search_term_string"}],"inLanguage":"fr-FR"}]}},"_links":{"self":[{"href":"https:\/\/www.clsinfo.ca\/fr\/wp-json\/wp\/v2\/pages\/5102"}],"collection":[{"href":"https:\/\/www.clsinfo.ca\/fr\/wp-json\/wp\/v2\/pages"}],"about":[{"href":"https:\/\/www.clsinfo.ca\/fr\/wp-json\/wp\/v2\/types\/page"}],"author":[{"embeddable":true,"href":"https:\/\/www.clsinfo.ca\/fr\/wp-json\/wp\/v2\/users\/1"}],"replies":[{"embeddable":true,"href":"https:\/\/www.clsinfo.ca\/fr\/wp-json\/wp\/v2\/comments?post=5102"}],"version-history":[{"count":55,"href":"https:\/\/www.clsinfo.ca\/fr\/wp-json\/wp\/v2\/pages\/5102\/revisions"}],"predecessor-version":[{"id":5306,"href":"https:\/\/www.clsinfo.ca\/fr\/wp-json\/wp\/v2\/pages\/5102\/revisions\/5306"}],"up":[{"embeddable":true,"href":"https:\/\/www.clsinfo.ca\/fr\/wp-json\/wp\/v2\/pages\/4495"}],"wp:attachment":[{"href":"https:\/\/www.clsinfo.ca\/fr\/wp-json\/wp\/v2\/media?parent=5102"}],"curies":[{"name":"wp","href":"https:\/\/api.w.org\/{rel}","templated":true}]}}