{"id":6,"date":"2015-10-15T15:47:04","date_gmt":"2015-10-15T14:47:04","guid":{"rendered":"http:\/\/wp-base.eliappdrupal1.elisys-servers.ca\/fr\/?page_id=6"},"modified":"2017-06-05T09:54:38","modified_gmt":"2017-06-05T13:54:38","slug":"les-specialistes-des-pos-mev-caisses-enregistreuses-et-logiciels-pour-restaurants-bars-hotels-et-autres-industries","status":"publish","type":"page","link":"https:\/\/www.clsinfo.ca\/fr\/","title":{"rendered":"Les sp\u00e9cialistes des POS, MEV, caisses enregistreuses et logiciels pour restaurants, bars, h\u00f4tels et autres industries"},"content":{"rendered":"<p>CLS Info est une entreprise qui oeuvre dans les syst\u00e8mes POS (points de service). En tant que chef de file dans ce domaine depuis plus de 20 ans, nous nous engageons \u00e0 vous offrir un service personnalis\u00e9 et continu. Que vous soyez \u00e0 la recherche d&rsquo;un POS pour un restaurant, un bar ou un h\u00f4tel, nous avons la solution adapt\u00e9e aux besoins de votre secteur et \u00e0 votre budget. \u00c0 la fine pointe de la technologie, nous impl\u00e9mentons des solutions logicielles telles que POSiTouch et Volant\u00e9, qui sont reconnues pour leur fiabilit\u00e9 et leur commodit\u00e9. La simplicit\u00e9 de nos syst\u00e8mes permet de se familiariser rapidement avec les nouveaux \u00e9quipements, de gagner en efficacit\u00e9, de r\u00e9duire le temps de formation du personnel et d&rsquo;am\u00e9liorer l&rsquo;exp\u00e9rience client. Gr\u00e2ce \u00e0 notre vaste expertise, un large \u00e9ventail de solutions connexes est mis \u00e0 votre disposition. Par exemple, nous offrons des syst\u00e8mes de contr\u00f4le de boisson, des technologies mobiles, des tablettes et des pagettes, et le tout est compatible avec nos syst\u00e8mes int\u00e9gr\u00e9s.<\/p>\n<p>En plus de vous fournir des produits qui contribuent \u00e0 la gestion de vos activit\u00e9s et \u00e0 leur rentabilit\u00e9, nous nous assurons de la conformit\u00e9 de vos syst\u00e8mes. Selon les lois en vigueur au Qu\u00e9bec, toutes les entreprises de restauration doivent se munir d&rsquo;un MEV (module d&rsquo;enregistrement des ventes), et CLS Info, en tant qu&rsquo;installateur autoris\u00e9 par Revenu Qu\u00e9bec, se charge d&rsquo;int\u00e9grer cet appareil \u00e0 votre POS ou \u00e0 votre caisse enregistreuse.<\/p>\n<p>La satisfaction de nos clients est notre priorit\u00e9 \u00e0 chaque \u00e9tape du processus, de l&rsquo;analyse des besoins \u00e0 l&rsquo;installation compl\u00e8te de l&rsquo;\u00e9quipement. Situ\u00e9e \u00e0 Brossard et \u00e0 Montr\u00e9al, notre \u00e9quipe est fi\u00e8re de proposer des solutions technologiques innovantes \u00e0 l&rsquo;ensemble du Qu\u00e9bec.<\/p>\n","protected":false},"excerpt":{"rendered":"<p>est une entreprise qui oeuvre dans les syst\u00e8mes POS (points de service). En tant que chef de file dans ce domaine depuis plus de 20 ans, nous nous engageons \u00e0 vous offrir un service personnalis\u00e9 et continu. Que vous soyez \u00e0 la recherche d&rsquo;un POS pour un restaurant, un bar ou un h\u00f4tel, nous avons &hellip; <a href=\"https:\/\/www.clsinfo.ca\/fr\/\">Continued<\/a><\/p>\n","protected":false},"author":1,"featured_media":0,"parent":0,"menu_order":0,"comment_status":"closed","ping_status":"closed","template":"","meta":{"_acf_changed":false,"_custom_body_class":"","_custom_post_class":"","footnotes":""},"acf":[],"yoast_head":"<!-- This site is optimized with the Yoast SEO plugin v22.9 - https:\/\/yoast.com\/wordpress\/plugins\/seo\/ -->\n<title>Distributeur de POS, MEV et logiciels pour restaurants - CLS Info<\/title>\n<meta name=\"description\" content=\"CLS Info est votre distributeur d\u00e9sign\u00e9 pour la vente et l&#039;installation de solutions logicielles de type POS. D\u00e9couvrez comment nous pouvons optimiser vos services!\" \/>\n<meta name=\"robots\" content=\"index, follow, max-snippet:-1, max-image-preview:large, max-video-preview:-1\" \/>\n<meta property=\"og:locale\" content=\"fr_CA\" \/>\n<meta property=\"og:type\" content=\"article\" \/>\n<meta property=\"og:title\" content=\"Distributeur de POS, MEV et logiciels pour restaurants - CLS Info\" \/>\n<meta property=\"og:description\" content=\"CLS Info est votre distributeur d\u00e9sign\u00e9 pour la vente et l&#039;installation de solutions logicielles de type POS. D\u00e9couvrez comment nous pouvons optimiser vos services!\" \/>\n<meta property=\"og:url\" content=\"https:\/\/www.clsinfo.ca\/fr\/\" \/>\n<meta property=\"og:site_name\" content=\"CLS Info\" \/>\n<meta property=\"article:modified_time\" content=\"2017-06-05T13:54:38+00:00\" \/>\n<meta name=\"twitter:card\" content=\"summary_large_image\" \/>\n<meta name=\"twitter:label1\" content=\"Dur\u00e9e de lecture estim\u00e9e\" \/>\n\t<meta name=\"twitter:data1\" content=\"1 minute\" \/>\n<script type=\"application\/ld+json\" class=\"yoast-schema-graph\">{\"@context\":\"https:\/\/schema.org\",\"@graph\":[{\"@type\":\"WebPage\",\"@id\":\"https:\/\/www.clsinfo.ca\/fr\/\",\"url\":\"https:\/\/www.clsinfo.ca\/fr\/\",\"name\":\"Distributeur de POS, MEV et logiciels pour restaurants - CLS Info\",\"isPartOf\":{\"@id\":\"https:\/\/www.clsinfo.ca\/fr\/#website\"},\"datePublished\":\"2015-10-15T14:47:04+00:00\",\"dateModified\":\"2017-06-05T13:54:38+00:00\",\"description\":\"CLS Info est votre distributeur d\u00e9sign\u00e9 pour la vente et l'installation de solutions logicielles de type POS. D\u00e9couvrez comment nous pouvons optimiser vos services!\",\"breadcrumb\":{\"@id\":\"https:\/\/www.clsinfo.ca\/fr\/#breadcrumb\"},\"inLanguage\":\"fr-FR\",\"potentialAction\":[{\"@type\":\"ReadAction\",\"target\":[\"https:\/\/www.clsinfo.ca\/fr\/\"]}]},{\"@type\":\"BreadcrumbList\",\"@id\":\"https:\/\/www.clsinfo.ca\/fr\/#breadcrumb\",\"itemListElement\":[{\"@type\":\"ListItem\",\"position\":1,\"name\":\"Accueil\",\"item\":\"https:\/\/www.clsinfo.ca\/fr\/\"},{\"@type\":\"ListItem\",\"position\":2,\"name\":\"Les sp\u00e9cialistes des POS, MEV, caisses enregistreuses et logiciels pour restaurants, bars, h\u00f4tels et autres industries\"}]},{\"@type\":\"WebSite\",\"@id\":\"https:\/\/www.clsinfo.ca\/fr\/#website\",\"url\":\"https:\/\/www.clsinfo.ca\/fr\/\",\"name\":\"CLS Info\",\"description\":\"\",\"potentialAction\":[{\"@type\":\"SearchAction\",\"target\":{\"@type\":\"EntryPoint\",\"urlTemplate\":\"https:\/\/www.clsinfo.ca\/fr\/?s={search_term_string}\"},\"query-input\":\"required name=search_term_string\"}],\"inLanguage\":\"fr-FR\"}]}<\/script>\n<!-- \/ Yoast SEO plugin. -->","yoast_head_json":{"title":"Distributeur de POS, MEV et logiciels pour restaurants - CLS Info","description":"CLS Info est votre distributeur d\u00e9sign\u00e9 pour la vente et l'installation de solutions logicielles de type POS. D\u00e9couvrez comment nous pouvons optimiser vos services!","robots":{"index":"index","follow":"follow","max-snippet":"max-snippet:-1","max-image-preview":"max-image-preview:large","max-video-preview":"max-video-preview:-1"},"og_locale":"fr_CA","og_type":"article","og_title":"Distributeur de POS, MEV et logiciels pour restaurants - CLS Info","og_description":"CLS Info est votre distributeur d\u00e9sign\u00e9 pour la vente et l'installation de solutions logicielles de type POS. D\u00e9couvrez comment nous pouvons optimiser vos services!","og_url":"https:\/\/www.clsinfo.ca\/fr\/","og_site_name":"CLS Info","article_modified_time":"2017-06-05T13:54:38+00:00","twitter_card":"summary_large_image","twitter_misc":{"Dur\u00e9e de lecture estim\u00e9e":"1 minute"},"schema":{"@context":"https:\/\/schema.org","@graph":[{"@type":"WebPage","@id":"https:\/\/www.clsinfo.ca\/fr\/","url":"https:\/\/www.clsinfo.ca\/fr\/","name":"Distributeur de POS, MEV et logiciels pour restaurants - CLS Info","isPartOf":{"@id":"https:\/\/www.clsinfo.ca\/fr\/#website"},"datePublished":"2015-10-15T14:47:04+00:00","dateModified":"2017-06-05T13:54:38+00:00","description":"CLS Info est votre distributeur d\u00e9sign\u00e9 pour la vente et l'installation de solutions logicielles de type POS. D\u00e9couvrez comment nous pouvons optimiser vos services!","breadcrumb":{"@id":"https:\/\/www.clsinfo.ca\/fr\/#breadcrumb"},"inLanguage":"fr-FR","potentialAction":[{"@type":"ReadAction","target":["https:\/\/www.clsinfo.ca\/fr\/"]}]},{"@type":"BreadcrumbList","@id":"https:\/\/www.clsinfo.ca\/fr\/#breadcrumb","itemListElement":[{"@type":"ListItem","position":1,"name":"Accueil","item":"https:\/\/www.clsinfo.ca\/fr\/"},{"@type":"ListItem","position":2,"name":"Les sp\u00e9cialistes des POS, MEV, caisses enregistreuses et logiciels pour restaurants, bars, h\u00f4tels et autres industries"}]},{"@type":"WebSite","@id":"https:\/\/www.clsinfo.ca\/fr\/#website","url":"https:\/\/www.clsinfo.ca\/fr\/","name":"CLS Info","description":"","potentialAction":[{"@type":"SearchAction","target":{"@type":"EntryPoint","urlTemplate":"https:\/\/www.clsinfo.ca\/fr\/?s={search_term_string}"},"query-input":"required name=search_term_string"}],"inLanguage":"fr-FR"}]}},"_links":{"self":[{"href":"https:\/\/www.clsinfo.ca\/fr\/wp-json\/wp\/v2\/pages\/6"}],"collection":[{"href":"https:\/\/www.clsinfo.ca\/fr\/wp-json\/wp\/v2\/pages"}],"about":[{"href":"https:\/\/www.clsinfo.ca\/fr\/wp-json\/wp\/v2\/types\/page"}],"author":[{"embeddable":true,"href":"https:\/\/www.clsinfo.ca\/fr\/wp-json\/wp\/v2\/users\/1"}],"replies":[{"embeddable":true,"href":"https:\/\/www.clsinfo.ca\/fr\/wp-json\/wp\/v2\/comments?post=6"}],"version-history":[{"count":0,"href":"https:\/\/www.clsinfo.ca\/fr\/wp-json\/wp\/v2\/pages\/6\/revisions"}],"wp:attachment":[{"href":"https:\/\/www.clsinfo.ca\/fr\/wp-json\/wp\/v2\/media?parent=6"}],"curies":[{"name":"wp","href":"https:\/\/api.w.org\/{rel}","templated":true}]}}